{"id":90821,"date":"2024-03-20T16:32:53","date_gmt":"2024-03-20T15:32:53","guid":{"rendered":"https:\/\/kustomshop.kinsta.cloud\/produkt\/squad-gk-ls-jersey-m\/"},"modified":"2026-03-27T15:24:30","modified_gmt":"2026-03-27T14:24:30","slug":"squad-gk-ls-jersey-m","status":"publish","type":"product","link":"https:\/\/shop.kustom.ch\/en\/product\/squad-gk-ls-jersey-m\/","title":{"rendered":"Squad GK LS Jersey M"},"content":{"rendered":"<p>To keep the goal clean, the goalkeeper also needs a suitable outfit. Thanks to the elasticated material, the long-sleeved jersey offers optimum freedom of movement for every save, while elbow pads provide protection. Now all that's needed is your physical effort.<\/p>\n<p>Material: 100 % polyester<\/p>","protected":false},"excerpt":{"rendered":"<p>Damit das Tor sauber bleibt, braucht auch der Torh\u00fcter ein passendes Outfit. Das Langarmtrikot bietet, durch das elastische Material, bei jeder Parade optimale Bewegungsfreiheit, w\u00e4hrend Ellbogenpolster sch\u00fctzen. Jetzt ist nur noch dein K\u00f6rpereinsatz gefragt. Material: 100 % Polyester<\/p>","protected":false},"featured_media":247891,"template":"","meta":[],"product_brand":[],"product_cat":[4191],"product_tag":[],"class_list":{"0":"post-90821","1":"product","2":"type-product","3":"status-publish","4":"has-post-thumbnail","6":"product_cat-longsleeves-sweatshirts","7":"pa_brand-craft-teamwear","8":"pa_brand-type-sportswear","9":"pa_filter-color-gelb","10":"pa_filter-color-gruen","11":"pa_filter-color-pink","13":"first","14":"instock","15":"sale","16":"taxable","17":"shipping-taxable","18":"purchasable","19":"product-type-variable","20":"add-to-wishlist-before_image"},"exclude_global_add_ons":[],"addons":[],"acf":[],"_links":{"self":[{"href":"https:\/\/shop.kustom.ch\/en\/wp-json\/wp\/v2\/product\/90821"}],"collection":[{"href":"https:\/\/shop.kustom.ch\/en\/wp-json\/wp\/v2\/product"}],"about":[{"href":"https:\/\/shop.kustom.ch\/en\/wp-json\/wp\/v2\/types\/product"}],"wp:featuredmedia":[{"embeddable":true,"href":"https:\/\/shop.kustom.ch\/en\/wp-json\/wp\/v2\/media\/247891"}],"wp:attachment":[{"href":"https:\/\/shop.kustom.ch\/en\/wp-json\/wp\/v2\/media?parent=90821"}],"wp:term":[{"taxonomy":"product_brand","embeddable":true,"href":"https:\/\/shop.kustom.ch\/en\/wp-json\/wp\/v2\/product_brand?post=90821"},{"taxonomy":"product_cat","embeddable":true,"href":"https:\/\/shop.kustom.ch\/en\/wp-json\/wp\/v2\/product_cat?post=90821"},{"taxonomy":"product_tag","embeddable":true,"href":"https:\/\/shop.kustom.ch\/en\/wp-json\/wp\/v2\/product_tag?post=90821"}],"curies":[{"name":"wp","href":"https:\/\/api.w.org\/{rel}","templated":true}]}}