{"id":89498,"date":"2024-03-20T16:29:10","date_gmt":"2024-03-20T15:29:10","guid":{"rendered":"https:\/\/kustomshop.kinsta.cloud\/produkt\/progress-jersey-contrast-w\/"},"modified":"2026-03-27T15:09:09","modified_gmt":"2026-03-27T14:09:09","slug":"progress-jersey-contrast-w","status":"publish","type":"product","link":"https:\/\/shop.kustom.ch\/en\/product\/progress-jersey-contrast-w\/","title":{"rendered":"Progress Jersey Contrast W"},"content":{"rendered":"<p>Create contrasts with this jersey from Craft! Lightweight, elasticated material that guarantees fast and efficient moisture wicking. Special mesh inserts under the arms provide your body with additional pleasant ventilation. The modern V-neck is in a contrasting colour, as is the striped look on the side of the jersey.<\/p>\n<p>Material: 100 % polyester<\/p>","protected":false},"excerpt":{"rendered":"<p>Mit diesem Trikot von Craft setzt ihr Kontraste! Leichtes, elastisches Material, das einen schnellen und effizienten Abtransport von Feuchtigkeit garantiert. Spezielle Netzeins\u00e4tze unter den Armen bieten deinem K\u00f6rper zus\u00e4tzlich angenehme Bel\u00fcftung. Der moderne V-Ausschnitt ist farblich abgesetzt wie die seitliche Streifenoptik am Trikot. Material: 100 % Polyester<\/p>","protected":false},"featured_media":247693,"template":"","meta":[],"product_brand":[],"product_cat":[4201],"product_tag":[],"class_list":{"0":"post-89498","1":"product","2":"type-product","3":"status-publish","4":"has-post-thumbnail","6":"product_cat-t-shirts","7":"pa_brand-craft-teamwear","8":"pa_brand-type-sportswear","9":"pa_filter-color-blau","10":"pa_filter-color-gelb","11":"pa_filter-color-gruen","12":"pa_filter-color-rot","13":"pa_filter-color-schwarz","14":"pa_filter-color-weiss","16":"first","17":"instock","18":"sale","19":"taxable","20":"shipping-taxable","21":"purchasable","22":"product-type-variable","23":"add-to-wishlist-before_image"},"exclude_global_add_ons":[],"addons":[],"acf":[],"_links":{"self":[{"href":"https:\/\/shop.kustom.ch\/en\/wp-json\/wp\/v2\/product\/89498"}],"collection":[{"href":"https:\/\/shop.kustom.ch\/en\/wp-json\/wp\/v2\/product"}],"about":[{"href":"https:\/\/shop.kustom.ch\/en\/wp-json\/wp\/v2\/types\/product"}],"wp:featuredmedia":[{"embeddable":true,"href":"https:\/\/shop.kustom.ch\/en\/wp-json\/wp\/v2\/media\/247693"}],"wp:attachment":[{"href":"https:\/\/shop.kustom.ch\/en\/wp-json\/wp\/v2\/media?parent=89498"}],"wp:term":[{"taxonomy":"product_brand","embeddable":true,"href":"https:\/\/shop.kustom.ch\/en\/wp-json\/wp\/v2\/product_brand?post=89498"},{"taxonomy":"product_cat","embeddable":true,"href":"https:\/\/shop.kustom.ch\/en\/wp-json\/wp\/v2\/product_cat?post=89498"},{"taxonomy":"product_tag","embeddable":true,"href":"https:\/\/shop.kustom.ch\/en\/wp-json\/wp\/v2\/product_tag?post=89498"}],"curies":[{"name":"wp","href":"https:\/\/api.w.org\/{rel}","templated":true}]}}