{"id":88935,"date":"2024-03-20T16:27:35","date_gmt":"2024-03-20T15:27:35","guid":{"rendered":"https:\/\/kustomshop.kinsta.cloud\/produkt\/utility-jacket-m\/"},"modified":"2026-03-27T15:20:01","modified_gmt":"2026-03-27T14:20:01","slug":"utility-jacket-m","status":"publish","type":"product","link":"https:\/\/shop.kustom.ch\/en\/product\/utility-jacket-m\/","title":{"rendered":"Utility Jacket M"},"content":{"rendered":"<p>Wind and waterproof, lined jacket for extra warmth. The jacket has adjustable straps on the hood and waistband for an optimum fit. Soft fleece at the collar. In addition, the item has hand-warming zip pockets, two chest pockets, an internal storm flap along the front zip for improved wind protection and adjustable cuffs on the sleeves. Zip on the inside allows embroidery. Detachable hood.<br \/>\n- Wind and waterproof<br \/>\n-<\/p>\n<p>Material: 100% polyester<\/p>","protected":false},"excerpt":{"rendered":"<p>Wind- und wasserdichte, gef\u00fctterte Jacke f\u00fcr zus\u00e4tzliche W\u00e4rme. Die Jacke hat verstellbare Tr\u00e4ger an der Kapuze und am Bund f\u00fcr optimale Passform. Weiches Fleece am Kragen. Dar\u00fcber hinaus verf\u00fcgt der Artikel \u00fcber handw\u00e4rmende Reissverschlusstaschen, zwei Brusttaschen, eine innenliegende Sturmklappe entlang des Frontreissverschlusses f\u00fcr verbesserten Windschutz und verstellbare B\u00fcndchen an den \u00c4rmeln. Reissverschluss auf der Innenseite [&hellip;]<\/p>\n","protected":false},"featured_media":247622,"template":"","meta":[],"product_brand":[],"product_cat":[4186],"product_tag":[],"class_list":{"0":"post-88935","1":"product","2":"type-product","3":"status-publish","4":"has-post-thumbnail","6":"product_cat-jacken","7":"pa_brand-craft-retail-sportswear","8":"pa_brand-type-sportswear","9":"pa_filter-color-blau","10":"pa_filter-color-schwarz","12":"first","13":"instock","14":"sale","15":"taxable","16":"shipping-taxable","17":"purchasable","18":"product-type-variable","19":"add-to-wishlist-before_image"},"exclude_global_add_ons":[],"addons":[],"acf":[],"_links":{"self":[{"href":"https:\/\/shop.kustom.ch\/en\/wp-json\/wp\/v2\/product\/88935"}],"collection":[{"href":"https:\/\/shop.kustom.ch\/en\/wp-json\/wp\/v2\/product"}],"about":[{"href":"https:\/\/shop.kustom.ch\/en\/wp-json\/wp\/v2\/types\/product"}],"wp:featuredmedia":[{"embeddable":true,"href":"https:\/\/shop.kustom.ch\/en\/wp-json\/wp\/v2\/media\/247622"}],"wp:attachment":[{"href":"https:\/\/shop.kustom.ch\/en\/wp-json\/wp\/v2\/media?parent=88935"}],"wp:term":[{"taxonomy":"product_brand","embeddable":true,"href":"https:\/\/shop.kustom.ch\/en\/wp-json\/wp\/v2\/product_brand?post=88935"},{"taxonomy":"product_cat","embeddable":true,"href":"https:\/\/shop.kustom.ch\/en\/wp-json\/wp\/v2\/product_cat?post=88935"},{"taxonomy":"product_tag","embeddable":true,"href":"https:\/\/shop.kustom.ch\/en\/wp-json\/wp\/v2\/product_tag?post=88935"}],"curies":[{"name":"wp","href":"https:\/\/api.w.org\/{rel}","templated":true}]}}