{"id":88910,"date":"2024-03-20T16:27:25","date_gmt":"2024-03-20T15:27:25","guid":{"rendered":"https:\/\/kustomshop.kinsta.cloud\/produkt\/greatness-bike-shorts-m\/"},"modified":"2026-03-27T14:40:26","modified_gmt":"2026-03-27T13:40:26","slug":"greatness-bike-shorts-m","status":"publish","type":"product","link":"https:\/\/shop.kustom.ch\/en\/product\/greatness-bike-shorts-m\/","title":{"rendered":"Greatness Bike Shorts M"},"content":{"rendered":"<p>Elasticated shorts with seamless finish for wearing under cycling shorts, with C4 pad.<br \/>\n- Ergonomic fit for unrestricted freedom of movement<br \/>\n- Provides a pleasantly cool feeling. Lightweight 6-channel micropolyester fibre transports perspiration moisture to the outside for a pleasantly cool feeling<br \/>\n- Excellent moisture transport<br \/>\n- Ergonomic design for an optimal fit in the racing position<br \/>\n- Soft, elasticated leg ends with silicone logo<br \/>\n- Comfortable inner shorts for wearing under wide cycling shorts or additional padding under cycling shorts if required<br \/>\n- Infinity C4 Pad<\/p>\n<p>Material: 88% polyester, 12% elastane<\/p>","protected":false},"excerpt":{"rendered":"<p>Elastische Shorts mit nahtloser Verarbeitung zum Tragen unter der Radhose, mit C4 Pad. \u2022 Ergonomische Passform f\u00fcr uneingeschr\u00e4nkte Bewegungsfreiheit \u2022 Sorgt f\u00fcr ein angenehm k\u00fchles Gef\u00fchl. Leichte 6-kanalige Mikropolyester-Faser transportiert Schwitzfeuchtigkeit nach aussen f\u00fcr ein angenehm k\u00fchles Gef\u00fchl \u2022 Hervorragender Feuchtigkeitstransport \u2022 Ergonomisches Design f\u00fcr einen optimalen Sitz in Rennposition \u2022 Weiche, elastische Beinenden mit [&hellip;]<\/p>\n","protected":false},"featured_media":247619,"template":"","meta":[],"product_brand":[],"product_cat":[4198],"product_tag":[],"class_list":{"0":"post-88910","1":"product","2":"type-product","3":"status-publish","4":"has-post-thumbnail","6":"product_cat-shorts","7":"pa_brand-craft-retail-sportswear","8":"pa_brand-type-sportswear","9":"pa_filter-color-schwarz","10":"pa_filter-color-weiss","12":"first","13":"instock","14":"sale","15":"taxable","16":"shipping-taxable","17":"purchasable","18":"product-type-variable","19":"add-to-wishlist-before_image"},"exclude_global_add_ons":[],"addons":[],"acf":[],"_links":{"self":[{"href":"https:\/\/shop.kustom.ch\/en\/wp-json\/wp\/v2\/product\/88910"}],"collection":[{"href":"https:\/\/shop.kustom.ch\/en\/wp-json\/wp\/v2\/product"}],"about":[{"href":"https:\/\/shop.kustom.ch\/en\/wp-json\/wp\/v2\/types\/product"}],"wp:featuredmedia":[{"embeddable":true,"href":"https:\/\/shop.kustom.ch\/en\/wp-json\/wp\/v2\/media\/247619"}],"wp:attachment":[{"href":"https:\/\/shop.kustom.ch\/en\/wp-json\/wp\/v2\/media?parent=88910"}],"wp:term":[{"taxonomy":"product_brand","embeddable":true,"href":"https:\/\/shop.kustom.ch\/en\/wp-json\/wp\/v2\/product_brand?post=88910"},{"taxonomy":"product_cat","embeddable":true,"href":"https:\/\/shop.kustom.ch\/en\/wp-json\/wp\/v2\/product_cat?post=88910"},{"taxonomy":"product_tag","embeddable":true,"href":"https:\/\/shop.kustom.ch\/en\/wp-json\/wp\/v2\/product_tag?post=88910"}],"curies":[{"name":"wp","href":"https:\/\/api.w.org\/{rel}","templated":true}]}}