{"id":88851,"date":"2024-03-20T16:26:53","date_gmt":"2024-03-20T15:26:53","guid":{"rendered":"https:\/\/kustomshop.kinsta.cloud\/produkt\/craft-shelter-bootie\/"},"modified":"2026-03-27T13:50:33","modified_gmt":"2026-03-27T12:50:33","slug":"craft-shelter-bootie","status":"publish","type":"product","link":"https:\/\/shop.kustom.ch\/en\/product\/craft-shelter-bootie\/","title":{"rendered":"Craft Shelter Bootie"},"content":{"rendered":"<p>Elasticated, wind and waterproof overshoes with welded seams.<br \/>\n- All seams with waterproof tape on the inside<br \/>\n- Wind and waterproof material with brushed inside for perfect protection against cold and moisture<br \/>\n- Reflective prints for increased protection<br \/>\n- Velcro fastener at the top<br \/>\n- Neoprene front for extra warmth<br \/>\n- Reinforced heel and toe areas<br \/>\n- Permanently waterproof<br \/>\n- 3\/4 zip at the back<br \/>\n- Reflective buckle at the back for easy adjustment<br \/>\n-<\/p>\n<p>Material: Upper: 70% polyurethane, 20% polyester, 10% elastane, Mid: 100% neoprene, Back: 100% polyester<\/p>","protected":false},"excerpt":{"rendered":"<p>Elastische, wind- und wasserfeste \u00dcberschuhe mit verschweissten N\u00e4hten. \u2022 Alle N\u00e4hte mit wasserfestem Band auf der Innenseite \u2022 Wind- und wasserfestes Material mit angerauter Innenseite f\u00fcr perfekten K\u00e4lte- und Feuchtigkeitsschutz \u2022 Reflektierende Prints f\u00fcr erh\u00f6hten Schutz \u2022 Klettverschluss oben \u2022 Neopren vorne f\u00fcr zus\u00e4tzliche W\u00e4rme \u2022 Verst\u00e4rkte Fersen- und Zehenbereiche \u2022 Dauerhaft wasserfest \u2022 3\/4-Reissverschluss [&hellip;]<\/p>\n","protected":false},"featured_media":247608,"template":"","meta":[],"product_brand":[],"product_cat":[9643,4209],"product_tag":[],"class_list":{"0":"post-88851","1":"product","2":"type-product","3":"status-publish","4":"has-post-thumbnail","6":"product_cat-equipment","7":"product_cat-zubehoer","8":"pa_brand-craft-retail-sportswear","9":"pa_brand-type-sportswear","10":"pa_filter-color-schwarz","12":"first","13":"instock","14":"sale","15":"taxable","16":"shipping-taxable","17":"purchasable","18":"product-type-variable","19":"add-to-wishlist-before_image"},"exclude_global_add_ons":[],"addons":[],"acf":[],"_links":{"self":[{"href":"https:\/\/shop.kustom.ch\/en\/wp-json\/wp\/v2\/product\/88851"}],"collection":[{"href":"https:\/\/shop.kustom.ch\/en\/wp-json\/wp\/v2\/product"}],"about":[{"href":"https:\/\/shop.kustom.ch\/en\/wp-json\/wp\/v2\/types\/product"}],"wp:featuredmedia":[{"embeddable":true,"href":"https:\/\/shop.kustom.ch\/en\/wp-json\/wp\/v2\/media\/247608"}],"wp:attachment":[{"href":"https:\/\/shop.kustom.ch\/en\/wp-json\/wp\/v2\/media?parent=88851"}],"wp:term":[{"taxonomy":"product_brand","embeddable":true,"href":"https:\/\/shop.kustom.ch\/en\/wp-json\/wp\/v2\/product_brand?post=88851"},{"taxonomy":"product_cat","embeddable":true,"href":"https:\/\/shop.kustom.ch\/en\/wp-json\/wp\/v2\/product_cat?post=88851"},{"taxonomy":"product_tag","embeddable":true,"href":"https:\/\/shop.kustom.ch\/en\/wp-json\/wp\/v2\/product_tag?post=88851"}],"curies":[{"name":"wp","href":"https:\/\/api.w.org\/{rel}","templated":true}]}}