{"id":88748,"date":"2024-03-20T16:26:20","date_gmt":"2024-03-20T15:26:20","guid":{"rendered":"https:\/\/kustomshop.kinsta.cloud\/produkt\/adv-hybrid-weather-glove\/"},"modified":"2026-04-16T07:32:52","modified_gmt":"2026-04-16T06:32:52","slug":"adv-hybrid-weather-glove","status":"publish","type":"product","link":"https:\/\/shop.kustom.ch\/en\/product\/adv-hybrid-weather-glove\/","title":{"rendered":"ADV Hybrid Weather Glove"},"content":{"rendered":"<p>2-in-1 gloves with a brushed inside and wind- and waterproof outer material.<br \/>\n- 2-in-1 gloves<br \/>\n- Brushed inside for extra warmth and increased comfort<br \/>\n- Wind and waterproof outer material<br \/>\n- Elastic material<br \/>\n- Silicone coating on the palms for optimum grip<br \/>\n- Touchscreen-compatible embroidery<br \/>\n- Soft terry cloth on the thumb<\/p>\n<p>Material: Inside: 87% recycled polyester 13% elastane, Top: Front 100% polyester Centre: Polyurethane<\/p>","protected":false},"excerpt":{"rendered":"<p>2-in-1-Handschuhe mit angerauter Innenseite und wind- und wasserfestem Aussenmaterial. \u2022 2-in-1-Handschuhe \u2022 Angeraute Innenseite f\u00fcr zus\u00e4tzliche W\u00e4rme und erh\u00f6hten Komfort \u2022 Wind- und wasserfestes Aussenmaterial \u2022 Elastisches Material \u2022 Silikonbeschichtung auf den Handinnenseiten f\u00fcr optimalen Grip \u2022 Touchscreen-kompatible Stickerei \u2022 Weiches Frottee beim Daumen Material: Innenseite: 87% Recycling-Polyester 13% Elasthan, Oben: Vorne 100% Polyester Mitte: [&hellip;]<\/p>\n","protected":false},"featured_media":247590,"template":"","meta":[],"product_brand":[],"product_cat":[4180],"product_tag":[],"class_list":{"0":"post-88748","1":"product","2":"type-product","3":"status-publish","4":"has-post-thumbnail","6":"product_cat-handschuhe","7":"pa_brand-craft-retail-sportswear","8":"pa_brand-type-sportswear","9":"pa_filter-color-gelb","10":"pa_filter-color-grau","11":"pa_filter-color-schwarz","13":"first","14":"instock","15":"sale","16":"taxable","17":"shipping-taxable","18":"purchasable","19":"product-type-variable","20":"add-to-wishlist-before_image"},"exclude_global_add_ons":[],"addons":[],"acf":[],"_links":{"self":[{"href":"https:\/\/shop.kustom.ch\/en\/wp-json\/wp\/v2\/product\/88748"}],"collection":[{"href":"https:\/\/shop.kustom.ch\/en\/wp-json\/wp\/v2\/product"}],"about":[{"href":"https:\/\/shop.kustom.ch\/en\/wp-json\/wp\/v2\/types\/product"}],"wp:featuredmedia":[{"embeddable":true,"href":"https:\/\/shop.kustom.ch\/en\/wp-json\/wp\/v2\/media\/247590"}],"wp:attachment":[{"href":"https:\/\/shop.kustom.ch\/en\/wp-json\/wp\/v2\/media?parent=88748"}],"wp:term":[{"taxonomy":"product_brand","embeddable":true,"href":"https:\/\/shop.kustom.ch\/en\/wp-json\/wp\/v2\/product_brand?post=88748"},{"taxonomy":"product_cat","embeddable":true,"href":"https:\/\/shop.kustom.ch\/en\/wp-json\/wp\/v2\/product_cat?post=88748"},{"taxonomy":"product_tag","embeddable":true,"href":"https:\/\/shop.kustom.ch\/en\/wp-json\/wp\/v2\/product_tag?post=88748"}],"curies":[{"name":"wp","href":"https:\/\/api.w.org\/{rel}","templated":true}]}}