{"id":741048,"date":"2026-04-16T10:20:16","date_gmt":"2026-04-16T09:20:16","guid":{"rendered":"https:\/\/shop.kustom.ch\/?post_type=product&#038;p=741048"},"modified":"2026-04-16T10:21:17","modified_gmt":"2026-04-16T09:21:17","slug":"core-essence-warm-tights-m","status":"publish","type":"product","link":"https:\/\/shop.kustom.ch\/en\/product\/core-essence-warm-tights-m\/","title":{"rendered":"Core Essence Warm Tights M"},"content":{"rendered":"<p>Core Essence Warm Tights sind funktionelle Trainingshosen, die Sie w\u00e4hrend intensiver Trainingseinheiten bei kalten Bedingungen warm halten. <\/p>\n<p>Diese vielseitigen Strumpfhosen bestehen aus einem weichen Jerseystoff mit geb\u00fcrsteter Innenseite, der f\u00fcr hervorragende W\u00e4rme und Komfort sorgt. Die Strumpfhosen verf\u00fcgen ausserdem \u00fcber einen elastischen Bund mit Kordelzug f\u00fcr eine verstellbare, perfekte Passform. Geeignet f\u00fcr eine Vielzahl k\u00f6rperlicher Aktivit\u00e4ten wie Laufen, Langlauf und \u00e4hnliche Trainingseinheiten im Freien.<\/p>\n<p>\u2022 Weicher Jerseystoff aus recyceltem Polyester und Elasthan<br \/>\n\u2022 Innenseite geb\u00fcrstet f\u00fcr zus\u00e4tzliche W\u00e4rme und Komfort<br \/>\n- Elasticated waistband with adjustable drawstring<br \/>\n- Key pocket<\/p>\n<p>Material: 88% recycled polyester, 12% elastane<\/p>","protected":false},"excerpt":{"rendered":"<p>Core Essence Warm Tights sind funktionelle Trainingshosen, die Sie w\u00e4hrend intensiver Trainingseinheiten bei kalten Bedingungen warm halten. Diese vielseitigen Strumpfhosen bestehen aus einem weichen Jerseystoff mit geb\u00fcrsteter Innenseite, der f\u00fcr hervorragende W\u00e4rme und Komfort sorgt. Die Strumpfhosen verf\u00fcgen ausserdem \u00fcber einen elastischen Bund mit Kordelzug f\u00fcr eine verstellbare, perfekte Passform. Geeignet f\u00fcr eine Vielzahl k\u00f6rperlicher [&hellip;]<\/p>\n","protected":false},"featured_media":741122,"template":"","meta":[],"product_brand":[],"product_cat":[4190],"product_tag":[],"class_list":{"0":"post-741048","1":"product","2":"type-product","3":"status-publish","4":"has-post-thumbnail","6":"product_cat-leggings","7":"pa_brand-craft","8":"pa_brand-type-sportswear","9":"pa_filter-color-schwarz","11":"first","12":"instock","13":"sale","14":"taxable","15":"shipping-taxable","16":"purchasable","17":"product-type-variable","18":"add-to-wishlist-before_image"},"exclude_global_add_ons":[],"addons":[],"acf":[],"_links":{"self":[{"href":"https:\/\/shop.kustom.ch\/en\/wp-json\/wp\/v2\/product\/741048"}],"collection":[{"href":"https:\/\/shop.kustom.ch\/en\/wp-json\/wp\/v2\/product"}],"about":[{"href":"https:\/\/shop.kustom.ch\/en\/wp-json\/wp\/v2\/types\/product"}],"wp:featuredmedia":[{"embeddable":true,"href":"https:\/\/shop.kustom.ch\/en\/wp-json\/wp\/v2\/media\/741122"}],"wp:attachment":[{"href":"https:\/\/shop.kustom.ch\/en\/wp-json\/wp\/v2\/media?parent=741048"}],"wp:term":[{"taxonomy":"product_brand","embeddable":true,"href":"https:\/\/shop.kustom.ch\/en\/wp-json\/wp\/v2\/product_brand?post=741048"},{"taxonomy":"product_cat","embeddable":true,"href":"https:\/\/shop.kustom.ch\/en\/wp-json\/wp\/v2\/product_cat?post=741048"},{"taxonomy":"product_tag","embeddable":true,"href":"https:\/\/shop.kustom.ch\/en\/wp-json\/wp\/v2\/product_tag?post=741048"}],"curies":[{"name":"wp","href":"https:\/\/api.w.org\/{rel}","templated":true}]}}