{"id":740923,"date":"2026-04-16T10:19:02","date_gmt":"2026-04-16T09:19:02","guid":{"rendered":"https:\/\/shop.kustom.ch\/?post_type=product&#038;p=740923"},"modified":"2026-04-16T10:19:40","modified_gmt":"2026-04-16T09:19:40","slug":"adv-essence-warm-tights-3-w","status":"publish","type":"product","link":"https:\/\/shop.kustom.ch\/en\/product\/adv-essence-warm-tights-3-w\/","title":{"rendered":"ADV Essence Warm Tights 3 W"},"content":{"rendered":"<p>Adv Essence Warm Tights 3 sind hochfunktionelle Trainingshosen, die Sie bei intensiven Trainingseinheiten bei kalten Bedingungen warm halten.<\/p>\n<p>Die hochentwickelten Strumpfhosen bestehen aus einem weichen und funktionellen Jerseystoff mit leicht geb\u00fcrsteter Innenseite f\u00fcr zus\u00e4tzliche W\u00e4rme und Komfort. Das aktualisierte Design bietet verbesserte Elastizit\u00e4t und Pullback sowie ein mattes Finish f\u00fcr einen eleganten Look. Dar\u00fcber hinaus verf\u00fcgt die Strumpfhose \u00fcber einen elastischen Bund mit verstellbarem Kordelzug f\u00fcr optimale Passform und zwei Beintaschen. An wirklich kalten Wintertagen k\u00f6nnen die Strumpfhosen f\u00fcr zus\u00e4tzliche Isolierung und W\u00e4rme unter einer Windhose getragen werden.<\/p>\n<p>\u2022 Weicher, elastischer und funktioneller Jerseystoff aus recyceltem Polyester und Elasthan<br \/>\n\u2022 Innenseite leicht geb\u00fcrstet f\u00fcr zus\u00e4tzliche W\u00e4rme und Komfort<br \/>\n\u2022 Bund mit verstellbarem Kordelzug innen<br \/>\n\u2022 Taschen auf beiden Seiten<br \/>\n- Mid-rise waist<br \/>\n- Reflective elements<\/p>\n<p>Material: Main 77% Recycelter Polyester, 23% Elastan, Lining 82% Recyceltes Polyamid, 18% Elastan<\/p>","protected":false},"excerpt":{"rendered":"<p>Adv Essence Warm Tights 3 sind hochfunktionelle Trainingshosen, die Sie bei intensiven Trainingseinheiten bei kalten Bedingungen warm halten. Die hochentwickelten Strumpfhosen bestehen aus einem weichen und funktionellen Jerseystoff mit leicht geb\u00fcrsteter Innenseite f\u00fcr zus\u00e4tzliche W\u00e4rme und Komfort. Das aktualisierte Design bietet verbesserte Elastizit\u00e4t und Pullback sowie ein mattes Finish f\u00fcr einen eleganten Look. Dar\u00fcber hinaus [&hellip;]<\/p>\n","protected":false},"featured_media":740952,"template":"","meta":[],"product_brand":[],"product_cat":[4190],"product_tag":[],"class_list":{"0":"post-740923","1":"product","2":"type-product","3":"status-publish","4":"has-post-thumbnail","6":"product_cat-leggings","7":"pa_brand-craft","8":"pa_brand-type-sportswear","9":"pa_filter-color-blau","10":"pa_filter-color-braun","11":"pa_filter-color-gruen","12":"pa_filter-color-schwarz","14":"first","15":"instock","16":"sale","17":"taxable","18":"shipping-taxable","19":"purchasable","20":"product-type-variable","21":"add-to-wishlist-before_image"},"exclude_global_add_ons":[],"addons":[],"acf":[],"_links":{"self":[{"href":"https:\/\/shop.kustom.ch\/en\/wp-json\/wp\/v2\/product\/740923"}],"collection":[{"href":"https:\/\/shop.kustom.ch\/en\/wp-json\/wp\/v2\/product"}],"about":[{"href":"https:\/\/shop.kustom.ch\/en\/wp-json\/wp\/v2\/types\/product"}],"wp:featuredmedia":[{"embeddable":true,"href":"https:\/\/shop.kustom.ch\/en\/wp-json\/wp\/v2\/media\/740952"}],"wp:attachment":[{"href":"https:\/\/shop.kustom.ch\/en\/wp-json\/wp\/v2\/media?parent=740923"}],"wp:term":[{"taxonomy":"product_brand","embeddable":true,"href":"https:\/\/shop.kustom.ch\/en\/wp-json\/wp\/v2\/product_brand?post=740923"},{"taxonomy":"product_cat","embeddable":true,"href":"https:\/\/shop.kustom.ch\/en\/wp-json\/wp\/v2\/product_cat?post=740923"},{"taxonomy":"product_tag","embeddable":true,"href":"https:\/\/shop.kustom.ch\/en\/wp-json\/wp\/v2\/product_tag?post=740923"}],"curies":[{"name":"wp","href":"https:\/\/api.w.org\/{rel}","templated":true}]}}