{"id":740877,"date":"2026-04-16T10:18:34","date_gmt":"2026-04-16T09:18:34","guid":{"rendered":"https:\/\/shop.kustom.ch\/?post_type=product&#038;p=740877"},"modified":"2026-04-16T10:19:22","modified_gmt":"2026-04-16T09:19:22","slug":"frequent-hz-sweatshirt-w","status":"publish","type":"product","link":"https:\/\/shop.kustom.ch\/en\/product\/frequent-hz-sweatshirt-w\/","title":{"rendered":"Frequent HZ Sweatshirt W"},"content":{"rendered":"<p>Das Frequent HZ Sweatshirt ist ein locker sitzendes Sweatshirt mit halbem Reissverschluss f\u00fcr den Alltag.<\/p>\n<p>Dieses l\u00e4ssige, vielseitige Sweatshirt besteht aus einem schweren Baumwollstoff mit Loopback, der kleine Schlaufen auf der R\u00fcckseite des Stoffes aufweist. Perfekt f\u00fcr das Branding mit Vereins-, Sponsoren- oder Firmenlogos.<\/p>\n<p>\u2022 Hergestellt aus 100 % Bio-Baumwolle (380 gsm)<br \/>\n\u2022 Loopback-Gewebe<br \/>\n- Ribbed neck, cuffs and hem<br \/>\n- Relaxed fit<\/p>\n<p>Material: Main 100% Bio-Baumwolle, Cuff 95% Bio-Baumwolle, 5% Elastan<\/p>","protected":false},"excerpt":{"rendered":"<p>Das Frequent HZ Sweatshirt ist ein locker sitzendes Sweatshirt mit halbem Reissverschluss f\u00fcr den Alltag. Dieses l\u00e4ssige, vielseitige Sweatshirt besteht aus einem schweren Baumwollstoff mit Loopback, der kleine Schlaufen auf der R\u00fcckseite des Stoffes aufweist. Perfekt f\u00fcr das Branding mit Vereins-, Sponsoren- oder Firmenlogos. \u2022 Hergestellt aus 100 % Bio-Baumwolle (380 gsm) \u2022 Loopback-Gewebe \u2022 [&hellip;]<\/p>\n","protected":false},"featured_media":740914,"template":"","meta":[],"product_brand":[],"product_cat":[4191],"product_tag":[],"class_list":{"0":"post-740877","1":"product","2":"type-product","3":"status-publish","4":"has-post-thumbnail","6":"product_cat-longsleeves-sweatshirts","7":"pa_brand-craft","8":"pa_brand-type-sportswear","9":"pa_filter-color-blau","10":"pa_filter-color-braun","11":"pa_filter-color-schwarz","13":"first","14":"instock","15":"sale","16":"taxable","17":"shipping-taxable","18":"purchasable","19":"product-type-variable","20":"add-to-wishlist-before_image"},"exclude_global_add_ons":[],"addons":[],"acf":[],"_links":{"self":[{"href":"https:\/\/shop.kustom.ch\/en\/wp-json\/wp\/v2\/product\/740877"}],"collection":[{"href":"https:\/\/shop.kustom.ch\/en\/wp-json\/wp\/v2\/product"}],"about":[{"href":"https:\/\/shop.kustom.ch\/en\/wp-json\/wp\/v2\/types\/product"}],"wp:featuredmedia":[{"embeddable":true,"href":"https:\/\/shop.kustom.ch\/en\/wp-json\/wp\/v2\/media\/740914"}],"wp:attachment":[{"href":"https:\/\/shop.kustom.ch\/en\/wp-json\/wp\/v2\/media?parent=740877"}],"wp:term":[{"taxonomy":"product_brand","embeddable":true,"href":"https:\/\/shop.kustom.ch\/en\/wp-json\/wp\/v2\/product_brand?post=740877"},{"taxonomy":"product_cat","embeddable":true,"href":"https:\/\/shop.kustom.ch\/en\/wp-json\/wp\/v2\/product_cat?post=740877"},{"taxonomy":"product_tag","embeddable":true,"href":"https:\/\/shop.kustom.ch\/en\/wp-json\/wp\/v2\/product_tag?post=740877"}],"curies":[{"name":"wp","href":"https:\/\/api.w.org\/{rel}","templated":true}]}}