{"id":740533,"date":"2026-04-16T10:14:52","date_gmt":"2026-04-16T09:14:52","guid":{"rendered":"https:\/\/shop.kustom.ch\/?post_type=product&#038;p=740533"},"modified":"2026-04-16T10:15:36","modified_gmt":"2026-04-16T09:15:36","slug":"frequent-hoodie-w","status":"publish","type":"product","link":"https:\/\/shop.kustom.ch\/en\/product\/frequent-hoodie-w\/","title":{"rendered":"Frequent Hoodie W"},"content":{"rendered":"<p>Der Frequent Hoodie ist ein locker sitzender Kapuzenpullover f\u00fcr den Alltag.<\/p>\n<p>Dieser l\u00e4ssige, vielseitige Hoodie ist aus einem schweren Baumwollstoff mit Loopback gefertigt, der auf der R\u00fcckseite des Stoffes kleine Schlaufen aufweist. Es verf\u00fcgt ausserdem \u00fcber einen Kordelzug an der Kapuze f\u00fcr eine verstellbare Passform und zwei praktische Seitentaschen, sodass es sowohl praktisch als auch stilvoll ist und sich den ganzen Tag \u00fcber tragen l\u00e4sst. Perfekt f\u00fcr das Branding mit Vereins-, Sponsoren- oder Firmenlogos.<\/p>\n<p>\u2022 Hergestellt aus 100 % Bio-Baumwolle (380 gsm)<br \/>\n\u2022 Loopback-Gewebe<br \/>\n- Hood with drawstring<br \/>\n\u2022 Rippe am B\u00fcndchen und am unteren Saum<br \/>\n- Two side pockets<br \/>\n- Relaxed fit<\/p>\n<p>Material: Main 100% Bio-Baumwolle, Cuff 95% Bio-Baumwolle, 5% Elastan<\/p>","protected":false},"excerpt":{"rendered":"<p>Der Frequent Hoodie ist ein locker sitzender Kapuzenpullover f\u00fcr den Alltag. Dieser l\u00e4ssige, vielseitige Hoodie ist aus einem schweren Baumwollstoff mit Loopback gefertigt, der auf der R\u00fcckseite des Stoffes kleine Schlaufen aufweist. Es verf\u00fcgt ausserdem \u00fcber einen Kordelzug an der Kapuze f\u00fcr eine verstellbare Passform und zwei praktische Seitentaschen, sodass es sowohl praktisch als auch [&hellip;]<\/p>\n","protected":false},"featured_media":740550,"template":"","meta":[],"product_brand":[],"product_cat":[4184],"product_tag":[],"class_list":{"0":"post-740533","1":"product","2":"type-product","3":"status-publish","4":"has-post-thumbnail","6":"product_cat-hoodies-pullover","7":"pa_brand-craft","8":"pa_brand-type-sportswear","9":"pa_filter-color-blau","10":"pa_filter-color-braun","11":"pa_filter-color-rot","12":"pa_filter-color-schwarz","14":"first","15":"instock","16":"sale","17":"taxable","18":"shipping-taxable","19":"purchasable","20":"product-type-variable","21":"add-to-wishlist-before_image"},"exclude_global_add_ons":[],"addons":[],"acf":[],"_links":{"self":[{"href":"https:\/\/shop.kustom.ch\/en\/wp-json\/wp\/v2\/product\/740533"}],"collection":[{"href":"https:\/\/shop.kustom.ch\/en\/wp-json\/wp\/v2\/product"}],"about":[{"href":"https:\/\/shop.kustom.ch\/en\/wp-json\/wp\/v2\/types\/product"}],"wp:featuredmedia":[{"embeddable":true,"href":"https:\/\/shop.kustom.ch\/en\/wp-json\/wp\/v2\/media\/740550"}],"wp:attachment":[{"href":"https:\/\/shop.kustom.ch\/en\/wp-json\/wp\/v2\/media?parent=740533"}],"wp:term":[{"taxonomy":"product_brand","embeddable":true,"href":"https:\/\/shop.kustom.ch\/en\/wp-json\/wp\/v2\/product_brand?post=740533"},{"taxonomy":"product_cat","embeddable":true,"href":"https:\/\/shop.kustom.ch\/en\/wp-json\/wp\/v2\/product_cat?post=740533"},{"taxonomy":"product_tag","embeddable":true,"href":"https:\/\/shop.kustom.ch\/en\/wp-json\/wp\/v2\/product_tag?post=740533"}],"curies":[{"name":"wp","href":"https:\/\/api.w.org\/{rel}","templated":true}]}}