{"id":739812,"date":"2026-04-16T10:07:31","date_gmt":"2026-04-16T09:07:31","guid":{"rendered":"https:\/\/shop.kustom.ch\/?post_type=product&#038;p=739812"},"modified":"2026-04-16T10:08:20","modified_gmt":"2026-04-16T09:08:20","slug":"adv-essence-warm-vest-2-m","status":"publish","type":"product","link":"https:\/\/shop.kustom.ch\/en\/product\/adv-essence-warm-vest-2-m\/","title":{"rendered":"ADV Essence Warm Vest 2 M"},"content":{"rendered":"<p>The Adv Essence Warm Vest 2 is a warm multisport waistcoat that is perfect for wearing over or under your clothes when training in autumn and winter. <\/p>\n<p>Diese vielseitige Trainingsweste verf\u00fcgt \u00fcber eine leichte Isolierung vorne und oben am R\u00fccken, geb\u00fcrstetes Fleece auf der R\u00fcckseite und elastisches Jersey an den Seiten f\u00fcr optimale Bewegungsfreiheit. Dar\u00fcber hinaus verf\u00fcgt die Weste \u00fcber einen Gummizug in der Taille f\u00fcr optimale Passform und zwei Seitentaschen mit Reissverschluss. Hergestellt aus recycelten Stoffen.<\/p>\n<p>\u2022 Recycelte Stoffe<br \/>\n\u2022 Leichte Polyesterisolierung an der Vorderseite und am oberen R\u00fccken f\u00fcr W\u00e4rme und Komfort<br \/>\n\u2022 Funktionelles Fleecegewebe mit geb\u00fcrsteter Innenseite und glatter Oberfl\u00e4che auf der R\u00fcckseite<br \/>\n\u2022 Elastischer Jersey an den Seiten f\u00fcr optimale Bewegungsfreiheit<br \/>\n\u2022 Gummizug in der Taille f\u00fcr optimale Passform<br \/>\n\u2022 Zwei Seitentaschen (eine mit Reissverschluss)<br \/>\n- Reflective elements<br \/>\n- Normal cut<\/p>\n<p>Material: Front Body 86% Recyceltes Polyamid, 14% Elastan, Padding 100% Recycelter Polyester, Back Body 77% Recycelter Polyester, 23% Elastan<\/p>","protected":false},"excerpt":{"rendered":"<p>Die Adv Essence Warm Vest 2 ist eine warme Multisportweste, die sich perfekt zum \u00dcber- oder Unterziehen beim Training im Herbst und Winter eignet. Diese vielseitige Trainingsweste verf\u00fcgt \u00fcber eine leichte Isolierung vorne und oben am R\u00fccken, geb\u00fcrstetes Fleece auf der R\u00fcckseite und elastisches Jersey an den Seiten f\u00fcr optimale Bewegungsfreiheit. Dar\u00fcber hinaus verf\u00fcgt die [&hellip;]<\/p>\n","protected":false},"featured_media":739839,"template":"","meta":[],"product_brand":[],"product_cat":[4208],"product_tag":[],"class_list":{"0":"post-739812","1":"product","2":"type-product","3":"status-publish","4":"has-post-thumbnail","6":"product_cat-westen","7":"pa_brand-craft","8":"pa_brand-type-sportswear","9":"pa_filter-color-blau","10":"pa_filter-color-gruen","11":"pa_filter-color-schwarz","13":"first","14":"instock","15":"sale","16":"taxable","17":"shipping-taxable","18":"purchasable","19":"product-type-variable","20":"add-to-wishlist-before_image"},"exclude_global_add_ons":[],"addons":[],"acf":[],"_links":{"self":[{"href":"https:\/\/shop.kustom.ch\/en\/wp-json\/wp\/v2\/product\/739812"}],"collection":[{"href":"https:\/\/shop.kustom.ch\/en\/wp-json\/wp\/v2\/product"}],"about":[{"href":"https:\/\/shop.kustom.ch\/en\/wp-json\/wp\/v2\/types\/product"}],"wp:featuredmedia":[{"embeddable":true,"href":"https:\/\/shop.kustom.ch\/en\/wp-json\/wp\/v2\/media\/739839"}],"wp:attachment":[{"href":"https:\/\/shop.kustom.ch\/en\/wp-json\/wp\/v2\/media?parent=739812"}],"wp:term":[{"taxonomy":"product_brand","embeddable":true,"href":"https:\/\/shop.kustom.ch\/en\/wp-json\/wp\/v2\/product_brand?post=739812"},{"taxonomy":"product_cat","embeddable":true,"href":"https:\/\/shop.kustom.ch\/en\/wp-json\/wp\/v2\/product_cat?post=739812"},{"taxonomy":"product_tag","embeddable":true,"href":"https:\/\/shop.kustom.ch\/en\/wp-json\/wp\/v2\/product_tag?post=739812"}],"curies":[{"name":"wp","href":"https:\/\/api.w.org\/{rel}","templated":true}]}}