{"id":739709,"date":"2026-04-16T10:06:14","date_gmt":"2026-04-16T09:06:14","guid":{"rendered":"https:\/\/shop.kustom.ch\/?post_type=product&#038;p=739709"},"modified":"2026-04-16T10:07:27","modified_gmt":"2026-04-16T09:07:27","slug":"active-comfort-pants-2-w","status":"publish","type":"product","link":"https:\/\/shop.kustom.ch\/en\/product\/active-comfort-pants-2-w\/","title":{"rendered":"Active Comfort Pants 2 W"},"content":{"rendered":"<p>Active Comfort Pants 2 sind weiche und funktionelle Baselayer-Hosen, die sich f\u00fcr fast jede Aktivit\u00e4t eignen, vom t\u00e4glichen Training bis hin zum alpinen Skifahren, Trekking und entspannten Apr\u00e8s-Ski. Jetzt aus 100 % recycelten Materialien hergestellt.<\/p>\n<p>This versatile and extremely comfortable base layer is made from 100% recycled polyamide and polyester, a soft and functional blend that provides both warmth and efficient moisture transport. In addition, the garment has few seams and a body-hugging structure for improved thermoregulation. If you only need one base layer for all your training sessions and physical activities, this is the one.<\/p>\n<p>- Soft and functional fabric, partly made from 100 % recycled materials<br \/>\n- Body mapping structure for improved heat regulation<br \/>\n- Few seams for optimum comfort<br \/>\n- Flatlock seams that follow the body's movements<\/p>\n<p>Material: 75% Recycled polyamide, 25% Recycled polyester<\/p>","protected":false},"excerpt":{"rendered":"<p>Active Comfort Pants 2 sind weiche und funktionelle Baselayer-Hosen, die sich f\u00fcr fast jede Aktivit\u00e4t eignen, vom t\u00e4glichen Training bis hin zum alpinen Skifahren, Trekking und entspannten Apr\u00e8s-Ski. Jetzt aus 100 % recycelten Materialien hergestellt. Dieser vielseitige und \u00e4usserst komfortable Baselayer besteht aus 100% recyceltem Polyamid und Polyester, einer weichen und funktionellen Mischung, die sowohl [&hellip;]<\/p>\n","protected":false},"featured_media":739786,"template":"","meta":[],"product_brand":[],"product_cat":[4185],"product_tag":[],"class_list":{"0":"post-739709","1":"product","2":"type-product","3":"status-publish","4":"has-post-thumbnail","6":"product_cat-hosen","7":"pa_brand-craft","8":"pa_brand-type-sportswear","9":"pa_filter-color-schwarz","11":"first","12":"instock","13":"sale","14":"taxable","15":"shipping-taxable","16":"purchasable","17":"product-type-variable","18":"add-to-wishlist-before_image"},"exclude_global_add_ons":[],"addons":[],"acf":[],"_links":{"self":[{"href":"https:\/\/shop.kustom.ch\/en\/wp-json\/wp\/v2\/product\/739709"}],"collection":[{"href":"https:\/\/shop.kustom.ch\/en\/wp-json\/wp\/v2\/product"}],"about":[{"href":"https:\/\/shop.kustom.ch\/en\/wp-json\/wp\/v2\/types\/product"}],"wp:featuredmedia":[{"embeddable":true,"href":"https:\/\/shop.kustom.ch\/en\/wp-json\/wp\/v2\/media\/739786"}],"wp:attachment":[{"href":"https:\/\/shop.kustom.ch\/en\/wp-json\/wp\/v2\/media?parent=739709"}],"wp:term":[{"taxonomy":"product_brand","embeddable":true,"href":"https:\/\/shop.kustom.ch\/en\/wp-json\/wp\/v2\/product_brand?post=739709"},{"taxonomy":"product_cat","embeddable":true,"href":"https:\/\/shop.kustom.ch\/en\/wp-json\/wp\/v2\/product_cat?post=739709"},{"taxonomy":"product_tag","embeddable":true,"href":"https:\/\/shop.kustom.ch\/en\/wp-json\/wp\/v2\/product_tag?post=739709"}],"curies":[{"name":"wp","href":"https:\/\/api.w.org\/{rel}","templated":true}]}}