{"id":739552,"date":"2026-04-16T10:04:25","date_gmt":"2026-04-16T09:04:25","guid":{"rendered":"https:\/\/shop.kustom.ch\/?post_type=product&#038;p=739552"},"modified":"2026-04-16T10:05:09","modified_gmt":"2026-04-16T09:05:09","slug":"adv-essence-warm-vest-2-w","status":"publish","type":"product","link":"https:\/\/shop.kustom.ch\/en\/product\/adv-essence-warm-vest-2-w\/","title":{"rendered":"ADV Essence Warm Vest 2 W"},"content":{"rendered":"<p>The Adv Essence Warm Vest 2 is a warm multisport waistcoat that is perfect for wearing over or under your clothes when training in autumn and winter. <\/p>\n<p>This versatile training waistcoat features light insulation at the front and top of the back, brushed fleece at the back and elasticated jersey at the sides for optimum freedom of movement. In addition, the waistcoat has an elasticated waist for an optimal fit and two zipped side pockets. Made from recycled fabrics.<\/p>\n<p>- Recycled fabrics<br \/>\n- Lightweight polyester insulation on the front and upper back for warmth and comfort<br \/>\n- Functional fleece fabric with brushed inside and smooth surface on the back<br \/>\n- Elasticated jersey on the sides for optimum freedom of movement<br \/>\n- Elasticated waist for a perfect fit<br \/>\n- Two side pockets (one with zip)<br \/>\n- Reflective elements<br \/>\n- Normal cut<\/p>\n<p>Material: Front body 86% recycled polyamide, 14% elastane, padding 100% recycled polyester, back body 77% recycled polyester, 23% elastane<\/p>","protected":false},"excerpt":{"rendered":"<p>Die Adv Essence Warm Vest 2 ist eine warme Multisportweste, die sich perfekt zum \u00dcber- oder Unterziehen beim Training im Herbst und Winter eignet. Diese vielseitige Trainingsweste verf\u00fcgt \u00fcber eine leichte Isolierung vorne und oben am R\u00fccken, geb\u00fcrstetes Fleece auf der R\u00fcckseite und elastisches Jersey an den Seiten f\u00fcr optimale Bewegungsfreiheit. Dar\u00fcber hinaus verf\u00fcgt die [&hellip;]<\/p>\n","protected":false},"featured_media":739578,"template":"","meta":[],"product_brand":[],"product_cat":[4208],"product_tag":[],"class_list":{"0":"post-739552","1":"product","2":"type-product","3":"status-publish","4":"has-post-thumbnail","6":"product_cat-westen","7":"pa_brand-craft","8":"pa_brand-type-sportswear","9":"pa_filter-color-braun","10":"pa_filter-color-grau","11":"pa_filter-color-schwarz","13":"first","14":"instock","15":"sale","16":"taxable","17":"shipping-taxable","18":"purchasable","19":"product-type-variable","20":"add-to-wishlist-before_image"},"exclude_global_add_ons":[],"addons":[],"acf":[],"_links":{"self":[{"href":"https:\/\/shop.kustom.ch\/en\/wp-json\/wp\/v2\/product\/739552"}],"collection":[{"href":"https:\/\/shop.kustom.ch\/en\/wp-json\/wp\/v2\/product"}],"about":[{"href":"https:\/\/shop.kustom.ch\/en\/wp-json\/wp\/v2\/types\/product"}],"wp:featuredmedia":[{"embeddable":true,"href":"https:\/\/shop.kustom.ch\/en\/wp-json\/wp\/v2\/media\/739578"}],"wp:attachment":[{"href":"https:\/\/shop.kustom.ch\/en\/wp-json\/wp\/v2\/media?parent=739552"}],"wp:term":[{"taxonomy":"product_brand","embeddable":true,"href":"https:\/\/shop.kustom.ch\/en\/wp-json\/wp\/v2\/product_brand?post=739552"},{"taxonomy":"product_cat","embeddable":true,"href":"https:\/\/shop.kustom.ch\/en\/wp-json\/wp\/v2\/product_cat?post=739552"},{"taxonomy":"product_tag","embeddable":true,"href":"https:\/\/shop.kustom.ch\/en\/wp-json\/wp\/v2\/product_tag?post=739552"}],"curies":[{"name":"wp","href":"https:\/\/api.w.org\/{rel}","templated":true}]}}