{"id":739551,"date":"2026-04-16T10:04:24","date_gmt":"2026-04-16T09:04:24","guid":{"rendered":"https:\/\/shop.kustom.ch\/?post_type=product&#038;p=739551"},"modified":"2026-04-16T10:04:45","modified_gmt":"2026-04-16T09:04:45","slug":"subz-tights-4-w","status":"publish","type":"product","link":"https:\/\/shop.kustom.ch\/en\/product\/subz-tights-4-w\/","title":{"rendered":"SubZ Tights 4 W"},"content":{"rendered":"<p>SubZ Tights 4 sind hochfunktionelle Laufstrumpfhosen mit d\u00fcnner Isolierung vorne f\u00fcr intensive Trainingseinheiten bei kalten Winterbedingungen. <\/p>\n<p>Diese technisch fortschrittliche Laufstrumpfhose verf\u00fcgt \u00fcber eine windsch\u00fctzende Vorderseite mit leichter Isolierung in einem verschweissten 3-Lagen-Design. Geb\u00fcrstetes, recyceltes Polyester- und Elastan-Jersey an der oberen Vorderseite, der oberen R\u00fcckseite und den Unterschenkeln sorgt f\u00fcr W\u00e4rme und Komfort. Der breite Bund sorgt f\u00fcr eine glatte Passform.<\/p>\n<p>- Wind-protective outer material and lightweight insulation in a welded 3-layer construction on the front<br \/>\n- Brushed and stretchy jersey made from recycled polyester on the upper front, upper back and lower leg<br \/>\n- Wide, elasticated waistband with drawstring<br \/>\n- Slanted seam at the knee for greater freedom of movement<br \/>\n- Concealed zip at the leg ends<br \/>\n- Concealed zip pocket on the back waistband<br \/>\n- Reflective elements at the front and back<br \/>\n- Normal cut<\/p>\n<p>Material: Front panel 100% recycled polyester, body 88% recycled polyester, 12% elastane<\/p>","protected":false},"excerpt":{"rendered":"<p>SubZ Tights 4 sind hochfunktionelle Laufstrumpfhosen mit d\u00fcnner Isolierung vorne f\u00fcr intensive Trainingseinheiten bei kalten Winterbedingungen. Diese technisch fortschrittliche Laufstrumpfhose verf\u00fcgt \u00fcber eine windsch\u00fctzende Vorderseite mit leichter Isolierung in einem verschweissten 3-Lagen-Design. Geb\u00fcrstetes, recyceltes Polyester- und Elastan-Jersey an der oberen Vorderseite, der oberen R\u00fcckseite und den Unterschenkeln sorgt f\u00fcr W\u00e4rme und Komfort. Der breite Bund [&hellip;]<\/p>\n","protected":false},"featured_media":739553,"template":"","meta":[],"product_brand":[],"product_cat":[4190],"product_tag":[],"class_list":{"0":"post-739551","1":"product","2":"type-product","3":"status-publish","4":"has-post-thumbnail","6":"product_cat-leggings","7":"pa_brand-craft","8":"pa_brand-type-sportswear","9":"pa_filter-color-blau","10":"pa_filter-color-schwarz","12":"first","13":"instock","14":"sale","15":"taxable","16":"shipping-taxable","17":"purchasable","18":"product-type-variable","19":"add-to-wishlist-before_image"},"exclude_global_add_ons":[],"addons":[],"acf":[],"_links":{"self":[{"href":"https:\/\/shop.kustom.ch\/en\/wp-json\/wp\/v2\/product\/739551"}],"collection":[{"href":"https:\/\/shop.kustom.ch\/en\/wp-json\/wp\/v2\/product"}],"about":[{"href":"https:\/\/shop.kustom.ch\/en\/wp-json\/wp\/v2\/types\/product"}],"wp:featuredmedia":[{"embeddable":true,"href":"https:\/\/shop.kustom.ch\/en\/wp-json\/wp\/v2\/media\/739553"}],"wp:attachment":[{"href":"https:\/\/shop.kustom.ch\/en\/wp-json\/wp\/v2\/media?parent=739551"}],"wp:term":[{"taxonomy":"product_brand","embeddable":true,"href":"https:\/\/shop.kustom.ch\/en\/wp-json\/wp\/v2\/product_brand?post=739551"},{"taxonomy":"product_cat","embeddable":true,"href":"https:\/\/shop.kustom.ch\/en\/wp-json\/wp\/v2\/product_cat?post=739551"},{"taxonomy":"product_tag","embeddable":true,"href":"https:\/\/shop.kustom.ch\/en\/wp-json\/wp\/v2\/product_tag?post=739551"}],"curies":[{"name":"wp","href":"https:\/\/api.w.org\/{rel}","templated":true}]}}