{"id":739353,"date":"2026-04-16T10:01:46","date_gmt":"2026-04-16T09:01:46","guid":{"rendered":"https:\/\/shop.kustom.ch\/?post_type=product&#038;p=739353"},"modified":"2026-04-16T10:03:28","modified_gmt":"2026-04-16T09:03:28","slug":"collective-zip-sweater-w","status":"publish","type":"product","link":"https:\/\/shop.kustom.ch\/en\/product\/collective-zip-sweater-w\/","title":{"rendered":"Collective Zip Sweater W"},"content":{"rendered":"<p>Der Collective Zip Sweater ist ein klassisches Trainings-Essential, perfekt zum Aufw\u00e4rmen oder zum Tragen auf dem Weg zum Training und danach.<\/p>\n<p>Dieser vielseitige Pullover aus weichem, dehnbarem Polyester mit aufgerauter Oberfl\u00e4che bietet hervorragende Bewegungsfreiheit und ein glattes, angenehmes Gef\u00fchl auf der Haut. Er verf\u00fcgt \u00fcber einen Kragen im Bomberjackenstil und l\u00e4sst sich m\u00fchelos unter einer w\u00e4rmeren Jacke tragen, sodass es sich ideal f\u00fcr den Einsatz im Innen- und Aussenbereich eignet.<\/p>\n<p>- Functional, elasticated fabric made from recycled polyester and elastane<br \/>\n- Roughened inside<br \/>\n- Two side pockets with zip<br \/>\n- Normal cut<\/p>\n<p>Material: 77% recycled polyester, 23% elastane<\/p>","protected":false},"excerpt":{"rendered":"<p>Der Collective Zip Sweater ist ein klassisches Trainings-Essential, perfekt zum Aufw\u00e4rmen oder zum Tragen auf dem Weg zum Training und danach. Dieser vielseitige Pullover aus weichem, dehnbarem Polyester mit aufgerauter Oberfl\u00e4che bietet hervorragende Bewegungsfreiheit und ein glattes, angenehmes Gef\u00fchl auf der Haut. Er verf\u00fcgt \u00fcber einen Kragen im Bomberjackenstil und l\u00e4sst sich m\u00fchelos unter einer [&hellip;]<\/p>\n","protected":false},"featured_media":739406,"template":"","meta":[],"product_brand":[],"product_cat":[4191],"product_tag":[],"class_list":{"0":"post-739353","1":"product","2":"type-product","3":"status-publish","4":"has-post-thumbnail","6":"product_cat-longsleeves-sweatshirts","7":"pa_brand-craft","8":"pa_brand-type-sportswear","9":"pa_filter-color-blau","10":"pa_filter-color-gruen","11":"pa_filter-color-schwarz","12":"pa_filter-color-violet","14":"first","15":"instock","16":"sale","17":"taxable","18":"shipping-taxable","19":"purchasable","20":"product-type-variable","21":"add-to-wishlist-before_image"},"exclude_global_add_ons":[],"addons":[],"acf":[],"_links":{"self":[{"href":"https:\/\/shop.kustom.ch\/en\/wp-json\/wp\/v2\/product\/739353"}],"collection":[{"href":"https:\/\/shop.kustom.ch\/en\/wp-json\/wp\/v2\/product"}],"about":[{"href":"https:\/\/shop.kustom.ch\/en\/wp-json\/wp\/v2\/types\/product"}],"wp:featuredmedia":[{"embeddable":true,"href":"https:\/\/shop.kustom.ch\/en\/wp-json\/wp\/v2\/media\/739406"}],"wp:attachment":[{"href":"https:\/\/shop.kustom.ch\/en\/wp-json\/wp\/v2\/media?parent=739353"}],"wp:term":[{"taxonomy":"product_brand","embeddable":true,"href":"https:\/\/shop.kustom.ch\/en\/wp-json\/wp\/v2\/product_brand?post=739353"},{"taxonomy":"product_cat","embeddable":true,"href":"https:\/\/shop.kustom.ch\/en\/wp-json\/wp\/v2\/product_cat?post=739353"},{"taxonomy":"product_tag","embeddable":true,"href":"https:\/\/shop.kustom.ch\/en\/wp-json\/wp\/v2\/product_tag?post=739353"}],"curies":[{"name":"wp","href":"https:\/\/api.w.org\/{rel}","templated":true}]}}