{"id":739351,"date":"2026-04-16T10:01:46","date_gmt":"2026-04-16T09:01:46","guid":{"rendered":"https:\/\/shop.kustom.ch\/?post_type=product&#038;p=739351"},"modified":"2026-04-16T10:02:07","modified_gmt":"2026-04-16T09:02:07","slug":"subz-shorts-4-m","status":"publish","type":"product","link":"https:\/\/shop.kustom.ch\/en\/product\/subz-shorts-4-m\/","title":{"rendered":"SubZ Shorts 4 M"},"content":{"rendered":"<p>SubZ Shorts 2 sind warme und isolierende Laufshorts, die zum Tragen \u00fcber Ihren Trainingshosen bei K\u00e4lte und Wind entwickelt wurden. <\/p>\n<p>Diese Trainingsshorts verf\u00fcgen \u00fcber ein winddichtes und wasserabweisendes Aussenmaterial und sind mit einem d\u00fcnnen, geb\u00fcrsteten PrimaLoft-Futter vollst\u00e4ndig isoliert. Das Ergebnis ist ein vielseitiges Trainingsteil, das \u00fcber Ihren Trainingshosen getragen werden kann und an k\u00fchlen Herbst- und Wintertagen f\u00fcr zus\u00e4tzliche Isolierung und Windschutz sorgt. Dar\u00fcber hinaus verf\u00fcgen die Shorts \u00fcber einen elastischen Bund mit Kordelzug und eine Reissverschluss-Ges\u00e4sstasche zur sicheren Aufbewahrung von Schl\u00fcsseln etc.<\/p>\n<p>\u2022 Winddichtes und wasserabweisendes Aussenmaterial<br \/>\n\u2022 Vollst\u00e4ndig isoliert mit geb\u00fcrstetem PrimaLoft-Futter<br \/>\n\u2022 Elastisches Jerseyst\u00fcck an der R\u00fcckenpartie f\u00fcr bessere Bel\u00fcftung<br \/>\n- Elasticated waistband with adjustable drawstring<br \/>\n- Back pocket with zip<br \/>\n- Reflective elements<br \/>\n\u2022 Zum Tragen \u00fcber Strumpfhosen<br \/>\n\u2022 Innennaht 19 cm in Gr\u00f6sse M<br \/>\n- Normal cut<\/p>\n<p>Material: Body 100% Recyceltes Polyamid, Inset 88% Recycelter Polyester, 12% Elastan, Lining 100% Recycelter Polyester<\/p>","protected":false},"excerpt":{"rendered":"<p>SubZ Shorts 2 sind warme und isolierende Laufshorts, die zum Tragen \u00fcber Ihren Trainingshosen bei K\u00e4lte und Wind entwickelt wurden. Diese Trainingsshorts verf\u00fcgen \u00fcber ein winddichtes und wasserabweisendes Aussenmaterial und sind mit einem d\u00fcnnen, geb\u00fcrsteten PrimaLoft-Futter vollst\u00e4ndig isoliert. Das Ergebnis ist ein vielseitiges Trainingsteil, das \u00fcber Ihren Trainingshosen getragen werden kann und an k\u00fchlen Herbst- [&hellip;]<\/p>\n","protected":false},"featured_media":739355,"template":"","meta":[],"product_brand":[],"product_cat":[4198],"product_tag":[],"class_list":{"0":"post-739351","1":"product","2":"type-product","3":"status-publish","4":"has-post-thumbnail","6":"product_cat-shorts","7":"pa_brand-craft","8":"pa_brand-type-sportswear","9":"pa_filter-color-beige","10":"pa_filter-color-schwarz","12":"first","13":"instock","14":"sale","15":"taxable","16":"shipping-taxable","17":"purchasable","18":"product-type-variable","19":"add-to-wishlist-before_image"},"exclude_global_add_ons":[],"addons":[],"acf":[],"_links":{"self":[{"href":"https:\/\/shop.kustom.ch\/en\/wp-json\/wp\/v2\/product\/739351"}],"collection":[{"href":"https:\/\/shop.kustom.ch\/en\/wp-json\/wp\/v2\/product"}],"about":[{"href":"https:\/\/shop.kustom.ch\/en\/wp-json\/wp\/v2\/types\/product"}],"wp:featuredmedia":[{"embeddable":true,"href":"https:\/\/shop.kustom.ch\/en\/wp-json\/wp\/v2\/media\/739355"}],"wp:attachment":[{"href":"https:\/\/shop.kustom.ch\/en\/wp-json\/wp\/v2\/media?parent=739351"}],"wp:term":[{"taxonomy":"product_brand","embeddable":true,"href":"https:\/\/shop.kustom.ch\/en\/wp-json\/wp\/v2\/product_brand?post=739351"},{"taxonomy":"product_cat","embeddable":true,"href":"https:\/\/shop.kustom.ch\/en\/wp-json\/wp\/v2\/product_cat?post=739351"},{"taxonomy":"product_tag","embeddable":true,"href":"https:\/\/shop.kustom.ch\/en\/wp-json\/wp\/v2\/product_tag?post=739351"}],"curies":[{"name":"wp","href":"https:\/\/api.w.org\/{rel}","templated":true}]}}