{"id":739258,"date":"2026-04-16T10:00:24","date_gmt":"2026-04-16T09:00:24","guid":{"rendered":"https:\/\/shop.kustom.ch\/produkt\/subz-light-pants-m\/"},"modified":"2026-04-16T10:00:51","modified_gmt":"2026-04-16T09:00:51","slug":"subz-light-pants-m","status":"publish","type":"product","link":"https:\/\/shop.kustom.ch\/en\/product\/subz-light-pants-m\/","title":{"rendered":"SubZ Light Pants M"},"content":{"rendered":"<p>SubZ Light Pants sind leichte und hochfunktionelle Laufhosen, die f\u00fcr hochintensives Training bei kalten Bedingungen entwickelt wurden.<\/p>\n<p>Diese modernen Hosen f\u00fcr kaltes Wetter sind aus geb\u00fcrstetem und elastischem Polyester-Jersey-Stoff gefertigt und verf\u00fcgen \u00fcber ein wind- und wasserabweisendes Aussenmaterial sowie ein PrimaLoft-Futter auf der Vorderseite. Das Ergebnis ist ein Hochleistungskleidungsst\u00fcck, das hervorragende Isolierung und Windschutz bietet und Sie beim Training an kalten Wintertagen warm und komfortabel h\u00e4lt. Der elastische Hosenbund mit verstellbarem Kordelzug sorgt f\u00fcr eine perfekte Passform.<\/p>\n<p>\u2022 Geb\u00fcrsteter, elastischer Jerseystoff aus recyceltem Polyester und Elasthan<br \/>\n\u2022 Wind- und wasserabweisendes Crinkle-Polyester mit PrimaLoft-Futter vorne (bis zu den Knien)<br \/>\n- Elasticated waistband with adjustable drawstring<br \/>\n- Two side pockets with zip<br \/>\n- Zip at the leg ends for easy dressing and undressing<br \/>\n\u2022 Elastischer Gripper an den Beinenden<br \/>\n\u2022 Reflektierende Elemente vorne und hinten<br \/>\n- Normal cut<\/p>\n<p>Material: Front panel 100% Recyceltes Polyamid, Body, 88% Recycelter Polyester, 12% Elastan<\/p>","protected":false},"excerpt":{"rendered":"<p>SubZ Light Pants sind leichte und hochfunktionelle Laufhosen, die f\u00fcr hochintensives Training bei kalten Bedingungen entwickelt wurden. Diese modernen Hosen f\u00fcr kaltes Wetter sind aus geb\u00fcrstetem und elastischem Polyester-Jersey-Stoff gefertigt und verf\u00fcgen \u00fcber ein wind- und wasserabweisendes Aussenmaterial sowie ein PrimaLoft-Futter auf der Vorderseite. Das Ergebnis ist ein Hochleistungskleidungsst\u00fcck, das hervorragende Isolierung und Windschutz bietet [&hellip;]<\/p>\n","protected":false},"featured_media":739257,"template":"","meta":[],"product_brand":[],"product_cat":[4185],"product_tag":[],"class_list":{"0":"post-739258","1":"product","2":"type-product","3":"status-publish","4":"has-post-thumbnail","6":"product_cat-hosen","7":"pa_brand-craft","8":"pa_brand-type-sportswear","9":"pa_filter-color-schwarz","11":"first","12":"instock","13":"sale","14":"taxable","15":"shipping-taxable","16":"purchasable","17":"product-type-variable","18":"add-to-wishlist-before_image"},"exclude_global_add_ons":[],"addons":[],"acf":[],"_links":{"self":[{"href":"https:\/\/shop.kustom.ch\/en\/wp-json\/wp\/v2\/product\/739258"}],"collection":[{"href":"https:\/\/shop.kustom.ch\/en\/wp-json\/wp\/v2\/product"}],"about":[{"href":"https:\/\/shop.kustom.ch\/en\/wp-json\/wp\/v2\/types\/product"}],"wp:featuredmedia":[{"embeddable":true,"href":"https:\/\/shop.kustom.ch\/en\/wp-json\/wp\/v2\/media\/739257"}],"wp:attachment":[{"href":"https:\/\/shop.kustom.ch\/en\/wp-json\/wp\/v2\/media?parent=739258"}],"wp:term":[{"taxonomy":"product_brand","embeddable":true,"href":"https:\/\/shop.kustom.ch\/en\/wp-json\/wp\/v2\/product_brand?post=739258"},{"taxonomy":"product_cat","embeddable":true,"href":"https:\/\/shop.kustom.ch\/en\/wp-json\/wp\/v2\/product_cat?post=739258"},{"taxonomy":"product_tag","embeddable":true,"href":"https:\/\/shop.kustom.ch\/en\/wp-json\/wp\/v2\/product_tag?post=739258"}],"curies":[{"name":"wp","href":"https:\/\/api.w.org\/{rel}","templated":true}]}}