{"id":739157,"date":"2026-04-16T09:58:54","date_gmt":"2026-04-16T08:58:54","guid":{"rendered":"https:\/\/shop.kustom.ch\/?post_type=product&#038;p=739157"},"modified":"2026-04-16T09:59:45","modified_gmt":"2026-04-16T08:59:45","slug":"subz-jersey-w","status":"publish","type":"product","link":"https:\/\/shop.kustom.ch\/en\/product\/subz-jersey-w\/","title":{"rendered":"SubZ Jersey W"},"content":{"rendered":"<p>Das SubZ Jersey ist ein sehr weiches Mittelschichttrikot, das hervorragende Funktion, W\u00e4rme und Komfort bietet und sich sowohl f\u00fcr hochintensive Trainingseinheiten als auch f\u00fcr den t\u00e4glichen Gebrauch bei k\u00fchlen Bedingungen eignet.<\/p>\n<p>Dieses vielseitige Trikot f\u00fcr kalte Tage besteht aus einem superweichen Jersey-Stoff mit einer Rippstrick-Innenseite, die an frostigen Wintertagen f\u00fcr eine aussergew\u00f6hnliche Isolierung und effiziente Temperaturregulierung sorgt. Durch die lockere Passform kann das Trikot perfekt allein oder unter einer Windjacke getragen werden, wenn die Temperaturen sinken. Ein diskreter Reissverschluss auf der oberen R\u00fcckseite erm\u00f6glicht einfaches An- und Ausziehen, ohne das klare, stilvolle Frontdesign zu beeintr\u00e4chtigen.<\/p>\n<p>\u2022 Superweicher Jerseystoff aus recyceltem Polyester, Viskose und Elasthan<br \/>\n\u2022 Rippenstrick innen<br \/>\n\u2022 Reissverschluss am oberen R\u00fccken<br \/>\n\u2022 Etwas l\u00e4ngerer R\u00fccken<br \/>\n- Raglan sleeves<br \/>\n- Round collar<br \/>\n\u2022 Daumengriff an den \u00c4rmelenden<br \/>\n\u2022 Reflektierendes Etikett am \u00c4rmel<br \/>\n- Relaxed fit<\/p>\n<p>Material: 70% Recycelter Polyester, 26% Viskose, 4% Elastan<\/p>","protected":false},"excerpt":{"rendered":"<p>Das SubZ Jersey ist ein sehr weiches Mittelschichttrikot, das hervorragende Funktion, W\u00e4rme und Komfort bietet und sich sowohl f\u00fcr hochintensive Trainingseinheiten als auch f\u00fcr den t\u00e4glichen Gebrauch bei k\u00fchlen Bedingungen eignet. Dieses vielseitige Trikot f\u00fcr kalte Tage besteht aus einem superweichen Jersey-Stoff mit einer Rippstrick-Innenseite, die an frostigen Wintertagen f\u00fcr eine aussergew\u00f6hnliche Isolierung und effiziente [&hellip;]<\/p>\n","protected":false},"featured_media":739198,"template":"","meta":[],"product_brand":[],"product_cat":[4191],"product_tag":[],"class_list":{"0":"post-739157","1":"product","2":"type-product","3":"status-publish","4":"has-post-thumbnail","6":"product_cat-longsleeves-sweatshirts","7":"pa_brand-craft","8":"pa_brand-type-sportswear","9":"pa_filter-color-beige","10":"pa_filter-color-schwarz","12":"first","13":"instock","14":"sale","15":"taxable","16":"shipping-taxable","17":"purchasable","18":"product-type-variable","19":"add-to-wishlist-before_image"},"exclude_global_add_ons":[],"addons":[],"acf":[],"_links":{"self":[{"href":"https:\/\/shop.kustom.ch\/en\/wp-json\/wp\/v2\/product\/739157"}],"collection":[{"href":"https:\/\/shop.kustom.ch\/en\/wp-json\/wp\/v2\/product"}],"about":[{"href":"https:\/\/shop.kustom.ch\/en\/wp-json\/wp\/v2\/types\/product"}],"wp:featuredmedia":[{"embeddable":true,"href":"https:\/\/shop.kustom.ch\/en\/wp-json\/wp\/v2\/media\/739198"}],"wp:attachment":[{"href":"https:\/\/shop.kustom.ch\/en\/wp-json\/wp\/v2\/media?parent=739157"}],"wp:term":[{"taxonomy":"product_brand","embeddable":true,"href":"https:\/\/shop.kustom.ch\/en\/wp-json\/wp\/v2\/product_brand?post=739157"},{"taxonomy":"product_cat","embeddable":true,"href":"https:\/\/shop.kustom.ch\/en\/wp-json\/wp\/v2\/product_cat?post=739157"},{"taxonomy":"product_tag","embeddable":true,"href":"https:\/\/shop.kustom.ch\/en\/wp-json\/wp\/v2\/product_tag?post=739157"}],"curies":[{"name":"wp","href":"https:\/\/api.w.org\/{rel}","templated":true}]}}