{"id":739155,"date":"2026-04-16T09:58:54","date_gmt":"2026-04-16T08:58:54","guid":{"rendered":"https:\/\/shop.kustom.ch\/?post_type=product&#038;p=739155"},"modified":"2026-04-16T09:59:14","modified_gmt":"2026-04-16T08:59:14","slug":"subz-tights-3-m","status":"publish","type":"product","link":"https:\/\/shop.kustom.ch\/en\/product\/subz-tights-3-m\/","title":{"rendered":"SubZ Tights 3 M"},"content":{"rendered":"<p>SubZ Tights 3 are highly functional running tights with thin insulation at the front for intensive training sessions in cold winter conditions. <\/p>\n<p>These technically advanced running tights feature a wind-protective front with lightweight insulation in a welded 3-layer design. Brushed, recycled polyester and elastane jersey on the upper front, upper back and lower legs provide warmth and comfort. <\/p>\n<p>- Wind-protective outer material and lightweight insulation in a welded 3-layer construction on the front<br \/>\n- Brushed and stretchy jersey made from recycled polyester on the upper front, upper back and lower leg<br \/>\n- Elasticated waistband with drawstring<br \/>\n- Slanted seam at the knee for greater freedom of movement<br \/>\n- Concealed zip at the leg ends<br \/>\n- Concealed zip pocket on the back waistband<br \/>\n- Reflective elements at the front and back<br \/>\n- Normal cut<\/p>\n<p>Material: Front panel 100% recycled polyester, body 88% recycled polyester, 12% elastane<\/p>","protected":false},"excerpt":{"rendered":"<p>SubZ Tights 3 sind hochfunktionelle Laufstrumpfhosen mit d\u00fcnner Isolierung vorne f\u00fcr intensive Trainingseinheiten bei kalten Winterbedingungen. Diese technisch fortschrittliche Laufstrumpfhose verf\u00fcgt \u00fcber eine windsch\u00fctzende Vorderseite mit leichter Isolierung in einem verschweissten 3-Lagen-Design. Geb\u00fcrstetes, recyceltes Polyester- und Elastan-Jersey an der oberen Vorderseite, der oberen R\u00fcckseite und den Unterschenkeln sorgt f\u00fcr W\u00e4rme und Komfort. \u2022 Windsch\u00fctzendes Aussenmaterial [&hellip;]<\/p>\n","protected":false},"featured_media":739159,"template":"","meta":[],"product_brand":[],"product_cat":[4190],"product_tag":[],"class_list":{"0":"post-739155","1":"product","2":"type-product","3":"status-publish","4":"has-post-thumbnail","6":"product_cat-leggings","7":"pa_brand-craft","8":"pa_brand-type-sportswear","9":"pa_filter-color-schwarz","11":"first","12":"instock","13":"sale","14":"taxable","15":"shipping-taxable","16":"purchasable","17":"product-type-variable","18":"add-to-wishlist-before_image"},"exclude_global_add_ons":[],"addons":[],"acf":[],"_links":{"self":[{"href":"https:\/\/shop.kustom.ch\/en\/wp-json\/wp\/v2\/product\/739155"}],"collection":[{"href":"https:\/\/shop.kustom.ch\/en\/wp-json\/wp\/v2\/product"}],"about":[{"href":"https:\/\/shop.kustom.ch\/en\/wp-json\/wp\/v2\/types\/product"}],"wp:featuredmedia":[{"embeddable":true,"href":"https:\/\/shop.kustom.ch\/en\/wp-json\/wp\/v2\/media\/739159"}],"wp:attachment":[{"href":"https:\/\/shop.kustom.ch\/en\/wp-json\/wp\/v2\/media?parent=739155"}],"wp:term":[{"taxonomy":"product_brand","embeddable":true,"href":"https:\/\/shop.kustom.ch\/en\/wp-json\/wp\/v2\/product_brand?post=739155"},{"taxonomy":"product_cat","embeddable":true,"href":"https:\/\/shop.kustom.ch\/en\/wp-json\/wp\/v2\/product_cat?post=739155"},{"taxonomy":"product_tag","embeddable":true,"href":"https:\/\/shop.kustom.ch\/en\/wp-json\/wp\/v2\/product_tag?post=739155"}],"curies":[{"name":"wp","href":"https:\/\/api.w.org\/{rel}","templated":true}]}}