{"id":738779,"date":"2026-04-16T09:55:08","date_gmt":"2026-04-16T08:55:08","guid":{"rendered":"https:\/\/shop.kustom.ch\/?post_type=product&#038;p=738779"},"modified":"2026-04-16T09:55:37","modified_gmt":"2026-04-16T08:55:37","slug":"collective-seamless-hotpants-w","status":"publish","type":"product","link":"https:\/\/shop.kustom.ch\/en\/product\/collective-seamless-hotpants-w\/","title":{"rendered":"Collective Seamless Hotpants W"},"content":{"rendered":"<p>Collective Seamless Hotpants sind \u00e4usserst bequeme Hotpants, die f\u00fcr intensive Workouts und den Alltag konzipiert sind.<\/p>\n<p>Durch die Kombination eines weichen, dehnbaren Stoffes mit einer nahtlosen Konstruktion bieten diese Trainings-Hotpants hervorragenden Komfort und eine ergonomische Passform f\u00fcr uneingeschr\u00e4nkte Bewegungsfreiheit. Der breite, hinten h\u00f6her geschnittene Bund, die Jacquard-Strickdetails und die gerippte Struktur sorgen f\u00fcr zus\u00e4tzlichen Stil. Die Kombination aus hochwertiger Verarbeitung und best\u00e4ndigen Farben macht dieses Modell zu einem idealen Begleiter f\u00fcr den Alltag.<\/p>\n<p>\u2022 Weicher Jerseystoff aus recyceltem Polyamid, Polyester und Elasthan<br \/>\n\u2022 Nahtlose Technik f\u00fcr optimalen Komfort<br \/>\n\u2022 Breiter, hinten h\u00f6her sitzender Jacquard-Strickbund<br \/>\n\u2022 Jacquard-Strickdetails<\/p>\n<p>Material: 87% recycled polyamide, 13% elastane<\/p>","protected":false},"excerpt":{"rendered":"<p>Collective Seamless Hotpants sind \u00e4usserst bequeme Hotpants, die f\u00fcr intensive Workouts und den Alltag konzipiert sind. Durch die Kombination eines weichen, dehnbaren Stoffes mit einer nahtlosen Konstruktion bieten diese Trainings-Hotpants hervorragenden Komfort und eine ergonomische Passform f\u00fcr uneingeschr\u00e4nkte Bewegungsfreiheit. Der breite, hinten h\u00f6her geschnittene Bund, die Jacquard-Strickdetails und die gerippte Struktur sorgen f\u00fcr zus\u00e4tzlichen Stil. [&hellip;]<\/p>\n","protected":false},"featured_media":738780,"template":"","meta":[],"product_brand":[],"product_cat":[4190],"product_tag":[],"class_list":{"0":"post-738779","1":"product","2":"type-product","3":"status-publish","4":"has-post-thumbnail","6":"product_cat-leggings","7":"pa_brand-craft","8":"pa_brand-type-sportswear","9":"pa_filter-color-rot","10":"pa_filter-color-schwarz","12":"first","13":"instock","14":"sale","15":"taxable","16":"shipping-taxable","17":"purchasable","18":"product-type-variable","19":"add-to-wishlist-before_image"},"exclude_global_add_ons":[],"addons":[],"acf":[],"_links":{"self":[{"href":"https:\/\/shop.kustom.ch\/en\/wp-json\/wp\/v2\/product\/738779"}],"collection":[{"href":"https:\/\/shop.kustom.ch\/en\/wp-json\/wp\/v2\/product"}],"about":[{"href":"https:\/\/shop.kustom.ch\/en\/wp-json\/wp\/v2\/types\/product"}],"wp:featuredmedia":[{"embeddable":true,"href":"https:\/\/shop.kustom.ch\/en\/wp-json\/wp\/v2\/media\/738780"}],"wp:attachment":[{"href":"https:\/\/shop.kustom.ch\/en\/wp-json\/wp\/v2\/media?parent=738779"}],"wp:term":[{"taxonomy":"product_brand","embeddable":true,"href":"https:\/\/shop.kustom.ch\/en\/wp-json\/wp\/v2\/product_brand?post=738779"},{"taxonomy":"product_cat","embeddable":true,"href":"https:\/\/shop.kustom.ch\/en\/wp-json\/wp\/v2\/product_cat?post=738779"},{"taxonomy":"product_tag","embeddable":true,"href":"https:\/\/shop.kustom.ch\/en\/wp-json\/wp\/v2\/product_tag?post=738779"}],"curies":[{"name":"wp","href":"https:\/\/api.w.org\/{rel}","templated":true}]}}