{"id":738539,"date":"2026-04-16T09:52:50","date_gmt":"2026-04-16T08:52:50","guid":{"rendered":"https:\/\/shop.kustom.ch\/?post_type=product&#038;p=738539"},"modified":"2026-04-16T09:54:25","modified_gmt":"2026-04-16T08:54:25","slug":"active-comfort-ls-2-m","status":"publish","type":"product","link":"https:\/\/shop.kustom.ch\/en\/product\/active-comfort-ls-2-m\/","title":{"rendered":"Active Comfort LS 2 M"},"content":{"rendered":"<p>Das Active Comfort LS 2 ist ein weiches und funktionelles Langarm-Baselayer-Trikot, das sich hervorragend f\u00fcr fast jede Aktivit\u00e4t eignet, vom t\u00e4glichen Training bis hin zum alpinen Skifahren, Trekking und entspannten Apr\u00e8s-Ski. Jetzt aus 100 % recycelten Materialien hergestellt.<\/p>\n<p>This versatile and extremely comfortable base layer is made from 100% recycled polyamide and polyester, a soft and functional blend that provides both warmth and efficient moisture transport. In addition, the garment has few seams and a body-hugging structure for improved thermoregulation. If you only need one base layer for all your training sessions and physical activities, this is the one.<\/p>\n<p>- Soft and functional fabric, partly made from 100 % recycled materials<br \/>\n- Body mapping structure for improved heat regulation<br \/>\n- Few seams for optimum comfort<br \/>\n- Flatlock seams that follow the body's movements<\/p>\n<p>Material: 75% Polyamide Recycled, 25% Polyester Recycled<\/p>","protected":false},"excerpt":{"rendered":"<p>Das Active Comfort LS 2 ist ein weiches und funktionelles Langarm-Baselayer-Trikot, das sich hervorragend f\u00fcr fast jede Aktivit\u00e4t eignet, vom t\u00e4glichen Training bis hin zum alpinen Skifahren, Trekking und entspannten Apr\u00e8s-Ski. Jetzt aus 100 % recycelten Materialien hergestellt. Dieser vielseitige und \u00e4usserst komfortable Baselayer besteht aus 100% recyceltem Polyamid und Polyester, einer weichen und funktionellen [&hellip;]<\/p>\n","protected":false},"featured_media":738600,"template":"","meta":[],"product_brand":[],"product_cat":[4191],"product_tag":[],"class_list":{"0":"post-738539","1":"product","2":"type-product","3":"status-publish","4":"has-post-thumbnail","6":"product_cat-longsleeves-sweatshirts","7":"pa_brand-craft","8":"pa_brand-type-sportswear","9":"pa_filter-color-beige","10":"pa_filter-color-blau","11":"pa_filter-color-schwarz","12":"pa_filter-color-weiss","14":"first","15":"instock","16":"sale","17":"taxable","18":"shipping-taxable","19":"purchasable","20":"product-type-variable","21":"add-to-wishlist-before_image"},"exclude_global_add_ons":[],"addons":[],"acf":[],"_links":{"self":[{"href":"https:\/\/shop.kustom.ch\/en\/wp-json\/wp\/v2\/product\/738539"}],"collection":[{"href":"https:\/\/shop.kustom.ch\/en\/wp-json\/wp\/v2\/product"}],"about":[{"href":"https:\/\/shop.kustom.ch\/en\/wp-json\/wp\/v2\/types\/product"}],"wp:featuredmedia":[{"embeddable":true,"href":"https:\/\/shop.kustom.ch\/en\/wp-json\/wp\/v2\/media\/738600"}],"wp:attachment":[{"href":"https:\/\/shop.kustom.ch\/en\/wp-json\/wp\/v2\/media?parent=738539"}],"wp:term":[{"taxonomy":"product_brand","embeddable":true,"href":"https:\/\/shop.kustom.ch\/en\/wp-json\/wp\/v2\/product_brand?post=738539"},{"taxonomy":"product_cat","embeddable":true,"href":"https:\/\/shop.kustom.ch\/en\/wp-json\/wp\/v2\/product_cat?post=738539"},{"taxonomy":"product_tag","embeddable":true,"href":"https:\/\/shop.kustom.ch\/en\/wp-json\/wp\/v2\/product_tag?post=738539"}],"curies":[{"name":"wp","href":"https:\/\/api.w.org\/{rel}","templated":true}]}}