{"id":738498,"date":"2026-04-16T09:52:21","date_gmt":"2026-04-16T08:52:21","guid":{"rendered":"https:\/\/shop.kustom.ch\/?post_type=product&#038;p=738498"},"modified":"2026-04-16T09:53:37","modified_gmt":"2026-04-16T08:53:37","slug":"subz-vest-5-w","status":"publish","type":"product","link":"https:\/\/shop.kustom.ch\/en\/product\/subz-vest-5-w\/","title":{"rendered":"SubZ Vest 5 W"},"content":{"rendered":"<p>Die SubZ Vest 5 ist eine hochfunktionelle Laufweste, die f\u00fcr intensive Trainingseinheiten bei kalten Winterbedingungen entwickelt wurde. <\/p>\n<p>Diese innovative Weste mit halbem Reissverschluss verf\u00fcgt \u00fcber eine windabweisende Vorderseite und einen oberen R\u00fcckenbereich mit leichter Isolierung in einem verschweissten 3-Lagen-Design, das f\u00fcr hervorragende W\u00e4rme und Komfort bei kalten Bedingungen sorgt. Das Kleidungsst\u00fcck ist ausserdem mit einem perforierten wind- und wasserabweisenden Polyestergewebe an den Seiten und am unteren R\u00fccken ausgestattet, das f\u00fcr eine bessere Bel\u00fcftung sorgt. Die vielen praktischen Taschen machen diese Weste zu einem vielseitigen Kleidungsst\u00fcck, das sich sowohl f\u00fcr das Wintertraining als auch f\u00fcr den Alltag eignet.<\/p>\n<p>\u2022 Windsch\u00fctzendes Aussenmaterial und leichte Isolierung in einer geklebten 3-Lagen-Konstruktion vorne und oben hinten<br \/>\n\u2022 Perforiertes wind- und wasserabweisendes Polyester an den Seiten und am unteren R\u00fccken<br \/>\n\u2022 Bomberjackenkragen aus Jerseystoff<br \/>\n\u2022 Halbreissverschluss-Design<br \/>\n\u2022 Zwei verdeckte Reissverschlusstaschen an den Seitenn\u00e4hten<br \/>\n\u2022 Versiegelte Reissverschlusstasche am unteren R\u00fccken zur sicheren Aufbewahrung<br \/>\n\u2022 Reflektierender Druck auf Vorder- und R\u00fcckseite<br \/>\n\u2022 Kurzer Schnitt bis zur H\u00fcfte<\/p>\n<p>Material: Front Body 100% Recycelter Polyester, Padding 100% Polyester, Back Body, 100% Recycelter Polyester<\/p>","protected":false},"excerpt":{"rendered":"<p>Die SubZ Vest 5 ist eine hochfunktionelle Laufweste, die f\u00fcr intensive Trainingseinheiten bei kalten Winterbedingungen entwickelt wurde. Diese innovative Weste mit halbem Reissverschluss verf\u00fcgt \u00fcber eine windabweisende Vorderseite und einen oberen R\u00fcckenbereich mit leichter Isolierung in einem verschweissten 3-Lagen-Design, das f\u00fcr hervorragende W\u00e4rme und Komfort bei kalten Bedingungen sorgt. Das Kleidungsst\u00fcck ist ausserdem mit einem [&hellip;]<\/p>\n","protected":false},"featured_media":738550,"template":"","meta":[],"product_brand":[],"product_cat":[4208],"product_tag":[],"class_list":{"0":"post-738498","1":"product","2":"type-product","3":"status-publish","4":"has-post-thumbnail","6":"product_cat-westen","7":"pa_brand-craft","8":"pa_brand-type-sportswear","9":"pa_filter-color-gelb","10":"pa_filter-color-grau","11":"pa_filter-color-schwarz","13":"first","14":"instock","15":"sale","16":"taxable","17":"shipping-taxable","18":"purchasable","19":"product-type-variable","20":"add-to-wishlist-before_image"},"exclude_global_add_ons":[],"addons":[],"acf":[],"_links":{"self":[{"href":"https:\/\/shop.kustom.ch\/en\/wp-json\/wp\/v2\/product\/738498"}],"collection":[{"href":"https:\/\/shop.kustom.ch\/en\/wp-json\/wp\/v2\/product"}],"about":[{"href":"https:\/\/shop.kustom.ch\/en\/wp-json\/wp\/v2\/types\/product"}],"wp:featuredmedia":[{"embeddable":true,"href":"https:\/\/shop.kustom.ch\/en\/wp-json\/wp\/v2\/media\/738550"}],"wp:attachment":[{"href":"https:\/\/shop.kustom.ch\/en\/wp-json\/wp\/v2\/media?parent=738498"}],"wp:term":[{"taxonomy":"product_brand","embeddable":true,"href":"https:\/\/shop.kustom.ch\/en\/wp-json\/wp\/v2\/product_brand?post=738498"},{"taxonomy":"product_cat","embeddable":true,"href":"https:\/\/shop.kustom.ch\/en\/wp-json\/wp\/v2\/product_cat?post=738498"},{"taxonomy":"product_tag","embeddable":true,"href":"https:\/\/shop.kustom.ch\/en\/wp-json\/wp\/v2\/product_tag?post=738498"}],"curies":[{"name":"wp","href":"https:\/\/api.w.org\/{rel}","templated":true}]}}