{"id":738344,"date":"2026-04-16T09:50:38","date_gmt":"2026-04-16T08:50:38","guid":{"rendered":"https:\/\/shop.kustom.ch\/?post_type=product&#038;p=738344"},"modified":"2026-04-16T09:51:31","modified_gmt":"2026-04-16T08:51:31","slug":"join-pile-fleece-hz-w","status":"publish","type":"product","link":"https:\/\/shop.kustom.ch\/en\/product\/join-pile-fleece-hz-w\/","title":{"rendered":"Join Pile Fleece HZ W"},"content":{"rendered":"<p>The Join Pile Fleece HZ is a soft and casual fleece jersey with a half zip that is designed for outdoor adventures as well as everyday wear.<\/p>\n<p>This versatile fleece garment with a smooth inside and a loose fit is perfect for layering, either as a mid or outer layer. It has a clean design with two side pockets and thumb holes.<\/p>\n<p>- Fleece fabric made from 100% recycled polyester<br \/>\n- Smooth inside<br \/>\n- Two side pockets<br \/>\n- Thumbholes at the sleeve ends<br \/>\n- Relaxed fit<\/p>\n<p>Material: 100% Recycled polyester<\/p>","protected":false},"excerpt":{"rendered":"<p>Das Join Pile Fleece HZ ist ein weiches und l\u00e4ssiges Fleece-Trikot mit halbem Reissverschluss, das sowohl f\u00fcr Outdoor-Abenteuer als auch f\u00fcr den Alltag konzipiert ist. Dieses vielseitige Kleidungsst\u00fcck aus Fleece mit einer glatten Innenseite und einer lockeren Passform eignet sich perfekt zum Schichten, entweder als mittlere oder als \u00e4ussere Schicht. Es hat ein klares Design [&hellip;]<\/p>\n","protected":false},"featured_media":738382,"template":"","meta":[],"product_brand":[],"product_cat":[4191],"product_tag":[],"class_list":{"0":"post-738344","1":"product","2":"type-product","3":"status-publish","4":"has-post-thumbnail","6":"product_cat-longsleeves-sweatshirts","7":"pa_brand-craft","8":"pa_brand-type-sportswear","9":"pa_filter-color-beige","10":"pa_filter-color-braun","11":"pa_filter-color-gruen","12":"pa_filter-color-schwarz","13":"pa_filter-color-violet","15":"first","16":"instock","17":"sale","18":"taxable","19":"shipping-taxable","20":"purchasable","21":"product-type-variable","22":"add-to-wishlist-before_image"},"exclude_global_add_ons":[],"addons":[],"acf":[],"_links":{"self":[{"href":"https:\/\/shop.kustom.ch\/en\/wp-json\/wp\/v2\/product\/738344"}],"collection":[{"href":"https:\/\/shop.kustom.ch\/en\/wp-json\/wp\/v2\/product"}],"about":[{"href":"https:\/\/shop.kustom.ch\/en\/wp-json\/wp\/v2\/types\/product"}],"wp:featuredmedia":[{"embeddable":true,"href":"https:\/\/shop.kustom.ch\/en\/wp-json\/wp\/v2\/media\/738382"}],"wp:attachment":[{"href":"https:\/\/shop.kustom.ch\/en\/wp-json\/wp\/v2\/media?parent=738344"}],"wp:term":[{"taxonomy":"product_brand","embeddable":true,"href":"https:\/\/shop.kustom.ch\/en\/wp-json\/wp\/v2\/product_brand?post=738344"},{"taxonomy":"product_cat","embeddable":true,"href":"https:\/\/shop.kustom.ch\/en\/wp-json\/wp\/v2\/product_cat?post=738344"},{"taxonomy":"product_tag","embeddable":true,"href":"https:\/\/shop.kustom.ch\/en\/wp-json\/wp\/v2\/product_tag?post=738344"}],"curies":[{"name":"wp","href":"https:\/\/api.w.org\/{rel}","templated":true}]}}