{"id":737988,"date":"2026-04-16T09:46:19","date_gmt":"2026-04-16T08:46:19","guid":{"rendered":"https:\/\/shop.kustom.ch\/?post_type=product&#038;p=737988"},"modified":"2026-04-16T09:47:05","modified_gmt":"2026-04-16T08:47:05","slug":"endur-aero-bib-shorts-c1-m","status":"publish","type":"product","link":"https:\/\/shop.kustom.ch\/en\/product\/endur-aero-bib-shorts-c1-m\/","title":{"rendered":"Endur Aero Bib Shorts C1 M"},"content":{"rendered":"<p>Endur Aero Bib Shorts C1 are professional cycling shorts that offer excellent aerodynamics for demanding riders aiming for maximum speed.<\/p>\n<p>Die Radhose ist aus einem leistungsstarken Polyamid-Material mit 4-Wege-Elastizit\u00e4t gemacht, das Muskelvibrationen reduziert und die Kraft f\u00fcr optimale Kontrolle und Leistung b\u00fcndelt. Dar\u00fcber hinaus sorgt das Gewebe f\u00fcr einen hervorragenden Feuchtigkeitstransport, um ein optimales K\u00f6rpertemperaturmanagement beim hochintensiven Radfahren zu gew\u00e4hrleisten. Die Radshorts verf\u00fcgen zudem \u00fcber ein aerodynamisches Design mit reduzierter N\u00e4hteanzahl und Bodymap-Panels f\u00fcr optimalen Luftstrom und minimalen Widerstand. Das Premium C1 Pad sorgt f\u00fcr maximalen Komfort.<\/p>\n<p>Infinity C1 Pad - exceptional function and comfort<br \/>\nInfinity C1 Pad bietet Spitzenfunktion und Komfort f\u00fcr Spitzenleistungen. Mit den feinsten Materialien und neuesten Innovationen, darunter gebogene Seitenfl\u00fcgel und vordere Cup, bietet das Pad aussergew\u00f6hnlichen Komfort f\u00fcr die anspruchsvollsten Fahrer. Das Oberfl\u00e4chengewebe des Pads besteht aus exklusivem italienischem recyceltem Polyamid und verf\u00fcgt \u00fcber ein innovatives Strickdesign, das grosse offene Stellen in den Zellen schafft, die Feuchtigkeit absorbieren und f\u00fcr einen effizienten Feuchtigkeitstransport sorgen. Zus\u00e4tzlich wird ein perforiertes Tr\u00e4gergewebe auf die Unterseite des Pads gelegt, um die Reibung an den Shorts zu verringern. Dies hilft beim Treten, das Pad unabh\u00e4ngig von der Shorts bewegen zu lassen und nur der K\u00f6rperbewegung zu folgen. Ausserdem hat das Polster einen Schaumstoff auf biologischer Basis, der aus Rizinussamen gemacht ist.<\/p>\n<p>- Body control fabric with 4-way elasticity made from polyamide and elastane<br \/>\n- Reduced number of seams to optimise the air flow<br \/>\n- Silicone at the leg ends keeps the cycling shorts in place<br \/>\n- Extra long legs with raw-cut ends<br \/>\n- Cycling shorts with laser-cut holes for super breathability and comfort<br \/>\n\u2022 C1 Pad Herren<\/p>","protected":false},"excerpt":{"rendered":"<p>Endur Aero Bib Shorts C1 sind professionelle Radlerhosen, die hervorragende Aerodynamik f\u00fcr anspruchsvolle Fahrer bieten, die maximale Geschwindigkeit anstreben. Die Radhose ist aus einem leistungsstarken Polyamid-Material mit 4-Wege-Elastizit\u00e4t gemacht, das Muskelvibrationen reduziert und die Kraft f\u00fcr optimale Kontrolle und Leistung b\u00fcndelt. Dar\u00fcber hinaus sorgt das Gewebe f\u00fcr einen hervorragenden Feuchtigkeitstransport, um ein optimales K\u00f6rpertemperaturmanagement beim [&hellip;]<\/p>\n","protected":false},"featured_media":738038,"template":"","meta":[],"product_brand":[],"product_cat":[4198],"product_tag":[],"class_list":{"0":"post-737988","1":"product","2":"type-product","3":"status-publish","4":"has-post-thumbnail","6":"product_cat-shorts","7":"pa_brand-craft","8":"pa_brand-type-sportswear","9":"pa_filter-color-schwarz","11":"first","12":"instock","13":"sale","14":"taxable","15":"shipping-taxable","16":"purchasable","17":"product-type-variable","18":"add-to-wishlist-before_image"},"exclude_global_add_ons":[],"addons":[],"acf":[],"_links":{"self":[{"href":"https:\/\/shop.kustom.ch\/en\/wp-json\/wp\/v2\/product\/737988"}],"collection":[{"href":"https:\/\/shop.kustom.ch\/en\/wp-json\/wp\/v2\/product"}],"about":[{"href":"https:\/\/shop.kustom.ch\/en\/wp-json\/wp\/v2\/types\/product"}],"wp:featuredmedia":[{"embeddable":true,"href":"https:\/\/shop.kustom.ch\/en\/wp-json\/wp\/v2\/media\/738038"}],"wp:attachment":[{"href":"https:\/\/shop.kustom.ch\/en\/wp-json\/wp\/v2\/media?parent=737988"}],"wp:term":[{"taxonomy":"product_brand","embeddable":true,"href":"https:\/\/shop.kustom.ch\/en\/wp-json\/wp\/v2\/product_brand?post=737988"},{"taxonomy":"product_cat","embeddable":true,"href":"https:\/\/shop.kustom.ch\/en\/wp-json\/wp\/v2\/product_cat?post=737988"},{"taxonomy":"product_tag","embeddable":true,"href":"https:\/\/shop.kustom.ch\/en\/wp-json\/wp\/v2\/product_tag?post=737988"}],"curies":[{"name":"wp","href":"https:\/\/api.w.org\/{rel}","templated":true}]}}