{"id":737952,"date":"2026-04-16T09:45:49","date_gmt":"2026-04-16T08:45:49","guid":{"rendered":"https:\/\/shop.kustom.ch\/?post_type=product&#038;p=737952"},"modified":"2026-04-16T09:46:40","modified_gmt":"2026-04-16T08:46:40","slug":"active-hipster-w","status":"publish","type":"product","link":"https:\/\/shop.kustom.ch\/en\/product\/active-hipster-w\/","title":{"rendered":"Active Hipster W"},"content":{"rendered":"<p>Der Active Hipster ist eine leichte und atmungsaktive H\u00fcfthose mit hervorragendem Feuchtigkeitstransport, die einen hervorragenden Komfort beim t\u00e4glichen Training bietet. Die aktualisierte Version besteht aus recyceltem Polyamid und verf\u00fcgt \u00fcber eine neue, verbesserte Passform.<\/p>\n<p>- Lightweight and breathable fabric made from recycled polyamide<br \/>\n- New and more comfortable fit<\/p>\n<p>Material: 91% recycled polyamide, 9% elastane<\/p>","protected":false},"excerpt":{"rendered":"<p>Der Active Hipster ist eine leichte und atmungsaktive H\u00fcfthose mit hervorragendem Feuchtigkeitstransport, die einen hervorragenden Komfort beim t\u00e4glichen Training bietet. Die aktualisierte Version besteht aus recyceltem Polyamid und verf\u00fcgt \u00fcber eine neue, verbesserte Passform. \u2022 Leichtes und atmungsaktives Gewebe aus recyceltem Polyamid \u2022 Neue und bequemere Passform Material: 91% Recyceltes Polyamid, 9% Elastan<\/p>","protected":false},"featured_media":737986,"template":"","meta":[],"product_brand":[],"product_cat":[4206],"product_tag":[],"class_list":{"0":"post-737952","1":"product","2":"type-product","3":"status-publish","4":"has-post-thumbnail","6":"product_cat-underwear","7":"pa_brand-craft","8":"pa_brand-type-sportswear","9":"pa_filter-color-schwarz","10":"pa_filter-color-weiss","12":"first","13":"instock","14":"sale","15":"taxable","16":"shipping-taxable","17":"purchasable","18":"product-type-variable","19":"add-to-wishlist-before_image"},"exclude_global_add_ons":[],"addons":[],"acf":[],"_links":{"self":[{"href":"https:\/\/shop.kustom.ch\/en\/wp-json\/wp\/v2\/product\/737952"}],"collection":[{"href":"https:\/\/shop.kustom.ch\/en\/wp-json\/wp\/v2\/product"}],"about":[{"href":"https:\/\/shop.kustom.ch\/en\/wp-json\/wp\/v2\/types\/product"}],"wp:featuredmedia":[{"embeddable":true,"href":"https:\/\/shop.kustom.ch\/en\/wp-json\/wp\/v2\/media\/737986"}],"wp:attachment":[{"href":"https:\/\/shop.kustom.ch\/en\/wp-json\/wp\/v2\/media?parent=737952"}],"wp:term":[{"taxonomy":"product_brand","embeddable":true,"href":"https:\/\/shop.kustom.ch\/en\/wp-json\/wp\/v2\/product_brand?post=737952"},{"taxonomy":"product_cat","embeddable":true,"href":"https:\/\/shop.kustom.ch\/en\/wp-json\/wp\/v2\/product_cat?post=737952"},{"taxonomy":"product_tag","embeddable":true,"href":"https:\/\/shop.kustom.ch\/en\/wp-json\/wp\/v2\/product_tag?post=737952"}],"curies":[{"name":"wp","href":"https:\/\/api.w.org\/{rel}","templated":true}]}}