{"id":737923,"date":"2026-04-16T09:45:22","date_gmt":"2026-04-16T08:45:22","guid":{"rendered":"https:\/\/shop.kustom.ch\/?post_type=product&#038;p=737923"},"modified":"2026-04-16T09:46:14","modified_gmt":"2026-04-16T08:46:14","slug":"subz-overhead-jacket-m","status":"publish","type":"product","link":"https:\/\/shop.kustom.ch\/en\/product\/subz-overhead-jacket-m\/","title":{"rendered":"SubZ Overhead Jacket M"},"content":{"rendered":"<p>The SubZ Overhead Jacket is a versatile overhead jacket with an insulated front, designed for both cold weather training and everyday wear.<\/p>\n<p>This hooded jacket is made from lightweight, woven polyester fabric and features thin PrimaLoft insulation to keep you warm in cold and windy conditions. In addition, a soft jersey lining throughout the garment provides excellent function and enhanced warmth. A short front zip makes it easy to put on and take off, while two zipped side pockets allow you to safely store keys, energy bars and other essentials. The relaxed fit and casual design make this cold weather training jacket a versatile choice, perfect for both intense training sessions and everyday wear.<\/p>\n<p>- Wind and water-repellent polyester with crinkle effect<br \/>\n- Thin, lightweight and brushed PrimaLoft insulation (20 g\/m\u00b2)<br \/>\n- Soft jersey lining throughout the garment<br \/>\n- Two concealed side pockets with zip fastener<br \/>\n- Short zip at the front<br \/>\n- Reflective print on the front, back and sleeves<br \/>\n- Relaxed fit<\/p>\n<p>Material: Body 100% Recycled polyamide, Lining 100% Recycled polyester, Padding 100% Recycled polyester<\/p>","protected":false},"excerpt":{"rendered":"<p>Das SubZ Overhead Jacket ist eine vielseitige \u00dcberziehjacke mit isolierter Vorderseite, die sowohl f\u00fcr das Training bei kaltem Wetter als auch f\u00fcr den Alltag konzipiert ist. Diese Kapuzenjacke ist aus leichtem, gewebtem Polyestergewebe gefertigt und verf\u00fcgt \u00fcber eine d\u00fcnne PrimaLoft-Isolierung, die Sie bei K\u00e4lte und Wind warm h\u00e4lt. Dar\u00fcber hinaus sorgt ein weiches Jersey-Futter im [&hellip;]<\/p>\n","protected":false},"featured_media":737963,"template":"","meta":[],"product_brand":[],"product_cat":[4186],"product_tag":[],"class_list":{"0":"post-737923","1":"product","2":"type-product","3":"status-publish","4":"has-post-thumbnail","6":"product_cat-jacken","7":"pa_brand-craft","8":"pa_brand-type-sportswear","9":"pa_filter-color-gruen","10":"pa_filter-color-schwarz","12":"first","13":"instock","14":"sale","15":"taxable","16":"shipping-taxable","17":"purchasable","18":"product-type-variable","19":"add-to-wishlist-before_image"},"exclude_global_add_ons":[],"addons":[],"acf":[],"_links":{"self":[{"href":"https:\/\/shop.kustom.ch\/en\/wp-json\/wp\/v2\/product\/737923"}],"collection":[{"href":"https:\/\/shop.kustom.ch\/en\/wp-json\/wp\/v2\/product"}],"about":[{"href":"https:\/\/shop.kustom.ch\/en\/wp-json\/wp\/v2\/types\/product"}],"wp:featuredmedia":[{"embeddable":true,"href":"https:\/\/shop.kustom.ch\/en\/wp-json\/wp\/v2\/media\/737963"}],"wp:attachment":[{"href":"https:\/\/shop.kustom.ch\/en\/wp-json\/wp\/v2\/media?parent=737923"}],"wp:term":[{"taxonomy":"product_brand","embeddable":true,"href":"https:\/\/shop.kustom.ch\/en\/wp-json\/wp\/v2\/product_brand?post=737923"},{"taxonomy":"product_cat","embeddable":true,"href":"https:\/\/shop.kustom.ch\/en\/wp-json\/wp\/v2\/product_cat?post=737923"},{"taxonomy":"product_tag","embeddable":true,"href":"https:\/\/shop.kustom.ch\/en\/wp-json\/wp\/v2\/product_tag?post=737923"}],"curies":[{"name":"wp","href":"https:\/\/api.w.org\/{rel}","templated":true}]}}