{"id":737922,"date":"2026-04-16T09:45:22","date_gmt":"2026-04-16T08:45:22","guid":{"rendered":"https:\/\/shop.kustom.ch\/?post_type=product&#038;p=737922"},"modified":"2026-04-16T09:46:11","modified_gmt":"2026-04-16T08:46:11","slug":"urban-long-padded-coat-w","status":"publish","type":"product","link":"https:\/\/shop.kustom.ch\/en\/product\/urban-long-padded-coat-w\/","title":{"rendered":"Urban Long Padded Coat W"},"content":{"rendered":"<p>The Urban Long Padded Coat is a lined coat that will keep you warm and cosy in really cold winter conditions. With its minimalist design, it can be effortlessly combined between casual winter walks and more formal occasions.<\/p>\n<p>This stylish coat for cold weather is made from a water-repellent and durable fabric and features polyester insulation to keep you warm and dry on wet autumn and winter days. In addition, the coat has two hand warmer pockets, a high stand-up collar for extra protection against the cold and zipped side slits for greater freedom of movement. The long design of the coat ensures excellent warmth and comfort in very cold conditions.<\/p>\n<p>- Outer fabric made from 100 % recycled polyamide<br \/>\n- Insulation made from recycled polyester<br \/>\n- Two hand warmer pockets<br \/>\n- Inner breast pocket with zip<br \/>\n- High stand-up collar<br \/>\n- Side slits with zip at the bottom for more freedom of movement<br \/>\n- YKK 2-way zip<br \/>\n- Normal cut<\/p>\n<p>Material: Main 100% Recycled Polyamide, Padding 100% Recycled Polyester, Lining 100% Recycled Polyamide<\/p>","protected":false},"excerpt":{"rendered":"<p>Der Urban Long Padded Coat ist ein gef\u00fctterter Mantel, der Sie bei wirklich kalten Winterbedingungen warm und gem\u00fctlich h\u00e4lt. Mit seinem minimalistischen Design l\u00e4sst er sich m\u00fchelos zwischen l\u00e4ssigen Winterspazierg\u00e4ngen und formelleren Anl\u00e4ssen kombinieren. Dieser stilvolle Mantel f\u00fcr kaltes Wetter besteht aus einem wasserabweisenden und strapazierf\u00e4higen Stoff und verf\u00fcgt \u00fcber eine Polyesterisolierung, die Sie an [&hellip;]<\/p>\n","protected":false},"featured_media":737937,"template":"","meta":[],"product_brand":[],"product_cat":[4186],"product_tag":[],"class_list":{"0":"post-737922","1":"product","2":"type-product","3":"status-publish","4":"has-post-thumbnail","6":"product_cat-jacken","7":"pa_brand-craft","8":"pa_brand-type-sportswear","9":"pa_filter-color-braun","10":"pa_filter-color-schwarz","12":"first","13":"instock","14":"sale","15":"taxable","16":"shipping-taxable","17":"purchasable","18":"product-type-variable","19":"add-to-wishlist-before_image"},"exclude_global_add_ons":[],"addons":[],"acf":[],"_links":{"self":[{"href":"https:\/\/shop.kustom.ch\/en\/wp-json\/wp\/v2\/product\/737922"}],"collection":[{"href":"https:\/\/shop.kustom.ch\/en\/wp-json\/wp\/v2\/product"}],"about":[{"href":"https:\/\/shop.kustom.ch\/en\/wp-json\/wp\/v2\/types\/product"}],"wp:featuredmedia":[{"embeddable":true,"href":"https:\/\/shop.kustom.ch\/en\/wp-json\/wp\/v2\/media\/737937"}],"wp:attachment":[{"href":"https:\/\/shop.kustom.ch\/en\/wp-json\/wp\/v2\/media?parent=737922"}],"wp:term":[{"taxonomy":"product_brand","embeddable":true,"href":"https:\/\/shop.kustom.ch\/en\/wp-json\/wp\/v2\/product_brand?post=737922"},{"taxonomy":"product_cat","embeddable":true,"href":"https:\/\/shop.kustom.ch\/en\/wp-json\/wp\/v2\/product_cat?post=737922"},{"taxonomy":"product_tag","embeddable":true,"href":"https:\/\/shop.kustom.ch\/en\/wp-json\/wp\/v2\/product_tag?post=737922"}],"curies":[{"name":"wp","href":"https:\/\/api.w.org\/{rel}","templated":true}]}}