{"id":737756,"date":"2026-04-16T09:43:49","date_gmt":"2026-04-16T08:43:49","guid":{"rendered":"https:\/\/shop.kustom.ch\/?post_type=product&#038;p=737756"},"modified":"2026-04-16T09:44:27","modified_gmt":"2026-04-16T08:44:27","slug":"explore-power-fleece-necktube","status":"publish","type":"product","link":"https:\/\/shop.kustom.ch\/en\/product\/explore-power-fleece-necktube\/","title":{"rendered":"Explore Power Fleece neck tube"},"content":{"rendered":"<p>Der Explore Power Fleece Neck Tube ist ein besonders weiches und stark isolierendes Kleidungsst\u00fcck, das die Garderobe eines jeden Outdoor-Enthusiasten vielseitig erg\u00e4nzt und f\u00fcr W\u00e4rme und Komfort bei rauen Winterbedingungen sorgt.<\/p>\n<p>Dieses multifunktionale Halstuch besteht aus einem dehnbaren Fleecestoff mit aussergew\u00f6hnlichen W\u00e4rmespeicherungs- und Atmungsaktivit\u00e4tseigenschaften. Das weiche Fleecematerial speichert die W\u00e4rme nahe am K\u00f6rper und l\u00e4sst gleichzeitig Feuchtigkeit und Schweiss entweichen. So bleibt Ihr Hals bei Outdoor-Aktivit\u00e4ten bei kaltem Wetter warm und trocken. Dieses vielseitige Multisport-Accessoire l\u00e4sst sich leicht in eine M\u00fctze oder ein Stirnband verwandeln.<\/p>\n<p>\u2022 Weiches und dehnbares Powerfleece aus recyceltem Polyester und Elasthan (245 g\/m\u00b2)<br \/>\n\u2022 Geb\u00fcrstete R\u00fcckseite f\u00fcr verbesserten Komfort und isolierende Eigenschaften<br \/>\n- Multifunctional multisport accessories<br \/>\n\u2022 H\u00e4lt Ihren Hals oder Kopf warm<br \/>\n\u2022 Gesticktes Logo vorne in der Mitte<\/p>\n<p>Material: 94% Recycelter Polyester, 6% Elastan<\/p>","protected":false},"excerpt":{"rendered":"<p>Der Explore Power Fleece Neck Tube ist ein besonders weiches und stark isolierendes Kleidungsst\u00fcck, das die Garderobe eines jeden Outdoor-Enthusiasten vielseitig erg\u00e4nzt und f\u00fcr W\u00e4rme und Komfort bei rauen Winterbedingungen sorgt. Dieses multifunktionale Halstuch besteht aus einem dehnbaren Fleecestoff mit aussergew\u00f6hnlichen W\u00e4rmespeicherungs- und Atmungsaktivit\u00e4tseigenschaften. Das weiche Fleecematerial speichert die W\u00e4rme nahe am K\u00f6rper und l\u00e4sst [&hellip;]<\/p>\n","protected":false},"featured_media":737830,"template":"","meta":[],"product_brand":[],"product_cat":[4209],"product_tag":[],"class_list":{"0":"post-737756","1":"product","2":"type-product","3":"status-publish","4":"has-post-thumbnail","6":"product_cat-zubehoer","7":"pa_brand-craft","8":"pa_brand-type-sportswear","9":"pa_filter-color-schwarz","11":"first","12":"instock","13":"sale","14":"taxable","15":"shipping-taxable","16":"purchasable","17":"product-type-variable","18":"add-to-wishlist-before_image"},"exclude_global_add_ons":[],"addons":[],"acf":[],"_links":{"self":[{"href":"https:\/\/shop.kustom.ch\/en\/wp-json\/wp\/v2\/product\/737756"}],"collection":[{"href":"https:\/\/shop.kustom.ch\/en\/wp-json\/wp\/v2\/product"}],"about":[{"href":"https:\/\/shop.kustom.ch\/en\/wp-json\/wp\/v2\/types\/product"}],"wp:featuredmedia":[{"embeddable":true,"href":"https:\/\/shop.kustom.ch\/en\/wp-json\/wp\/v2\/media\/737830"}],"wp:attachment":[{"href":"https:\/\/shop.kustom.ch\/en\/wp-json\/wp\/v2\/media?parent=737756"}],"wp:term":[{"taxonomy":"product_brand","embeddable":true,"href":"https:\/\/shop.kustom.ch\/en\/wp-json\/wp\/v2\/product_brand?post=737756"},{"taxonomy":"product_cat","embeddable":true,"href":"https:\/\/shop.kustom.ch\/en\/wp-json\/wp\/v2\/product_cat?post=737756"},{"taxonomy":"product_tag","embeddable":true,"href":"https:\/\/shop.kustom.ch\/en\/wp-json\/wp\/v2\/product_tag?post=737756"}],"curies":[{"name":"wp","href":"https:\/\/api.w.org\/{rel}","templated":true}]}}