{"id":737678,"date":"2026-04-16T09:42:54","date_gmt":"2026-04-16T08:42:54","guid":{"rendered":"https:\/\/shop.kustom.ch\/?post_type=product&#038;p=737678"},"modified":"2026-04-16T09:43:41","modified_gmt":"2026-04-16T08:43:41","slug":"urban-down-puffer-jacket-w","status":"publish","type":"product","link":"https:\/\/shop.kustom.ch\/en\/product\/urban-down-puffer-jacket-w\/","title":{"rendered":"Urban Down Puffer Jacket W"},"content":{"rendered":"<p>Die Urban Down Puffer Jacket ist eine l\u00e4ssige Daunenjacke, die bei wirklich kalten Winterbedingungen aussergew\u00f6hnliche Isolierung und W\u00e4rme bietet.<\/p>\n<p>Diese stilvolle Pufferjacke wurde sowohl f\u00fcr die Freizeit als auch f\u00fcr formelle Anl\u00e4sse gefertigt und vereint nahtlos Funktion und minimalistischen Ausdruck. Sein wasserabweisendes Aussenmaterial sorgt in Kombination mit einer dicken Daunenisolierung f\u00fcr aussergew\u00f6hnliche W\u00e4rme, wenn die Temperaturen sinken. Dar\u00fcber hinaus verf\u00fcgt die Jacke \u00fcber zwei ger\u00e4umige Handw\u00e4rmtaschen, eine sch\u00fctzende Kapuze und eine verstellbare Taille f\u00fcr eine massgeschneiderte Passform und eine schmeichelhafte Silhouette. Der h\u00fcftlange Schnitt bietet zus\u00e4tzlichen Schutz und sorgt so an kalten Wintertagen f\u00fcr mehr W\u00e4rme und Komfort.<\/p>\n<p>\u2022 Oberstoff aus 100 % recyceltem Polyamid<br \/>\n\u2022 Wasserabweisende Ausr\u00fcstung<br \/>\n\u2022 Daunenf\u00fcllung, 80 % Daunen\/20 % Federn<br \/>\n- Hood<br \/>\n- Adjustable drawstring at the waist<br \/>\n\u2022 Innere Brusttasche<br \/>\n\u2022 Zwei Handw\u00e4rmtaschen<br \/>\n- YKK zip fastener<br \/>\n\u2022 H\u00fcftlanger Schnitt<br \/>\n- Normal cut<\/p>\n<p>Material: Main 100% Recyceltes Polyamid, Padding 80% Down, 20% Feather, Lining 100% Recyceltes Polyamid<\/p>","protected":false},"excerpt":{"rendered":"<p>Die Urban Down Puffer Jacket ist eine l\u00e4ssige Daunenjacke, die bei wirklich kalten Winterbedingungen aussergew\u00f6hnliche Isolierung und W\u00e4rme bietet. Diese stilvolle Pufferjacke wurde sowohl f\u00fcr die Freizeit als auch f\u00fcr formelle Anl\u00e4sse gefertigt und vereint nahtlos Funktion und minimalistischen Ausdruck. Sein wasserabweisendes Aussenmaterial sorgt in Kombination mit einer dicken Daunenisolierung f\u00fcr aussergew\u00f6hnliche W\u00e4rme, wenn die [&hellip;]<\/p>\n","protected":false},"featured_media":737694,"template":"","meta":[],"product_brand":[],"product_cat":[4186],"product_tag":[],"class_list":{"0":"post-737678","1":"product","2":"type-product","3":"status-publish","4":"has-post-thumbnail","6":"product_cat-jacken","7":"pa_brand-craft","8":"pa_brand-type-sportswear","9":"pa_filter-color-beige","10":"pa_filter-color-braun","11":"pa_filter-color-schwarz","13":"first","14":"instock","15":"sale","16":"taxable","17":"shipping-taxable","18":"purchasable","19":"product-type-variable","20":"add-to-wishlist-before_image"},"exclude_global_add_ons":[],"addons":[],"acf":[],"_links":{"self":[{"href":"https:\/\/shop.kustom.ch\/en\/wp-json\/wp\/v2\/product\/737678"}],"collection":[{"href":"https:\/\/shop.kustom.ch\/en\/wp-json\/wp\/v2\/product"}],"about":[{"href":"https:\/\/shop.kustom.ch\/en\/wp-json\/wp\/v2\/types\/product"}],"wp:featuredmedia":[{"embeddable":true,"href":"https:\/\/shop.kustom.ch\/en\/wp-json\/wp\/v2\/media\/737694"}],"wp:attachment":[{"href":"https:\/\/shop.kustom.ch\/en\/wp-json\/wp\/v2\/media?parent=737678"}],"wp:term":[{"taxonomy":"product_brand","embeddable":true,"href":"https:\/\/shop.kustom.ch\/en\/wp-json\/wp\/v2\/product_brand?post=737678"},{"taxonomy":"product_cat","embeddable":true,"href":"https:\/\/shop.kustom.ch\/en\/wp-json\/wp\/v2\/product_cat?post=737678"},{"taxonomy":"product_tag","embeddable":true,"href":"https:\/\/shop.kustom.ch\/en\/wp-json\/wp\/v2\/product_tag?post=737678"}],"curies":[{"name":"wp","href":"https:\/\/api.w.org\/{rel}","templated":true}]}}