{"id":737527,"date":"2026-04-16T09:41:15","date_gmt":"2026-04-16T08:41:15","guid":{"rendered":"https:\/\/shop.kustom.ch\/?post_type=product&#038;p=737527"},"modified":"2026-04-16T09:42:04","modified_gmt":"2026-04-16T08:42:04","slug":"adv-essence-lumen-wind-vest-w","status":"publish","type":"product","link":"https:\/\/shop.kustom.ch\/en\/product\/adv-essence-lumen-wind-vest-w\/","title":{"rendered":"Adv Essence Lumen Wind Vest W"},"content":{"rendered":"<p>Die Adv Essence Lumen Wind West ist eine klassische Fahrradweste mit winddichter und wasserabweisender Vorderseite und reflektierendem Stoff vorne sowie an den Seiten.<\/p>\n<p>Diese leichte und hochfunktionelle Fahrradweste verf\u00fcgt ausserdem \u00fcber ein elastisches Netz auf der R\u00fcckseite und geb\u00fcrstetes Fleece am Innenkragen f\u00fcr verbesserte Bel\u00fcftung und Komfort. L\u00e4sst sich leicht in der R\u00fcckentasche eines Fahrradtrikots verstauen. Ein Must-have, das eine schnelle Anpassung an wechselnde Wetterbedingungen erm\u00f6glicht.<\/p>\n<p>\u2022 Windsch\u00fctzendes und wasserabweisendes Gewebe auf der Vorderseite<br \/>\n\u2022 Elastisches Netzgewebe am R\u00fccken f\u00fcr verbesserte Bel\u00fcftung und eine optimale Passform<br \/>\n\u2022 Reflektierender Stoff vorne und an den Seiten<br \/>\n\u2022 Kann in der eigenen R\u00fcckentasche verstaut werden<br \/>\n\u2022 Leicht in der Trikottasche verstaubar<br \/>\n\u2022 Elastische Einfassung an der Unterseite<\/p>\n<p>Material: Front Body 100% Recycelter Polyester, Back Body 90% Polyamid, 10% Elastan<\/p>","protected":false},"excerpt":{"rendered":"<p>Die Adv Essence Lumen Wind West ist eine klassische Fahrradweste mit winddichter und wasserabweisender Vorderseite und reflektierendem Stoff vorne sowie an den Seiten. Diese leichte und hochfunktionelle Fahrradweste verf\u00fcgt ausserdem \u00fcber ein elastisches Netz auf der R\u00fcckseite und geb\u00fcrstetes Fleece am Innenkragen f\u00fcr verbesserte Bel\u00fcftung und Komfort. L\u00e4sst sich leicht in der R\u00fcckentasche eines Fahrradtrikots [&hellip;]<\/p>\n","protected":false},"featured_media":737572,"template":"","meta":[],"product_brand":[],"product_cat":[4208],"product_tag":[],"class_list":{"0":"post-737527","1":"product","2":"type-product","3":"status-publish","4":"has-post-thumbnail","6":"product_cat-westen","7":"pa_brand-craft","8":"pa_brand-type-sportswear","9":"pa_filter-color-gelb","11":"first","12":"instock","13":"sale","14":"taxable","15":"shipping-taxable","16":"purchasable","17":"product-type-variable","18":"add-to-wishlist-before_image"},"exclude_global_add_ons":[],"addons":[],"acf":[],"_links":{"self":[{"href":"https:\/\/shop.kustom.ch\/en\/wp-json\/wp\/v2\/product\/737527"}],"collection":[{"href":"https:\/\/shop.kustom.ch\/en\/wp-json\/wp\/v2\/product"}],"about":[{"href":"https:\/\/shop.kustom.ch\/en\/wp-json\/wp\/v2\/types\/product"}],"wp:featuredmedia":[{"embeddable":true,"href":"https:\/\/shop.kustom.ch\/en\/wp-json\/wp\/v2\/media\/737572"}],"wp:attachment":[{"href":"https:\/\/shop.kustom.ch\/en\/wp-json\/wp\/v2\/media?parent=737527"}],"wp:term":[{"taxonomy":"product_brand","embeddable":true,"href":"https:\/\/shop.kustom.ch\/en\/wp-json\/wp\/v2\/product_brand?post=737527"},{"taxonomy":"product_cat","embeddable":true,"href":"https:\/\/shop.kustom.ch\/en\/wp-json\/wp\/v2\/product_cat?post=737527"},{"taxonomy":"product_tag","embeddable":true,"href":"https:\/\/shop.kustom.ch\/en\/wp-json\/wp\/v2\/product_tag?post=737527"}],"curies":[{"name":"wp","href":"https:\/\/api.w.org\/{rel}","templated":true}]}}