{"id":737526,"date":"2026-04-16T09:41:15","date_gmt":"2026-04-16T08:41:15","guid":{"rendered":"https:\/\/shop.kustom.ch\/?post_type=product&#038;p=737526"},"modified":"2026-04-16T09:42:01","modified_gmt":"2026-04-16T08:42:01","slug":"essence-wool-necktube","status":"publish","type":"product","link":"https:\/\/shop.kustom.ch\/en\/product\/essence-wool-necktube\/","title":{"rendered":"Essence Wool neck tube"},"content":{"rendered":"<p>Die Essence Wool Necktube ist ein d\u00fcnnes Schlauchtuch, das f\u00fcr das Training und den t\u00e4glichen Gebrauch in der kalten Jahreszeit entwickelt wurde. Sein leichtes, elastisches Merinowollgewebe sorgt f\u00fcr hervorragende W\u00e4rme und eine bequeme Passform.<\/p>\n<p>- Thin and soft fabric made from merino wool (95 %) and elastane (5 %)<br \/>\n- Elasticated single-layer fabric<\/p>\n<p>Material: 95% Merinowolle, 5% Elastan<\/p>","protected":false},"excerpt":{"rendered":"<p>Die Essence Wool Necktube ist ein d\u00fcnnes Schlauchtuch, das f\u00fcr das Training und den t\u00e4glichen Gebrauch in der kalten Jahreszeit entwickelt wurde. Sein leichtes, elastisches Merinowollgewebe sorgt f\u00fcr hervorragende W\u00e4rme und eine bequeme Passform. \u2022 D\u00fcnner und weicher Stoff aus Merinowolle (95 %) und Elasthan (5 %) \u2022 Elastisches einlagiges Gewebe Material: 95% Merinowolle, 5% [&hellip;]<\/p>\n","protected":false},"featured_media":737565,"template":"","meta":[],"product_brand":[],"product_cat":[4209],"product_tag":[],"class_list":{"0":"post-737526","1":"product","2":"type-product","3":"status-publish","4":"has-post-thumbnail","6":"product_cat-zubehoer","7":"pa_brand-craft","8":"pa_brand-type-sportswear","9":"pa_filter-color-blau","10":"pa_filter-color-braun","11":"pa_filter-color-schwarz","13":"first","14":"instock","15":"sale","16":"taxable","17":"shipping-taxable","18":"purchasable","19":"product-type-variable","20":"add-to-wishlist-before_image"},"exclude_global_add_ons":[],"addons":[],"acf":[],"_links":{"self":[{"href":"https:\/\/shop.kustom.ch\/en\/wp-json\/wp\/v2\/product\/737526"}],"collection":[{"href":"https:\/\/shop.kustom.ch\/en\/wp-json\/wp\/v2\/product"}],"about":[{"href":"https:\/\/shop.kustom.ch\/en\/wp-json\/wp\/v2\/types\/product"}],"wp:featuredmedia":[{"embeddable":true,"href":"https:\/\/shop.kustom.ch\/en\/wp-json\/wp\/v2\/media\/737565"}],"wp:attachment":[{"href":"https:\/\/shop.kustom.ch\/en\/wp-json\/wp\/v2\/media?parent=737526"}],"wp:term":[{"taxonomy":"product_brand","embeddable":true,"href":"https:\/\/shop.kustom.ch\/en\/wp-json\/wp\/v2\/product_brand?post=737526"},{"taxonomy":"product_cat","embeddable":true,"href":"https:\/\/shop.kustom.ch\/en\/wp-json\/wp\/v2\/product_cat?post=737526"},{"taxonomy":"product_tag","embeddable":true,"href":"https:\/\/shop.kustom.ch\/en\/wp-json\/wp\/v2\/product_tag?post=737526"}],"curies":[{"name":"wp","href":"https:\/\/api.w.org\/{rel}","templated":true}]}}