{"id":737485,"date":"2026-04-16T09:40:45","date_gmt":"2026-04-16T08:40:45","guid":{"rendered":"https:\/\/shop.kustom.ch\/?post_type=product&#038;p=737485"},"modified":"2026-04-16T09:41:36","modified_gmt":"2026-04-16T08:41:36","slug":"subz-light-jacket-m","status":"publish","type":"product","link":"https:\/\/shop.kustom.ch\/en\/product\/subz-light-jacket-m\/","title":{"rendered":"SubZ Light Jacket M"},"content":{"rendered":"<p>The SubZ Light Jacket is a versatile training jacket with a hood and insulated front, designed for both cold weather workouts and everyday wear.<\/p>\n<p>This hooded jacket is made from lightweight, woven polyester fabric and features thin PrimaLoft insulation to keep you warm in cold and windy conditions. In addition, the soft jersey lining in the torso area ensures excellent function and improved warmth. The relaxed fit and casual design make this cold weather training jacket a versatile choice that is perfect for both intense training sessions and everyday wear.<\/p>\n<p>- Wind and water-repellent polyester with crinkle effect<br \/>\n- Thin, lightweight and brushed PrimaLoft insulation (20 g\/m\u00b2)<br \/>\n- Soft jersey lining in the torso area<br \/>\n- Concealed hood adjustment<br \/>\n- Loop on the outside of the neck to stow the hood<br \/>\n- Two concealed side pockets with zip fastener<br \/>\n- Reflective print on the front, back and sleeves<br \/>\n- Relaxed fit<\/p>\n<p>Material: Body 100% Recycled Polyamide, Lining Recycled Polyester, Padding Hood 100% Polyester<\/p>","protected":false},"excerpt":{"rendered":"<p>Das SubZ Light Jacket ist eine vielseitige Trainingsjacke mit Kapuze und isolierter Vorderseite, die sowohl f\u00fcr Workouts bei kaltem Wetter als auch f\u00fcr den Alltag konzipiert ist. Diese Kapuzenjacke ist aus leichtem, gewebtem Polyestergewebe gefertigt und verf\u00fcgt \u00fcber eine d\u00fcnne PrimaLoft-Isolierung, die Sie bei K\u00e4lte und Wind warm h\u00e4lt. Dar\u00fcber hinaus sorgt das weiche Jersey-Futter [&hellip;]<\/p>\n","protected":false},"featured_media":737525,"template":"","meta":[],"product_brand":[],"product_cat":[4186],"product_tag":[],"class_list":{"0":"post-737485","1":"product","2":"type-product","3":"status-publish","4":"has-post-thumbnail","6":"product_cat-jacken","7":"pa_brand-craft","8":"pa_brand-type-sportswear","9":"pa_filter-color-beige","10":"pa_filter-color-schwarz","11":"pa_filter-color-violet","13":"first","14":"instock","15":"sale","16":"taxable","17":"shipping-taxable","18":"purchasable","19":"product-type-variable","20":"add-to-wishlist-before_image"},"exclude_global_add_ons":[],"addons":[],"acf":[],"_links":{"self":[{"href":"https:\/\/shop.kustom.ch\/en\/wp-json\/wp\/v2\/product\/737485"}],"collection":[{"href":"https:\/\/shop.kustom.ch\/en\/wp-json\/wp\/v2\/product"}],"about":[{"href":"https:\/\/shop.kustom.ch\/en\/wp-json\/wp\/v2\/types\/product"}],"wp:featuredmedia":[{"embeddable":true,"href":"https:\/\/shop.kustom.ch\/en\/wp-json\/wp\/v2\/media\/737525"}],"wp:attachment":[{"href":"https:\/\/shop.kustom.ch\/en\/wp-json\/wp\/v2\/media?parent=737485"}],"wp:term":[{"taxonomy":"product_brand","embeddable":true,"href":"https:\/\/shop.kustom.ch\/en\/wp-json\/wp\/v2\/product_brand?post=737485"},{"taxonomy":"product_cat","embeddable":true,"href":"https:\/\/shop.kustom.ch\/en\/wp-json\/wp\/v2\/product_cat?post=737485"},{"taxonomy":"product_tag","embeddable":true,"href":"https:\/\/shop.kustom.ch\/en\/wp-json\/wp\/v2\/product_tag?post=737485"}],"curies":[{"name":"wp","href":"https:\/\/api.w.org\/{rel}","templated":true}]}}