{"id":737218,"date":"2026-04-16T09:38:10","date_gmt":"2026-04-16T08:38:10","guid":{"rendered":"https:\/\/shop.kustom.ch\/?post_type=product&#038;p=737218"},"modified":"2026-04-16T09:39:28","modified_gmt":"2026-04-16T08:39:28","slug":"core-essence-hat","status":"publish","type":"product","link":"https:\/\/shop.kustom.ch\/en\/product\/core-essence-hat\/","title":{"rendered":"CORE Essence Hat"},"content":{"rendered":"<p>The Core Essence Thermal Hat 2 is a lightweight and stretchy training hat made from recycled and brushed jersey for optimal warmth and comfort. The recycled polyester fabric also offers exceptional moisture-wicking properties to keep you dry and comfortable during training. This updated version features a fold-up design that allows for quick and easy adjustment to temperature changes and personal style preferences.<\/p>\n<p>- Soft, elasticated and brushed jersey made from recycled polyester<br \/>\n- Reflective logo on the front<br \/>\n- Collapsible design<\/p>\n<p>Material: 77% recycled polyester, 23% elastane<\/p>","protected":false},"excerpt":{"rendered":"<p>Der Core Essence Thermal Hat 2 ist eine leichte und elastische Trainingsm\u00fctze aus recyceltem und geb\u00fcrstetem Jersey f\u00fcr optimale W\u00e4rme und Komfort. Das recycelte Polyestergewebe bietet ausserdem aussergew\u00f6hnliche feuchtigkeitsableitende Eigenschaften, damit Sie beim Training trocken und komfortabel bleiben. Diese aktualisierte Version verf\u00fcgt \u00fcber ein hochklappbares Design, das eine schnelle und einfache Anpassung an Temperatur\u00e4nderungen und [&hellip;]<\/p>\n","protected":false},"featured_media":737293,"template":"","meta":[],"product_brand":[],"product_cat":[4177],"product_tag":[],"class_list":{"0":"post-737218","1":"product","2":"type-product","3":"status-publish","4":"has-post-thumbnail","6":"product_cat-caps-muetzen","7":"pa_brand-craft","8":"pa_brand-type-sportswear","9":"pa_filter-color-blau","10":"pa_filter-color-gelb","11":"pa_filter-color-gruen","12":"pa_filter-color-orange","13":"pa_filter-color-schwarz","14":"pa_filter-color-violet","15":"pa_filter-color-weiss","17":"first","18":"instock","19":"sale","20":"taxable","21":"shipping-taxable","22":"purchasable","23":"product-type-variable","24":"add-to-wishlist-before_image"},"exclude_global_add_ons":[],"addons":[],"acf":[],"_links":{"self":[{"href":"https:\/\/shop.kustom.ch\/en\/wp-json\/wp\/v2\/product\/737218"}],"collection":[{"href":"https:\/\/shop.kustom.ch\/en\/wp-json\/wp\/v2\/product"}],"about":[{"href":"https:\/\/shop.kustom.ch\/en\/wp-json\/wp\/v2\/types\/product"}],"wp:featuredmedia":[{"embeddable":true,"href":"https:\/\/shop.kustom.ch\/en\/wp-json\/wp\/v2\/media\/737293"}],"wp:attachment":[{"href":"https:\/\/shop.kustom.ch\/en\/wp-json\/wp\/v2\/media?parent=737218"}],"wp:term":[{"taxonomy":"product_brand","embeddable":true,"href":"https:\/\/shop.kustom.ch\/en\/wp-json\/wp\/v2\/product_brand?post=737218"},{"taxonomy":"product_cat","embeddable":true,"href":"https:\/\/shop.kustom.ch\/en\/wp-json\/wp\/v2\/product_cat?post=737218"},{"taxonomy":"product_tag","embeddable":true,"href":"https:\/\/shop.kustom.ch\/en\/wp-json\/wp\/v2\/product_tag?post=737218"}],"curies":[{"name":"wp","href":"https:\/\/api.w.org\/{rel}","templated":true}]}}