{"id":737192,"date":"2026-04-16T09:37:56","date_gmt":"2026-04-16T08:37:56","guid":{"rendered":"https:\/\/shop.kustom.ch\/?post_type=product&#038;p=737192"},"modified":"2026-04-16T09:38:31","modified_gmt":"2026-04-16T08:38:31","slug":"frequent-sweatshorts-m","status":"publish","type":"product","link":"https:\/\/shop.kustom.ch\/en\/product\/frequent-sweatshorts-m\/","title":{"rendered":"Frequent Sweatshorts M"},"content":{"rendered":"<p>Frequent Sweatshorts sind locker sitzende Shorts f\u00fcr den Alltag.<\/p>\n<p>Diese l\u00e4ssigen, vielseitigen Sweatshorts bestehen aus einem schweren Baumwollstoff mit Loopback und kleinen Schlaufen auf der R\u00fcckseite des Stoffes. Die Shorts verf\u00fcgen ausserdem \u00fcber einen Kordelzug in der Taille f\u00fcr eine verstellbare Passform, zwei praktische Seitentaschen und eine Ges\u00e4sstasche, sodass sie sowohl praktisch als auch stylisch sind und sich den ganzen Tag \u00fcber tragen lassen. Perfekt f\u00fcr das Branding mit Vereins-, Sponsoren- oder Firmenlogos.<\/p>\n<p>\u2022 Hergestellt aus 100 % Bio-Baumwolle (380 gsm)<br \/>\n\u2022 Loopback-Gewebe<br \/>\n- Elasticated waistband with adjustable drawstring<br \/>\n- Two side pockets with zip<br \/>\n\u2022 Ges\u00e4sstasche<br \/>\n- Relaxed fit<\/p>\n<p>Material: 100% organic cotton<\/p>","protected":false},"excerpt":{"rendered":"<p>Frequent Sweatshorts sind locker sitzende Shorts f\u00fcr den Alltag. Diese l\u00e4ssigen, vielseitigen Sweatshorts bestehen aus einem schweren Baumwollstoff mit Loopback und kleinen Schlaufen auf der R\u00fcckseite des Stoffes. Die Shorts verf\u00fcgen ausserdem \u00fcber einen Kordelzug in der Taille f\u00fcr eine verstellbare Passform, zwei praktische Seitentaschen und eine Ges\u00e4sstasche, sodass sie sowohl praktisch als auch stylisch [&hellip;]<\/p>\n","protected":false},"featured_media":737193,"template":"","meta":[],"product_brand":[],"product_cat":[4198],"product_tag":[],"class_list":{"0":"post-737192","1":"product","2":"type-product","3":"status-publish","4":"has-post-thumbnail","6":"product_cat-shorts","7":"pa_brand-craft","8":"pa_brand-type-sportswear","9":"pa_filter-color-blau","10":"pa_filter-color-schwarz","12":"first","13":"instock","14":"sale","15":"taxable","16":"shipping-taxable","17":"purchasable","18":"product-type-variable","19":"add-to-wishlist-before_image"},"exclude_global_add_ons":[],"addons":[],"acf":[],"_links":{"self":[{"href":"https:\/\/shop.kustom.ch\/en\/wp-json\/wp\/v2\/product\/737192"}],"collection":[{"href":"https:\/\/shop.kustom.ch\/en\/wp-json\/wp\/v2\/product"}],"about":[{"href":"https:\/\/shop.kustom.ch\/en\/wp-json\/wp\/v2\/types\/product"}],"wp:featuredmedia":[{"embeddable":true,"href":"https:\/\/shop.kustom.ch\/en\/wp-json\/wp\/v2\/media\/737193"}],"wp:attachment":[{"href":"https:\/\/shop.kustom.ch\/en\/wp-json\/wp\/v2\/media?parent=737192"}],"wp:term":[{"taxonomy":"product_brand","embeddable":true,"href":"https:\/\/shop.kustom.ch\/en\/wp-json\/wp\/v2\/product_brand?post=737192"},{"taxonomy":"product_cat","embeddable":true,"href":"https:\/\/shop.kustom.ch\/en\/wp-json\/wp\/v2\/product_cat?post=737192"},{"taxonomy":"product_tag","embeddable":true,"href":"https:\/\/shop.kustom.ch\/en\/wp-json\/wp\/v2\/product_tag?post=737192"}],"curies":[{"name":"wp","href":"https:\/\/api.w.org\/{rel}","templated":true}]}}