{"id":737048,"date":"2026-04-16T09:36:18","date_gmt":"2026-04-16T08:36:18","guid":{"rendered":"https:\/\/shop.kustom.ch\/?post_type=product&#038;p=737048"},"modified":"2026-04-16T09:37:34","modified_gmt":"2026-04-16T08:37:34","slug":"core-bike-subz-insulate-jacket-w","status":"publish","type":"product","link":"https:\/\/shop.kustom.ch\/en\/product\/core-bike-subz-insulate-jacket-w\/","title":{"rendered":"Core Bike SubZ Insulate Jacket W"},"content":{"rendered":"<p>Das Core SubZ Insulate Jacket ist eine isolierte Fahrradjacke, die auf Fahrten bei kaltem Wetter aussergew\u00f6hnliche W\u00e4rme und Funktionalit\u00e4t bietet.<\/p>\n<p>Diese bequeme Fahrradjacke besteht aus einem dreilagigen Softshell-Gewebe, das hervorragenden Wetterschutz bietet und mit einem Gitterfleece-Futter an Vorderseite und Schultern f\u00fcr verbesserte Isolierung und W\u00e4rme ausgestattet ist. Vier R\u00fcckentaschen bieten ausreichend Stauraum f\u00fcr Energieriegel, Handy, Schl\u00fcssel etc.<\/p>\n<p>\u2022 Wind- und wasserdichtes 3-Lagen-Softshell-Gewebe, WP 8\u2018000\/MVP 8\u2018000<br \/>\n\u2022 Gitterfleecefutter vorne und an den Schultern, aus 100 % recycelten Materialien<br \/>\n- Four back pockets (one with zip)<br \/>\n- Reflective prints and elements<br \/>\n\u2022 Silikon-Gripper am hinteren unteren Saum h\u00e4lt die Jacke an Ort und Stelle<br \/>\n- Normal cut<\/p>\n<p>Material: Body Face 100% Recycelter Polyester, Back 100% Polyurethan, LiningBack Body Lining inside sleeve 87% Recycelter Polyester, 13% Elastan, Lining Front Body Lining side panels Lining inside sleeve 95% Recycelter Polyester, 5% Elastan<\/p>","protected":false},"excerpt":{"rendered":"<p>Das Core SubZ Insulate Jacket ist eine isolierte Fahrradjacke, die auf Fahrten bei kaltem Wetter aussergew\u00f6hnliche W\u00e4rme und Funktionalit\u00e4t bietet. Diese bequeme Fahrradjacke besteht aus einem dreilagigen Softshell-Gewebe, das hervorragenden Wetterschutz bietet und mit einem Gitterfleece-Futter an Vorderseite und Schultern f\u00fcr verbesserte Isolierung und W\u00e4rme ausgestattet ist. Vier R\u00fcckentaschen bieten ausreichend Stauraum f\u00fcr Energieriegel, Handy, [&hellip;]<\/p>\n","protected":false},"featured_media":737130,"template":"","meta":[],"product_brand":[],"product_cat":[4186],"product_tag":[],"class_list":{"0":"post-737048","1":"product","2":"type-product","3":"status-publish","4":"has-post-thumbnail","6":"product_cat-jacken","7":"pa_brand-craft","8":"pa_brand-type-sportswear","9":"pa_filter-color-blau","10":"pa_filter-color-braun","12":"first","13":"instock","14":"sale","15":"taxable","16":"shipping-taxable","17":"purchasable","18":"product-type-variable","19":"add-to-wishlist-before_image"},"exclude_global_add_ons":[],"addons":[],"acf":[],"_links":{"self":[{"href":"https:\/\/shop.kustom.ch\/en\/wp-json\/wp\/v2\/product\/737048"}],"collection":[{"href":"https:\/\/shop.kustom.ch\/en\/wp-json\/wp\/v2\/product"}],"about":[{"href":"https:\/\/shop.kustom.ch\/en\/wp-json\/wp\/v2\/types\/product"}],"wp:featuredmedia":[{"embeddable":true,"href":"https:\/\/shop.kustom.ch\/en\/wp-json\/wp\/v2\/media\/737130"}],"wp:attachment":[{"href":"https:\/\/shop.kustom.ch\/en\/wp-json\/wp\/v2\/media?parent=737048"}],"wp:term":[{"taxonomy":"product_brand","embeddable":true,"href":"https:\/\/shop.kustom.ch\/en\/wp-json\/wp\/v2\/product_brand?post=737048"},{"taxonomy":"product_cat","embeddable":true,"href":"https:\/\/shop.kustom.ch\/en\/wp-json\/wp\/v2\/product_cat?post=737048"},{"taxonomy":"product_tag","embeddable":true,"href":"https:\/\/shop.kustom.ch\/en\/wp-json\/wp\/v2\/product_tag?post=737048"}],"curies":[{"name":"wp","href":"https:\/\/api.w.org\/{rel}","templated":true}]}}