{"id":737006,"date":"2026-04-16T09:35:57","date_gmt":"2026-04-16T08:35:57","guid":{"rendered":"https:\/\/shop.kustom.ch\/?post_type=product&#038;p=737006"},"modified":"2026-04-16T09:37:10","modified_gmt":"2026-04-16T08:37:10","slug":"urban-parka-w","status":"publish","type":"product","link":"https:\/\/shop.kustom.ch\/en\/product\/urban-parka-w\/","title":{"rendered":"Urban Parka W"},"content":{"rendered":"<p>The Urban Parka is a windproof and water-repellent parka for everyday wear with a classic design that allows you to face unpredictable weather with style.<\/p>\n<p>This stylish parka is made from a water-repellent and hard-wearing fabric and has taped seams in critical areas. It will keep you dry on wet autumn and winter days. For extra warmth in cold conditions, wear a mid-layer underneath. The parka also features an adjustable hood, large front pockets and a waist that can be adjusted for a customised fit and silhouette. Whether you're commuting through the city or exploring the great outdoors, this jacket will keep you well protected.<\/p>\n<p>- Water-repellent fabric made from recycled polyester and BCI cotton<br \/>\n- Welded seams in critical areas<br \/>\n- Hood with adjustable drawstring for optimum fit<br \/>\n- Adjustable drawstring at the waist<br \/>\n- Horizontal ventilation opening on the back<br \/>\n- Two large front pockets<br \/>\n- Inner breast pocket with zip<br \/>\n- Velcro fastener at the sleeve ends<br \/>\n- YKK zip fastener<br \/>\n- Normal cut<\/p>\n<p>Material: Body Face 65% Recycled Polyester, 35% Cotton, Body Back 100% Polyurethane, Lining 100% Recycled Polyamide<\/p>","protected":false},"excerpt":{"rendered":"<p>Der Urban Parka ist ein winddichter und wasserabweisender Parka f\u00fcr den Alltag mit klassischem Design, mit dem Sie unvorhersehbarem Wetter mit Stil begegnen k\u00f6nnen. Dieser stylische Parka besteht aus einem wasserabweisenden und strapazierf\u00e4higen Stoff und verf\u00fcgt \u00fcber versiegelte N\u00e4hte an kritischen Stellen. Er h\u00e4lt Sie an nassen Herbst- und Wintertagen trocken. F\u00fcr zus\u00e4tzliche W\u00e4rme bei [&hellip;]<\/p>\n","protected":false},"featured_media":737092,"template":"","meta":[],"product_brand":[],"product_cat":[4186],"product_tag":[],"class_list":{"0":"post-737006","1":"product","2":"type-product","3":"status-publish","4":"has-post-thumbnail","6":"product_cat-jacken","7":"pa_brand-craft","8":"pa_brand-type-sportswear","9":"pa_filter-color-beige","10":"pa_filter-color-blau","11":"pa_filter-color-schwarz","13":"first","14":"instock","15":"sale","16":"taxable","17":"shipping-taxable","18":"purchasable","19":"product-type-variable","20":"add-to-wishlist-before_image"},"exclude_global_add_ons":[],"addons":[],"acf":[],"_links":{"self":[{"href":"https:\/\/shop.kustom.ch\/en\/wp-json\/wp\/v2\/product\/737006"}],"collection":[{"href":"https:\/\/shop.kustom.ch\/en\/wp-json\/wp\/v2\/product"}],"about":[{"href":"https:\/\/shop.kustom.ch\/en\/wp-json\/wp\/v2\/types\/product"}],"wp:featuredmedia":[{"embeddable":true,"href":"https:\/\/shop.kustom.ch\/en\/wp-json\/wp\/v2\/media\/737092"}],"wp:attachment":[{"href":"https:\/\/shop.kustom.ch\/en\/wp-json\/wp\/v2\/media?parent=737006"}],"wp:term":[{"taxonomy":"product_brand","embeddable":true,"href":"https:\/\/shop.kustom.ch\/en\/wp-json\/wp\/v2\/product_brand?post=737006"},{"taxonomy":"product_cat","embeddable":true,"href":"https:\/\/shop.kustom.ch\/en\/wp-json\/wp\/v2\/product_cat?post=737006"},{"taxonomy":"product_tag","embeddable":true,"href":"https:\/\/shop.kustom.ch\/en\/wp-json\/wp\/v2\/product_tag?post=737006"}],"curies":[{"name":"wp","href":"https:\/\/api.w.org\/{rel}","templated":true}]}}