{"id":736960,"date":"2026-04-16T09:35:36","date_gmt":"2026-04-16T08:35:36","guid":{"rendered":"https:\/\/shop.kustom.ch\/?post_type=product&#038;p=736960"},"modified":"2026-04-16T09:35:55","modified_gmt":"2026-04-16T08:35:55","slug":"core-essence-mesh-singlet-w","status":"publish","type":"product","link":"https:\/\/shop.kustom.ch\/en\/product\/core-essence-mesh-singlet-w\/","title":{"rendered":"CORE Essence Mesh Singlet W"},"content":{"rendered":"<p>CORE Tone Mesh Singlet ist ein eng anliegendes Trainings-Singlet, das entwickelt wurde, um dich bei den meisten Trainingsarten unter warmen Bedingungen k\u00fchl und trocken zu halten. Weiches Mesh-Gewebe kombiniert mit nahtlosem Design f\u00fcr effiziente Bel\u00fcftung, grossen Feuchtigkeitstransport und optimalen Komfort. Details umfassen gerippten Ausschnitt und gerippte Armausschnitte.<\/p>\n<p>\u2022 Weiches Mesh-Material aus recyceltem Polyester und Elasthan<br \/>\n\u2022 Nahtloses Design<br \/>\n\u2022 Gerippter Ausschnitt<br \/>\n\u2022 Gerippte Arml\u00f6cher<br \/>\n- Tight fit<\/p>","protected":false},"excerpt":{"rendered":"<p>CORE Tone Mesh Singlet ist ein eng anliegendes Trainings-Singlet, das entwickelt wurde, um dich bei den meisten Trainingsarten unter warmen Bedingungen k\u00fchl und trocken zu halten. Weiches Mesh-Gewebe kombiniert mit nahtlosem Design f\u00fcr effiziente Bel\u00fcftung, grossen Feuchtigkeitstransport und optimalen Komfort. Details umfassen gerippten Ausschnitt und gerippte Armausschnitte. \u2022 Weiches Mesh-Material aus recyceltem Polyester und Elasthan [&hellip;]<\/p>\n","protected":false},"featured_media":736961,"template":"","meta":[],"product_brand":[],"product_cat":[4202],"product_tag":[],"class_list":{"0":"post-736960","1":"product","2":"type-product","3":"status-publish","4":"has-post-thumbnail","6":"product_cat-tank-tops","7":"pa_brand-craft","8":"pa_brand-type-sportswear","9":"pa_filter-color-blau","10":"pa_filter-color-pink","12":"first","13":"instock","14":"sale","15":"taxable","16":"shipping-taxable","17":"purchasable","18":"product-type-variable","19":"add-to-wishlist-before_image"},"exclude_global_add_ons":[],"addons":[],"acf":[],"_links":{"self":[{"href":"https:\/\/shop.kustom.ch\/en\/wp-json\/wp\/v2\/product\/736960"}],"collection":[{"href":"https:\/\/shop.kustom.ch\/en\/wp-json\/wp\/v2\/product"}],"about":[{"href":"https:\/\/shop.kustom.ch\/en\/wp-json\/wp\/v2\/types\/product"}],"wp:featuredmedia":[{"embeddable":true,"href":"https:\/\/shop.kustom.ch\/en\/wp-json\/wp\/v2\/media\/736961"}],"wp:attachment":[{"href":"https:\/\/shop.kustom.ch\/en\/wp-json\/wp\/v2\/media?parent=736960"}],"wp:term":[{"taxonomy":"product_brand","embeddable":true,"href":"https:\/\/shop.kustom.ch\/en\/wp-json\/wp\/v2\/product_brand?post=736960"},{"taxonomy":"product_cat","embeddable":true,"href":"https:\/\/shop.kustom.ch\/en\/wp-json\/wp\/v2\/product_cat?post=736960"},{"taxonomy":"product_tag","embeddable":true,"href":"https:\/\/shop.kustom.ch\/en\/wp-json\/wp\/v2\/product_tag?post=736960"}],"curies":[{"name":"wp","href":"https:\/\/api.w.org\/{rel}","templated":true}]}}