{"id":736822,"date":"2026-04-16T08:41:12","date_gmt":"2026-04-16T07:41:12","guid":{"rendered":"https:\/\/shop.kustom.ch\/?post_type=product&#038;p=736822"},"modified":"2026-04-16T08:41:38","modified_gmt":"2026-04-16T07:41:38","slug":"urban-jacket-m","status":"publish","type":"product","link":"https:\/\/shop.kustom.ch\/en\/product\/urban-jacket-m\/","title":{"rendered":"Urban Jacket M"},"content":{"rendered":"<p>Die Urban Jacket ist eine winddichte und wasserabweisende Alltagsjacke mit klassischem Design, mit der Sie unvorhersehbarem Wetter mit Stil begegnen.<\/p>\n<p>Diese stylische Jacke besteht aus einem wasserabweisenden und strapazierf\u00e4higen Stoff und verf\u00fcgt \u00fcber versiegelte N\u00e4hte an kritischen Stellen. Sie h\u00e4lt Sie an nassen Herbst- und Wintertagen trocken. F\u00fcr zus\u00e4tzliche W\u00e4rme bei kalten Bedingungen tragen Sie eine Zwischenschicht darunter. Die Jacke hat ausserdem eine verstellbare und abnehmbare Kapuze, mehrere praktische Taschen und einen Gummizug am unteren Saum. Egal, ob Sie durch die Stadt pendeln oder die Natur erkunden, mit dieser Jacke sind Sie bestens gesch\u00fctzt.<\/p>\n<p>- Water-repellent fabric made from recycled polyester and BCI cotton<br \/>\n- Welded seams in critical areas<br \/>\n\u2022 Abnehmbare Kapuze mit verstellbarem Kordelzug f\u00fcr optimale Passform<br \/>\n\u2022 Mehrere praktische Taschen<br \/>\n- Inner breast pocket with zip<br \/>\n- Velcro fastener at the sleeve ends<br \/>\n- YKK zip fastener<br \/>\n- Normal cut<\/p>\n<p>Material: Body Face 65% Recycled Polyester, 35% Cotton, Body Back 100% Polyurethane, Lining 100% Recycled Polyamide<\/p>","protected":false},"excerpt":{"rendered":"<p>Die Urban Jacket ist eine winddichte und wasserabweisende Alltagsjacke mit klassischem Design, mit der Sie unvorhersehbarem Wetter mit Stil begegnen. Diese stylische Jacke besteht aus einem wasserabweisenden und strapazierf\u00e4higen Stoff und verf\u00fcgt \u00fcber versiegelte N\u00e4hte an kritischen Stellen. Sie h\u00e4lt Sie an nassen Herbst- und Wintertagen trocken. F\u00fcr zus\u00e4tzliche W\u00e4rme bei kalten Bedingungen tragen Sie [&hellip;]<\/p>\n","protected":false},"featured_media":736829,"template":"","meta":[],"product_brand":[],"product_cat":[4186],"product_tag":[],"class_list":{"0":"post-736822","1":"product","2":"type-product","3":"status-publish","4":"has-post-thumbnail","6":"product_cat-jacken","7":"pa_brand-craft","8":"pa_brand-type-sportswear","9":"pa_filter-color-beige","10":"pa_filter-color-blau","11":"pa_filter-color-schwarz","13":"first","14":"instock","15":"sale","16":"taxable","17":"shipping-taxable","18":"purchasable","19":"product-type-variable","20":"add-to-wishlist-before_image"},"exclude_global_add_ons":[],"addons":[],"acf":[],"_links":{"self":[{"href":"https:\/\/shop.kustom.ch\/en\/wp-json\/wp\/v2\/product\/736822"}],"collection":[{"href":"https:\/\/shop.kustom.ch\/en\/wp-json\/wp\/v2\/product"}],"about":[{"href":"https:\/\/shop.kustom.ch\/en\/wp-json\/wp\/v2\/types\/product"}],"wp:featuredmedia":[{"embeddable":true,"href":"https:\/\/shop.kustom.ch\/en\/wp-json\/wp\/v2\/media\/736829"}],"wp:attachment":[{"href":"https:\/\/shop.kustom.ch\/en\/wp-json\/wp\/v2\/media?parent=736822"}],"wp:term":[{"taxonomy":"product_brand","embeddable":true,"href":"https:\/\/shop.kustom.ch\/en\/wp-json\/wp\/v2\/product_brand?post=736822"},{"taxonomy":"product_cat","embeddable":true,"href":"https:\/\/shop.kustom.ch\/en\/wp-json\/wp\/v2\/product_cat?post=736822"},{"taxonomy":"product_tag","embeddable":true,"href":"https:\/\/shop.kustom.ch\/en\/wp-json\/wp\/v2\/product_tag?post=736822"}],"curies":[{"name":"wp","href":"https:\/\/api.w.org\/{rel}","templated":true}]}}