{"id":736792,"date":"2026-04-16T08:40:48","date_gmt":"2026-04-16T07:40:48","guid":{"rendered":"https:\/\/shop.kustom.ch\/?post_type=product&#038;p=736792"},"modified":"2026-04-16T08:41:06","modified_gmt":"2026-04-16T07:41:06","slug":"core-essence-wind-jacket-w","status":"publish","type":"product","link":"https:\/\/shop.kustom.ch\/en\/product\/core-essence-wind-jacket-w\/","title":{"rendered":"CORE Essence Wind Jacket W"},"content":{"rendered":"<p>CORE Essence Wind Jacket ist eine windsch\u00fctzende Trainingsjacke, die sich sowohl f\u00fcr die meisten Trainingsarten als auch f\u00fcr den t\u00e4glichen Gebrauch hervorragend eignet.<\/p>\n<p>Diese vielseitige Windjacke wurde entwickelt, um Ihr Trainingserlebnis zu verbessern. Sie besteht aus einem leichten Polyestergewebe, das f\u00fcr einen effizienten Feuchtigkeitstransport sorgt und sicherstellt, dass Sie auch bei intensiven Trainingseinheiten k\u00fchl und trocken bleiben. Dar\u00fcber hinaus sch\u00fctzt das Gewebe durch seine winddichten Eigenschaften vor kaltem Fahrtwind und macht die Jacke so zum idealen Begleiter f\u00fcr Trainingseinheiten im Freien. Die Jacke verf\u00fcgt ausserdem \u00fcber einen elastischen Saum unten f\u00fcr einen sicheren Sitz und zwei Seitentaschen mit Reissverschluss zur sicheren Aufbewahrung wichtiger Alltagsgegenst\u00e4nde.<\/p>\n<p>\u2022 Leichtes, gewebtes und windsch\u00fctzendes Gewebe aus 60 % recyceltem Polyester<br \/>\n\u2022 Elastischer Saum unten<br \/>\n- Two side pockets with zip<br \/>\n- Normal cut<\/p>","protected":false},"excerpt":{"rendered":"<p>CORE Essence Wind Jacket ist eine windsch\u00fctzende Trainingsjacke, die sich sowohl f\u00fcr die meisten Trainingsarten als auch f\u00fcr den t\u00e4glichen Gebrauch hervorragend eignet. Diese vielseitige Windjacke wurde entwickelt, um Ihr Trainingserlebnis zu verbessern. Sie besteht aus einem leichten Polyestergewebe, das f\u00fcr einen effizienten Feuchtigkeitstransport sorgt und sicherstellt, dass Sie auch bei intensiven Trainingseinheiten k\u00fchl und [&hellip;]<\/p>\n","protected":false},"featured_media":736794,"template":"","meta":[],"product_brand":[],"product_cat":[4186],"product_tag":[],"class_list":{"0":"post-736792","1":"product","2":"type-product","3":"status-publish","4":"has-post-thumbnail","6":"product_cat-jacken","7":"pa_brand-craft","8":"pa_brand-type-sportswear","9":"pa_filter-color-blau","10":"pa_filter-color-orange","12":"first","13":"instock","14":"sale","15":"taxable","16":"shipping-taxable","17":"purchasable","18":"product-type-variable","19":"add-to-wishlist-before_image"},"exclude_global_add_ons":[],"addons":[],"acf":[],"_links":{"self":[{"href":"https:\/\/shop.kustom.ch\/en\/wp-json\/wp\/v2\/product\/736792"}],"collection":[{"href":"https:\/\/shop.kustom.ch\/en\/wp-json\/wp\/v2\/product"}],"about":[{"href":"https:\/\/shop.kustom.ch\/en\/wp-json\/wp\/v2\/types\/product"}],"wp:featuredmedia":[{"embeddable":true,"href":"https:\/\/shop.kustom.ch\/en\/wp-json\/wp\/v2\/media\/736794"}],"wp:attachment":[{"href":"https:\/\/shop.kustom.ch\/en\/wp-json\/wp\/v2\/media?parent=736792"}],"wp:term":[{"taxonomy":"product_brand","embeddable":true,"href":"https:\/\/shop.kustom.ch\/en\/wp-json\/wp\/v2\/product_brand?post=736792"},{"taxonomy":"product_cat","embeddable":true,"href":"https:\/\/shop.kustom.ch\/en\/wp-json\/wp\/v2\/product_cat?post=736792"},{"taxonomy":"product_tag","embeddable":true,"href":"https:\/\/shop.kustom.ch\/en\/wp-json\/wp\/v2\/product_tag?post=736792"}],"curies":[{"name":"wp","href":"https:\/\/api.w.org\/{rel}","templated":true}]}}