{"id":736655,"date":"2026-04-16T08:39:13","date_gmt":"2026-04-16T07:39:13","guid":{"rendered":"https:\/\/shop.kustom.ch\/?post_type=product&#038;p=736655"},"modified":"2026-04-16T08:40:21","modified_gmt":"2026-04-16T07:40:21","slug":"explore-padded-jacket-w","status":"publish","type":"product","link":"https:\/\/shop.kustom.ch\/en\/product\/explore-padded-jacket-w\/","title":{"rendered":"Explore Padded Jacket W"},"content":{"rendered":"<p>The Explore Padded Jacket is a warm, windproof and water-repellent jacket that provides excellent insulation and comfort for rugged outdoor activities.<\/p>\n<p>The highly functional jacket with high-performance PrimaLoft insulation and water-repellent outer material offers outstanding warmth and protection in cold and snowy conditions. The jacket also has a 3D mesh lining in the back for efficient ventilation, an adjustable hood and many practical pockets, including a ski pass pocket.<\/p>\n<p>- Windproof and water-repellent outer material with water-repellent finish (WP 8,000\/MVP 8,000)<br \/>\n- PrimaLoft insulation made from 100 % recycled polyester<br \/>\n- 3D mesh lining in the back<br \/>\n- Drawstring at the bottom for an adjustable fit<br \/>\n- Two side pockets with zip<br \/>\n- Chest pocket with zip<br \/>\n- Ski pass bag<br \/>\n- Two large inner mesh pockets for a map, extra gloves, etc.<br \/>\n- Inner breast pocket with zip<br \/>\n- Normal cut<\/p>\n<p>Material: Main 55% Polyester, 45% Recycled Polyester, Side Panels100% Recycled Polyester, Lining 100% Recycled Polyester, Padding 100% Recycled Polyester<\/p>","protected":false},"excerpt":{"rendered":"<p>Das Explore Padded Jacket ist eine warme, winddichte und wasserabweisende Jacke, die hervorragende Isolierung und Komfort f\u00fcr raue Outdoor-Aktivit\u00e4ten bietet. Die hochfunktionelle Jacke mit leistungsstarker PrimaLoft-Isolierung und wasserabweisendem Aussenmaterial bietet hervorragende W\u00e4rme und Schutz bei K\u00e4lte und Schnee. Die Jacke verf\u00fcgt ausserdem \u00fcber ein 3D- Netzfutter im R\u00fccken f\u00fcr effiziente Bel\u00fcftung, eine verstellbare Kapuze und [&hellip;]<\/p>\n","protected":false},"featured_media":736719,"template":"","meta":[],"product_brand":[],"product_cat":[4186],"product_tag":[],"class_list":{"0":"post-736655","1":"product","2":"type-product","3":"status-publish","4":"has-post-thumbnail","6":"product_cat-jacken","7":"pa_brand-craft","8":"pa_brand-type-sportswear","9":"pa_filter-color-blau","10":"pa_filter-color-schwarz","11":"pa_filter-color-violet","13":"first","14":"instock","15":"sale","16":"taxable","17":"shipping-taxable","18":"purchasable","19":"product-type-variable","20":"add-to-wishlist-before_image"},"exclude_global_add_ons":[],"addons":[],"acf":[],"_links":{"self":[{"href":"https:\/\/shop.kustom.ch\/en\/wp-json\/wp\/v2\/product\/736655"}],"collection":[{"href":"https:\/\/shop.kustom.ch\/en\/wp-json\/wp\/v2\/product"}],"about":[{"href":"https:\/\/shop.kustom.ch\/en\/wp-json\/wp\/v2\/types\/product"}],"wp:featuredmedia":[{"embeddable":true,"href":"https:\/\/shop.kustom.ch\/en\/wp-json\/wp\/v2\/media\/736719"}],"wp:attachment":[{"href":"https:\/\/shop.kustom.ch\/en\/wp-json\/wp\/v2\/media?parent=736655"}],"wp:term":[{"taxonomy":"product_brand","embeddable":true,"href":"https:\/\/shop.kustom.ch\/en\/wp-json\/wp\/v2\/product_brand?post=736655"},{"taxonomy":"product_cat","embeddable":true,"href":"https:\/\/shop.kustom.ch\/en\/wp-json\/wp\/v2\/product_cat?post=736655"},{"taxonomy":"product_tag","embeddable":true,"href":"https:\/\/shop.kustom.ch\/en\/wp-json\/wp\/v2\/product_tag?post=736655"}],"curies":[{"name":"wp","href":"https:\/\/api.w.org\/{rel}","templated":true}]}}