{"id":736533,"date":"2026-04-16T08:37:42","date_gmt":"2026-04-16T07:37:42","guid":{"rendered":"https:\/\/shop.kustom.ch\/?post_type=product&#038;p=736533"},"modified":"2026-04-16T10:42:07","modified_gmt":"2026-04-16T09:42:07","slug":"lumen-fleece-glove-2","status":"publish","type":"product","link":"https:\/\/shop.kustom.ch\/en\/product\/lumen-fleece-glove-2\/","title":{"rendered":"Lumen Fleece Glove 2"},"content":{"rendered":"<p>Der Lumen Fleece Glove 2 ist ein Funktionshandschuh mit reflektierenden Details, der f\u00fcr intensives Laufen bei kalten Bedingungen entwickelt wurde. Der Laufhandschuh besteht aus einem weichen und hochfunktionellen Jersey-Stoff und verf\u00fcgt \u00fcber einen reflektierenden Druck. Dar\u00fcber hinaus erm\u00f6glicht Touchscreen-kompatibles Gewebe an Zeigefinger und Daumen die einfache Nutzung von Smartphones und anderen Ger\u00e4ten, ohne den Handschuh ausziehen zu m\u00fcssen.<\/p>\n<p>- Soft and functional jersey fabric made from recycled polyester<br \/>\n- Reflective print<br \/>\n\u2022 Touchscreen-kompatibler Zeigefinger und Daumen<\/p>\n<p>Material: 88% Recycelter Polyester, 12% Elastan<\/p>","protected":false},"excerpt":{"rendered":"<p>Der Lumen Fleece Glove 2 ist ein Funktionshandschuh mit reflektierenden Details, der f\u00fcr intensives Laufen bei kalten Bedingungen entwickelt wurde. Der Laufhandschuh besteht aus einem weichen und hochfunktionellen Jersey-Stoff und verf\u00fcgt \u00fcber einen reflektierenden Druck. Dar\u00fcber hinaus erm\u00f6glicht Touchscreen-kompatibles Gewebe an Zeigefinger und Daumen die einfache Nutzung von Smartphones und anderen Ger\u00e4ten, ohne den Handschuh [&hellip;]<\/p>\n","protected":false},"featured_media":736589,"template":"","meta":[],"product_brand":[],"product_cat":[4180],"product_tag":[],"class_list":{"0":"post-736533","1":"product","2":"type-product","3":"status-publish","4":"has-post-thumbnail","6":"product_cat-handschuhe","7":"pa_brand-craft","8":"pa_brand-type-sportswear","9":"pa_filter-color-gelb","10":"pa_filter-color-schwarz","12":"first","13":"instock","14":"sale","15":"taxable","16":"shipping-taxable","17":"purchasable","18":"product-type-variable","19":"add-to-wishlist-before_image"},"exclude_global_add_ons":[],"addons":[],"acf":[],"_links":{"self":[{"href":"https:\/\/shop.kustom.ch\/en\/wp-json\/wp\/v2\/product\/736533"}],"collection":[{"href":"https:\/\/shop.kustom.ch\/en\/wp-json\/wp\/v2\/product"}],"about":[{"href":"https:\/\/shop.kustom.ch\/en\/wp-json\/wp\/v2\/types\/product"}],"wp:featuredmedia":[{"embeddable":true,"href":"https:\/\/shop.kustom.ch\/en\/wp-json\/wp\/v2\/media\/736589"}],"wp:attachment":[{"href":"https:\/\/shop.kustom.ch\/en\/wp-json\/wp\/v2\/media?parent=736533"}],"wp:term":[{"taxonomy":"product_brand","embeddable":true,"href":"https:\/\/shop.kustom.ch\/en\/wp-json\/wp\/v2\/product_brand?post=736533"},{"taxonomy":"product_cat","embeddable":true,"href":"https:\/\/shop.kustom.ch\/en\/wp-json\/wp\/v2\/product_cat?post=736533"},{"taxonomy":"product_tag","embeddable":true,"href":"https:\/\/shop.kustom.ch\/en\/wp-json\/wp\/v2\/product_tag?post=736533"}],"curies":[{"name":"wp","href":"https:\/\/api.w.org\/{rel}","templated":true}]}}