{"id":736531,"date":"2026-04-16T08:37:42","date_gmt":"2026-04-16T07:37:42","guid":{"rendered":"https:\/\/shop.kustom.ch\/?post_type=product&#038;p=736531"},"modified":"2026-04-16T08:38:30","modified_gmt":"2026-04-16T07:38:30","slug":"essence-wool-hat","status":"publish","type":"product","link":"https:\/\/shop.kustom.ch\/en\/product\/essence-wool-hat\/","title":{"rendered":"Essence Wool Hat"},"content":{"rendered":"<p>Der Essence Wool Hat ist eine d\u00fcnne Wollm\u00fctze, die f\u00fcr das Training und den t\u00e4glichen Gebrauch in der kalten Jahreszeit entwickelt wurde. Sein leichtes, elastisches Merinowollgewebe sorgt f\u00fcr hervorragende W\u00e4rme und eine bequeme Passform.<\/p>\n<p>- Thin and soft fabric made from merino wool (95 %) and elastane (5 %)<br \/>\n- Elasticated single-layer fabric<\/p>\n<p>Material: 95% merino wool, 5% elastane<\/p>","protected":false},"excerpt":{"rendered":"<p>Der Essence Wool Hat ist eine d\u00fcnne Wollm\u00fctze, die f\u00fcr das Training und den t\u00e4glichen Gebrauch in der kalten Jahreszeit entwickelt wurde. Sein leichtes, elastisches Merinowollgewebe sorgt f\u00fcr hervorragende W\u00e4rme und eine bequeme Passform. \u2022 D\u00fcnner und weicher Stoff aus Merinowolle (95 %) und Elasthan (5 %) \u2022 Elastisches einlagiges Gewebe Material: 95% Merinowolle, 5% [&hellip;]<\/p>\n","protected":false},"featured_media":736577,"template":"","meta":[],"product_brand":[],"product_cat":[4177],"product_tag":[],"class_list":{"0":"post-736531","1":"product","2":"type-product","3":"status-publish","4":"has-post-thumbnail","6":"product_cat-caps-muetzen","7":"pa_brand-craft","8":"pa_brand-type-sportswear","9":"pa_filter-color-schwarz","11":"first","12":"instock","13":"sale","14":"taxable","15":"shipping-taxable","16":"purchasable","17":"product-type-variable","18":"add-to-wishlist-before_image"},"exclude_global_add_ons":[],"addons":[],"acf":[],"_links":{"self":[{"href":"https:\/\/shop.kustom.ch\/en\/wp-json\/wp\/v2\/product\/736531"}],"collection":[{"href":"https:\/\/shop.kustom.ch\/en\/wp-json\/wp\/v2\/product"}],"about":[{"href":"https:\/\/shop.kustom.ch\/en\/wp-json\/wp\/v2\/types\/product"}],"wp:featuredmedia":[{"embeddable":true,"href":"https:\/\/shop.kustom.ch\/en\/wp-json\/wp\/v2\/media\/736577"}],"wp:attachment":[{"href":"https:\/\/shop.kustom.ch\/en\/wp-json\/wp\/v2\/media?parent=736531"}],"wp:term":[{"taxonomy":"product_brand","embeddable":true,"href":"https:\/\/shop.kustom.ch\/en\/wp-json\/wp\/v2\/product_brand?post=736531"},{"taxonomy":"product_cat","embeddable":true,"href":"https:\/\/shop.kustom.ch\/en\/wp-json\/wp\/v2\/product_cat?post=736531"},{"taxonomy":"product_tag","embeddable":true,"href":"https:\/\/shop.kustom.ch\/en\/wp-json\/wp\/v2\/product_tag?post=736531"}],"curies":[{"name":"wp","href":"https:\/\/api.w.org\/{rel}","templated":true}]}}