{"id":736470,"date":"2026-04-16T08:37:11","date_gmt":"2026-04-16T07:37:11","guid":{"rendered":"https:\/\/shop.kustom.ch\/?post_type=product&#038;p=736470"},"modified":"2026-04-16T08:37:24","modified_gmt":"2026-04-16T07:37:24","slug":"adv-essence-hydro-jacket-w","status":"publish","type":"product","link":"https:\/\/shop.kustom.ch\/en\/product\/adv-essence-hydro-jacket-w\/","title":{"rendered":"ADV Essence Hydro Jacket W"},"content":{"rendered":"<p>ADV Essence Hydro Jacket ist eine hochfunktionelle Jacke f\u00fcr intensives Training, Laufen und \u00e4hnliche Aktivit\u00e4ten bei nassen und windigen Bedingungen. <\/p>\n<p>Diese technisch fortschrittliche Trainingsjacke verf\u00fcgt \u00fcber ein 3-lagiges wasserdichtes und atmungsaktives Material aus recyceltem Polyester. Dar\u00fcber hinaus verf\u00fcgt die Jacke an kritischen Stellen \u00fcber verklebte N\u00e4hte f\u00fcr optimalen Wetterschutz. Die Trainingsjacke verf\u00fcgt zudem \u00fcber reflektierende Details sowie eine verstellbare Kapuze mit Visier.<\/p>\n<p>\u2022 3-lagiges Ventair\u00ae-Gewebe, wind- und wasserdicht laminiert, WP 10.000\/MVP 10.000<br \/>\n- Welded seams in critical areas<br \/>\n\u2022 Verstellbare Kapuze mit Visier zum Schutz vor Regen<br \/>\n- Two side pockets with zip<br \/>\n- Normal cut<\/p>","protected":false},"excerpt":{"rendered":"<p>ADV Essence Hydro Jacket ist eine hochfunktionelle Jacke f\u00fcr intensives Training, Laufen und \u00e4hnliche Aktivit\u00e4ten bei nassen und windigen Bedingungen. Diese technisch fortschrittliche Trainingsjacke verf\u00fcgt \u00fcber ein 3-lagiges wasserdichtes und atmungsaktives Material aus recyceltem Polyester. Dar\u00fcber hinaus verf\u00fcgt die Jacke an kritischen Stellen \u00fcber verklebte N\u00e4hte f\u00fcr optimalen Wetterschutz. Die Trainingsjacke verf\u00fcgt zudem \u00fcber reflektierende [&hellip;]<\/p>\n","protected":false},"featured_media":736471,"template":"","meta":[],"product_brand":[],"product_cat":[4186],"product_tag":[],"class_list":{"0":"post-736470","1":"product","2":"type-product","3":"status-publish","4":"has-post-thumbnail","6":"product_cat-jacken","7":"pa_brand-craft","8":"pa_brand-type-sportswear","9":"pa_filter-color-gruen","10":"pa_filter-color-schwarz","12":"first","13":"instock","14":"sale","15":"taxable","16":"shipping-taxable","17":"purchasable","18":"product-type-variable","19":"add-to-wishlist-before_image"},"exclude_global_add_ons":[],"addons":[],"acf":[],"_links":{"self":[{"href":"https:\/\/shop.kustom.ch\/en\/wp-json\/wp\/v2\/product\/736470"}],"collection":[{"href":"https:\/\/shop.kustom.ch\/en\/wp-json\/wp\/v2\/product"}],"about":[{"href":"https:\/\/shop.kustom.ch\/en\/wp-json\/wp\/v2\/types\/product"}],"wp:featuredmedia":[{"embeddable":true,"href":"https:\/\/shop.kustom.ch\/en\/wp-json\/wp\/v2\/media\/736471"}],"wp:attachment":[{"href":"https:\/\/shop.kustom.ch\/en\/wp-json\/wp\/v2\/media?parent=736470"}],"wp:term":[{"taxonomy":"product_brand","embeddable":true,"href":"https:\/\/shop.kustom.ch\/en\/wp-json\/wp\/v2\/product_brand?post=736470"},{"taxonomy":"product_cat","embeddable":true,"href":"https:\/\/shop.kustom.ch\/en\/wp-json\/wp\/v2\/product_cat?post=736470"},{"taxonomy":"product_tag","embeddable":true,"href":"https:\/\/shop.kustom.ch\/en\/wp-json\/wp\/v2\/product_tag?post=736470"}],"curies":[{"name":"wp","href":"https:\/\/api.w.org\/{rel}","templated":true}]}}