{"id":736390,"date":"2026-04-16T08:36:00","date_gmt":"2026-04-16T07:36:00","guid":{"rendered":"https:\/\/shop.kustom.ch\/?post_type=product&#038;p=736390"},"modified":"2026-04-16T10:42:20","modified_gmt":"2026-04-16T09:42:20","slug":"essence-mitten","status":"publish","type":"product","link":"https:\/\/shop.kustom.ch\/en\/product\/essence-mitten\/","title":{"rendered":"Essence centres"},"content":{"rendered":"<p>Essence Mitten ist ein vielseitiger Trainingsf\u00e4ustling aus geb\u00fcrstetem Jersey, kombiniert mit wasserabweisendem Stoff auf der R\u00fcckseite zum Schutz vor Wind und Regen. Zus\u00e4tzlich sorgt der Silikondruck in der Handfl\u00e4che f\u00fcr guten Halt. Eine ausgezeichnete Wahl f\u00fcr die meisten Trainingsarten bei kaltem Wetter. <\/p>\n<p>\u2022 Geb\u00fcrsteter Jerseystoff aus recyceltem Polyester<br \/>\n\u2022 Gitterstruktur auf der Innenseite<br \/>\n\u2022 Wasserabweisendes Aussenmaterial auf der R\u00fcckseite, WP 8\u2018000\/MVP 8\u2018000<br \/>\n\u2022 Silikondruck in der Handfl\u00e4che f\u00fcr verbesserten Griff<\/p>\n<p>Material: Backhand Face 100% Recycelter Polyester, Backhand Middle 100% Polyurethan, Backhand Back100% Polyester, Palm 88% Recycelter Polyester 12% Elastan, Lining upper back body 88% Recycelter Polyester, 12% Elastan<\/p>","protected":false},"excerpt":{"rendered":"<p>Essence Mitten ist ein vielseitiger Trainingsf\u00e4ustling aus geb\u00fcrstetem Jersey, kombiniert mit wasserabweisendem Stoff auf der R\u00fcckseite zum Schutz vor Wind und Regen. Zus\u00e4tzlich sorgt der Silikondruck in der Handfl\u00e4che f\u00fcr guten Halt. Eine ausgezeichnete Wahl f\u00fcr die meisten Trainingsarten bei kaltem Wetter. \u2022 Geb\u00fcrsteter Jerseystoff aus recyceltem Polyester \u2022 Gitterstruktur auf der Innenseite \u2022 Wasserabweisendes [&hellip;]<\/p>\n","protected":false},"featured_media":736430,"template":"","meta":[],"product_brand":[],"product_cat":[4180],"product_tag":[],"class_list":{"0":"post-736390","1":"product","2":"type-product","3":"status-publish","4":"has-post-thumbnail","6":"product_cat-handschuhe","7":"pa_brand-craft","8":"pa_brand-type-sportswear","9":"pa_filter-color-schwarz","11":"first","12":"instock","13":"sale","14":"taxable","15":"shipping-taxable","16":"purchasable","17":"product-type-variable","18":"add-to-wishlist-before_image"},"exclude_global_add_ons":[],"addons":[],"acf":[],"_links":{"self":[{"href":"https:\/\/shop.kustom.ch\/en\/wp-json\/wp\/v2\/product\/736390"}],"collection":[{"href":"https:\/\/shop.kustom.ch\/en\/wp-json\/wp\/v2\/product"}],"about":[{"href":"https:\/\/shop.kustom.ch\/en\/wp-json\/wp\/v2\/types\/product"}],"wp:featuredmedia":[{"embeddable":true,"href":"https:\/\/shop.kustom.ch\/en\/wp-json\/wp\/v2\/media\/736430"}],"wp:attachment":[{"href":"https:\/\/shop.kustom.ch\/en\/wp-json\/wp\/v2\/media?parent=736390"}],"wp:term":[{"taxonomy":"product_brand","embeddable":true,"href":"https:\/\/shop.kustom.ch\/en\/wp-json\/wp\/v2\/product_brand?post=736390"},{"taxonomy":"product_cat","embeddable":true,"href":"https:\/\/shop.kustom.ch\/en\/wp-json\/wp\/v2\/product_cat?post=736390"},{"taxonomy":"product_tag","embeddable":true,"href":"https:\/\/shop.kustom.ch\/en\/wp-json\/wp\/v2\/product_tag?post=736390"}],"curies":[{"name":"wp","href":"https:\/\/api.w.org\/{rel}","templated":true}]}}