{"id":736259,"date":"2026-04-16T08:34:49","date_gmt":"2026-04-16T07:34:49","guid":{"rendered":"https:\/\/shop.kustom.ch\/?post_type=product&#038;p=736259"},"modified":"2026-04-16T08:35:09","modified_gmt":"2026-04-16T07:35:09","slug":"adv-essence-hydro-jacket-m","status":"publish","type":"product","link":"https:\/\/shop.kustom.ch\/en\/product\/adv-essence-hydro-jacket-m\/","title":{"rendered":"ADV Essence Hydro Jacket M"},"content":{"rendered":"<p>Jacke f\u00fcr intensives Training, L\u00e4ufe und \u00e4hnliche sportliche Aktivit\u00e4ten bei schlechtem Wetter. Aus atmungsaktivem, wasserfestem 3-Lagen-Recycling-Material mit verschweissten N\u00e4hten an den am st\u00e4rksten der Witterung ausgesetzten Stellen, verstellbarer Kapuze mit Blende und reflektierenden Elementen.<br \/>\n- Normal fit<br \/>\n\u2022 Wind- und wasserfestes, laminiertes 3-Lagen-Material Ventair\u00ae 10\u00a0000\u00a0WP\/10\u00a0000\u00a0MVP<br \/>\n\u2022 Verschweisste N\u00e4hte an den am st\u00e4rksten der Witterung ausgesetzten Stellen<br \/>\n\u2022 Verstellbare Kapuze mit Regenblende<br \/>\n- Two side pockets with zip<\/p>\n<p>Material: Vorne 100% Polyester, Mitte 100% Polyurethan, R\u00fcckseite 100% Polyester<\/p>","protected":false},"excerpt":{"rendered":"<p>Jacke f\u00fcr intensives Training, L\u00e4ufe und \u00e4hnliche sportliche Aktivit\u00e4ten bei schlechtem Wetter. Aus atmungsaktivem, wasserfestem 3-Lagen-Recycling-Material mit verschweissten N\u00e4hten an den am st\u00e4rksten der Witterung ausgesetzten Stellen, verstellbarer Kapuze mit Blende und reflektierenden Elementen. \u2022 Normale Passform \u2022 Wind- und wasserfestes, laminiertes 3-Lagen-Material Ventair\u00ae 10\u00a0000\u00a0WP\/10\u00a0000\u00a0MVP \u2022 Verschweisste N\u00e4hte an den am st\u00e4rksten der Witterung ausgesetzten [&hellip;]<\/p>\n","protected":false},"featured_media":736261,"template":"","meta":[],"product_brand":[],"product_cat":[4186],"product_tag":[],"class_list":{"0":"post-736259","1":"product","2":"type-product","3":"status-publish","4":"has-post-thumbnail","6":"product_cat-jacken","7":"pa_brand-craft","8":"pa_brand-type-sportswear","9":"pa_filter-color-blau","10":"pa_filter-color-schwarz","11":"pa_filter-color-violet","13":"first","14":"instock","15":"sale","16":"taxable","17":"shipping-taxable","18":"purchasable","19":"product-type-variable","20":"add-to-wishlist-before_image"},"exclude_global_add_ons":[],"addons":[],"acf":[],"_links":{"self":[{"href":"https:\/\/shop.kustom.ch\/en\/wp-json\/wp\/v2\/product\/736259"}],"collection":[{"href":"https:\/\/shop.kustom.ch\/en\/wp-json\/wp\/v2\/product"}],"about":[{"href":"https:\/\/shop.kustom.ch\/en\/wp-json\/wp\/v2\/types\/product"}],"wp:featuredmedia":[{"embeddable":true,"href":"https:\/\/shop.kustom.ch\/en\/wp-json\/wp\/v2\/media\/736261"}],"wp:attachment":[{"href":"https:\/\/shop.kustom.ch\/en\/wp-json\/wp\/v2\/media?parent=736259"}],"wp:term":[{"taxonomy":"product_brand","embeddable":true,"href":"https:\/\/shop.kustom.ch\/en\/wp-json\/wp\/v2\/product_brand?post=736259"},{"taxonomy":"product_cat","embeddable":true,"href":"https:\/\/shop.kustom.ch\/en\/wp-json\/wp\/v2\/product_cat?post=736259"},{"taxonomy":"product_tag","embeddable":true,"href":"https:\/\/shop.kustom.ch\/en\/wp-json\/wp\/v2\/product_tag?post=736259"}],"curies":[{"name":"wp","href":"https:\/\/api.w.org\/{rel}","templated":true}]}}