{"id":736228,"date":"2026-04-16T08:34:32","date_gmt":"2026-04-16T07:34:32","guid":{"rendered":"https:\/\/shop.kustom.ch\/?post_type=product&#038;p=736228"},"modified":"2026-04-16T08:34:45","modified_gmt":"2026-04-16T07:34:45","slug":"everyday-wool-ss-jersey-m","status":"publish","type":"product","link":"https:\/\/shop.kustom.ch\/en\/product\/everyday-wool-ss-jersey-m\/","title":{"rendered":"Everyday Wool SS Jersey M"},"content":{"rendered":"<p>Everyday Wool SS Jersey ist ein kurz\u00e4rmeliges Biketrikot, das sowohl als Aussenschicht bei milderen Temperaturen als auch als Zwischenschicht unter einer Bikejacke bei k\u00fchleren Bedingungen funktioniert.<\/p>\n<p>Dieses vielseitige Radtrikot verf\u00fcgt \u00fcber ein weiches, elastisches Material aus Merinowolle und recyceltem Polyester. Die Merinowolle spendet W\u00e4rme, w\u00e4hrend der Polyester f\u00fcr einen effizienten Feuchtigkeitstransport sorgt. Zus\u00e4tzlich verf\u00fcgt das Kleidungsst\u00fcck \u00fcber vier Ges\u00e4sstaschen und einen elastischen Silikongreifer am hinteren unteren Saum f\u00fcr einen sicheren Sitz. Entwickelt f\u00fcr alle Arten von Radfahren.<\/p>\n<p>- Soft, elasticated fabric made from recycled polyester and merino wool<br \/>\n- 20 % Merino wool<br \/>\n\u2022 Gewebte Eins\u00e4tze an Hals und Taschen f\u00fcr verbesserte Haltbarkeit<br \/>\n- Four back pockets (one with zip)<br \/>\n\u2022 Elastischer Gripper mit Silikonprint am hinteren Saum h\u00e4lt das Trikot an Ort und Stelle<br \/>\n- Normal cut<\/p>","protected":false},"excerpt":{"rendered":"<p>Everyday Wool SS Jersey ist ein kurz\u00e4rmeliges Biketrikot, das sowohl als Aussenschicht bei milderen Temperaturen als auch als Zwischenschicht unter einer Bikejacke bei k\u00fchleren Bedingungen funktioniert. Dieses vielseitige Radtrikot verf\u00fcgt \u00fcber ein weiches, elastisches Material aus Merinowolle und recyceltem Polyester. Die Merinowolle spendet W\u00e4rme, w\u00e4hrend der Polyester f\u00fcr einen effizienten Feuchtigkeitstransport sorgt. Zus\u00e4tzlich verf\u00fcgt das [&hellip;]<\/p>\n","protected":false},"featured_media":700072,"template":"","meta":[],"product_brand":[],"product_cat":[4201],"product_tag":[],"class_list":{"0":"post-736228","1":"product","2":"type-product","3":"status-publish","4":"has-post-thumbnail","6":"product_cat-t-shirts","7":"pa_brand-craft","8":"pa_brand-type-sportswear","9":"pa_filter-color-blau","10":"pa_filter-color-violet","12":"first","13":"instock","14":"sale","15":"taxable","16":"shipping-taxable","17":"purchasable","18":"product-type-variable","19":"add-to-wishlist-before_image"},"exclude_global_add_ons":[],"addons":[],"acf":[],"_links":{"self":[{"href":"https:\/\/shop.kustom.ch\/en\/wp-json\/wp\/v2\/product\/736228"}],"collection":[{"href":"https:\/\/shop.kustom.ch\/en\/wp-json\/wp\/v2\/product"}],"about":[{"href":"https:\/\/shop.kustom.ch\/en\/wp-json\/wp\/v2\/types\/product"}],"wp:featuredmedia":[{"embeddable":true,"href":"https:\/\/shop.kustom.ch\/en\/wp-json\/wp\/v2\/media\/700072"}],"wp:attachment":[{"href":"https:\/\/shop.kustom.ch\/en\/wp-json\/wp\/v2\/media?parent=736228"}],"wp:term":[{"taxonomy":"product_brand","embeddable":true,"href":"https:\/\/shop.kustom.ch\/en\/wp-json\/wp\/v2\/product_brand?post=736228"},{"taxonomy":"product_cat","embeddable":true,"href":"https:\/\/shop.kustom.ch\/en\/wp-json\/wp\/v2\/product_cat?post=736228"},{"taxonomy":"product_tag","embeddable":true,"href":"https:\/\/shop.kustom.ch\/en\/wp-json\/wp\/v2\/product_tag?post=736228"}],"curies":[{"name":"wp","href":"https:\/\/api.w.org\/{rel}","templated":true}]}}