{"id":736141,"date":"2026-04-16T08:33:23","date_gmt":"2026-04-16T07:33:23","guid":{"rendered":"https:\/\/shop.kustom.ch\/?post_type=product&#038;p=736141"},"modified":"2026-04-16T08:34:09","modified_gmt":"2026-04-16T07:34:09","slug":"core-essence-headband","status":"publish","type":"product","link":"https:\/\/shop.kustom.ch\/en\/product\/core-essence-headband\/","title":{"rendered":"CORE Essence Headband"},"content":{"rendered":"<p>Das Core Essence Thermal Headband 2 ist ein leichtes und elastisches Trainingsstirnband aus recyceltem und geb\u00fcrstetem Jersey f\u00fcr optimale W\u00e4rme und Komfort. Das recycelte Polyestergewebe bietet ausserdem aussergew\u00f6hnliche feuchtigkeitsableitende Eigenschaften, damit Sie beim Training trocken und komfortabel bleiben.<\/p>\n<p>- Soft, elasticated and brushed jersey made from recycled polyester<br \/>\n- Reflective logo on the front<\/p>\n<p>Material: 77% recycled polyester, 23% elastane<\/p>","protected":false},"excerpt":{"rendered":"<p>Das Core Essence Thermal Headband 2 ist ein leichtes und elastisches Trainingsstirnband aus recyceltem und geb\u00fcrstetem Jersey f\u00fcr optimale W\u00e4rme und Komfort. Das recycelte Polyestergewebe bietet ausserdem aussergew\u00f6hnliche feuchtigkeitsableitende Eigenschaften, damit Sie beim Training trocken und komfortabel bleiben. \u2022 Weicher, elastischer und geb\u00fcrsteter Jersey aus recyceltem Polyester \u2022 Reflektierendes Logo auf der Vorderseite Material: 77% [&hellip;]<\/p>\n","protected":false},"featured_media":736194,"template":"","meta":[],"product_brand":[],"product_cat":[4177],"product_tag":[],"class_list":{"0":"post-736141","1":"product","2":"type-product","3":"status-publish","4":"has-post-thumbnail","6":"product_cat-caps-muetzen","7":"pa_brand-craft","8":"pa_brand-type-sportswear","9":"pa_filter-color-blau","10":"pa_filter-color-gruen","11":"pa_filter-color-schwarz","13":"first","14":"instock","15":"sale","16":"taxable","17":"shipping-taxable","18":"purchasable","19":"product-type-variable","20":"add-to-wishlist-before_image"},"exclude_global_add_ons":[],"addons":[],"acf":[],"_links":{"self":[{"href":"https:\/\/shop.kustom.ch\/en\/wp-json\/wp\/v2\/product\/736141"}],"collection":[{"href":"https:\/\/shop.kustom.ch\/en\/wp-json\/wp\/v2\/product"}],"about":[{"href":"https:\/\/shop.kustom.ch\/en\/wp-json\/wp\/v2\/types\/product"}],"wp:featuredmedia":[{"embeddable":true,"href":"https:\/\/shop.kustom.ch\/en\/wp-json\/wp\/v2\/media\/736194"}],"wp:attachment":[{"href":"https:\/\/shop.kustom.ch\/en\/wp-json\/wp\/v2\/media?parent=736141"}],"wp:term":[{"taxonomy":"product_brand","embeddable":true,"href":"https:\/\/shop.kustom.ch\/en\/wp-json\/wp\/v2\/product_brand?post=736141"},{"taxonomy":"product_cat","embeddable":true,"href":"https:\/\/shop.kustom.ch\/en\/wp-json\/wp\/v2\/product_cat?post=736141"},{"taxonomy":"product_tag","embeddable":true,"href":"https:\/\/shop.kustom.ch\/en\/wp-json\/wp\/v2\/product_tag?post=736141"}],"curies":[{"name":"wp","href":"https:\/\/api.w.org\/{rel}","templated":true}]}}