{"id":736140,"date":"2026-04-16T08:33:23","date_gmt":"2026-04-16T07:33:23","guid":{"rendered":"https:\/\/shop.kustom.ch\/?post_type=product&#038;p=736140"},"modified":"2026-04-16T08:34:07","modified_gmt":"2026-04-16T07:34:07","slug":"lumen-fleece-hat-2","status":"publish","type":"product","link":"https:\/\/shop.kustom.ch\/en\/product\/lumen-fleece-hat-2\/","title":{"rendered":"Lumen Fleece Hat 2"},"content":{"rendered":"<p>Der Lumen Fleece Hat 2 ist eine funktionelle Trainingsm\u00fctze mit reflektierenden Elementen, die f\u00fcr intensives Laufen bei kalten Bedingungen entwickelt wurde. Die M\u00fctze ist aus weichem und hochfunktionellem Jersey gefertigt und verf\u00fcgt \u00fcber perforiertes Reflektorgewebe auf der Vorderseite und reflektierenden Aufdruck auf der R\u00fcckseite. Diese aktualisierte Version verf\u00fcgt \u00fcber ein hochklappbares Design, das eine schnelle und einfache Anpassung an Temperatur\u00e4nderungen und pers\u00f6nliche Stilvorlieben erm\u00f6glicht.<\/p>\n<p>\u2022 Weicher und hochfunktioneller Jerseystoff aus recyceltem Polyester<br \/>\n\u2022 Perforiertes reflektierendes Gewebe auf der Vorderseite<br \/>\n\u2022 Reflektierender Aufdruck auf der R\u00fcckseite<br \/>\n- Collapsible design<br \/>\n- Tight fit<\/p>\n<p>Material: 88% Recycelter Polyester, 12% Elastan<\/p>","protected":false},"excerpt":{"rendered":"<p>Der Lumen Fleece Hat 2 ist eine funktionelle Trainingsm\u00fctze mit reflektierenden Elementen, die f\u00fcr intensives Laufen bei kalten Bedingungen entwickelt wurde. Die M\u00fctze ist aus weichem und hochfunktionellem Jersey gefertigt und verf\u00fcgt \u00fcber perforiertes Reflektorgewebe auf der Vorderseite und reflektierenden Aufdruck auf der R\u00fcckseite. Diese aktualisierte Version verf\u00fcgt \u00fcber ein hochklappbares Design, das eine schnelle [&hellip;]<\/p>\n","protected":false},"featured_media":736180,"template":"","meta":[],"product_brand":[],"product_cat":[4177],"product_tag":[],"class_list":{"0":"post-736140","1":"product","2":"type-product","3":"status-publish","4":"has-post-thumbnail","6":"product_cat-caps-muetzen","7":"pa_brand-craft","8":"pa_brand-type-sportswear","9":"pa_filter-color-gelb","10":"pa_filter-color-grau","11":"pa_filter-color-schwarz","13":"first","14":"instock","15":"sale","16":"taxable","17":"shipping-taxable","18":"purchasable","19":"product-type-variable","20":"add-to-wishlist-before_image"},"exclude_global_add_ons":[],"addons":[],"acf":[],"_links":{"self":[{"href":"https:\/\/shop.kustom.ch\/en\/wp-json\/wp\/v2\/product\/736140"}],"collection":[{"href":"https:\/\/shop.kustom.ch\/en\/wp-json\/wp\/v2\/product"}],"about":[{"href":"https:\/\/shop.kustom.ch\/en\/wp-json\/wp\/v2\/types\/product"}],"wp:featuredmedia":[{"embeddable":true,"href":"https:\/\/shop.kustom.ch\/en\/wp-json\/wp\/v2\/media\/736180"}],"wp:attachment":[{"href":"https:\/\/shop.kustom.ch\/en\/wp-json\/wp\/v2\/media?parent=736140"}],"wp:term":[{"taxonomy":"product_brand","embeddable":true,"href":"https:\/\/shop.kustom.ch\/en\/wp-json\/wp\/v2\/product_brand?post=736140"},{"taxonomy":"product_cat","embeddable":true,"href":"https:\/\/shop.kustom.ch\/en\/wp-json\/wp\/v2\/product_cat?post=736140"},{"taxonomy":"product_tag","embeddable":true,"href":"https:\/\/shop.kustom.ch\/en\/wp-json\/wp\/v2\/product_tag?post=736140"}],"curies":[{"name":"wp","href":"https:\/\/api.w.org\/{rel}","templated":true}]}}