{"id":736139,"date":"2026-04-16T08:33:23","date_gmt":"2026-04-16T07:33:23","guid":{"rendered":"https:\/\/shop.kustom.ch\/?post_type=product&#038;p=736139"},"modified":"2026-04-16T08:33:43","modified_gmt":"2026-04-16T07:33:43","slug":"urban-padded-parka-m","status":"publish","type":"product","link":"https:\/\/shop.kustom.ch\/en\/product\/urban-padded-parka-m\/","title":{"rendered":"Urban Padded Parka M"},"content":{"rendered":"<p>Der Urban Padded Parka ist ein isolierter Parka, der Sie bei wirklich kalten Winterbedingungen warm und gem\u00fctlich h\u00e4lt. Mit seinem minimalistischen Design l\u00e4sst er sich m\u00fchelos zwischen l\u00e4ssigen Winterspazierg\u00e4ngen und formelleren Anl\u00e4ssen kombinieren.<\/p>\n<p>Dieser stylische Kaltwetterparka besteht aus einem wasserabweisenden und strapazierf\u00e4higen Stoff und verf\u00fcgt \u00fcber eine Polyesterisolierung, die Sie an nassen Herbst- und Wintertagen warm und trocken h\u00e4lt. Dar\u00fcber hinaus verf\u00fcgt der Parka \u00fcber versiegelte N\u00e4hte an kritischen Stellen, zwei ger\u00e4umige Fronttaschen, eine verstellbare Kapuze und eine verstellbare Taille f\u00fcr optimale Passform und Silhouette. Eine l\u00e4ngere Passform bietet zus\u00e4tzlichen Schutz.<\/p>\n<p>\u2022 Wasserabweisendes Obermaterial aus recyceltem Polyester und BCI-Baumwolle<br \/>\n\u2022 Isolierung aus recyceltem Polyester<br \/>\n- Welded seams in critical areas<br \/>\n- Two large front pockets<br \/>\n- Inner breast pocket with zip<br \/>\n- Adjustable hood<br \/>\n\u2022 Verstellbare B\u00e4nder an der Taille<br \/>\n- Elasticated cuffs with thumb holes<br \/>\n\u2022 Seitliche Schlitze mit Druckknopf unten f\u00fcr mehr Bewegungsfreiheit<br \/>\n\u2022 YKK 2-Wege-Reissverschluss<br \/>\n\u2022 H\u00fcftlanger Schnitt<br \/>\n- Normal cut<\/p>\n<p>Material: Main Face 65% Recycelter Polyester 35% Baumwolle, Main Back 100% Polyurethan, Padding 100% Recycelter Polyester, Lining 100% Recycelter Polyester<\/p>","protected":false},"excerpt":{"rendered":"<p>Der Urban Padded Parka ist ein isolierter Parka, der Sie bei wirklich kalten Winterbedingungen warm und gem\u00fctlich h\u00e4lt. Mit seinem minimalistischen Design l\u00e4sst er sich m\u00fchelos zwischen l\u00e4ssigen Winterspazierg\u00e4ngen und formelleren Anl\u00e4ssen kombinieren. Dieser stylische Kaltwetterparka besteht aus einem wasserabweisenden und strapazierf\u00e4higen Stoff und verf\u00fcgt \u00fcber eine Polyesterisolierung, die Sie an nassen Herbst- und Wintertagen [&hellip;]<\/p>\n","protected":false},"featured_media":736143,"template":"","meta":[],"product_brand":[],"product_cat":[4186],"product_tag":[],"class_list":{"0":"post-736139","1":"product","2":"type-product","3":"status-publish","4":"has-post-thumbnail","6":"product_cat-jacken","7":"pa_brand-craft","8":"pa_brand-type-sportswear","9":"pa_filter-color-beige","10":"pa_filter-color-blau","11":"pa_filter-color-schwarz","13":"first","14":"instock","15":"sale","16":"taxable","17":"shipping-taxable","18":"purchasable","19":"product-type-variable","20":"add-to-wishlist-before_image"},"exclude_global_add_ons":[],"addons":[],"acf":[],"_links":{"self":[{"href":"https:\/\/shop.kustom.ch\/en\/wp-json\/wp\/v2\/product\/736139"}],"collection":[{"href":"https:\/\/shop.kustom.ch\/en\/wp-json\/wp\/v2\/product"}],"about":[{"href":"https:\/\/shop.kustom.ch\/en\/wp-json\/wp\/v2\/types\/product"}],"wp:featuredmedia":[{"embeddable":true,"href":"https:\/\/shop.kustom.ch\/en\/wp-json\/wp\/v2\/media\/736143"}],"wp:attachment":[{"href":"https:\/\/shop.kustom.ch\/en\/wp-json\/wp\/v2\/media?parent=736139"}],"wp:term":[{"taxonomy":"product_brand","embeddable":true,"href":"https:\/\/shop.kustom.ch\/en\/wp-json\/wp\/v2\/product_brand?post=736139"},{"taxonomy":"product_cat","embeddable":true,"href":"https:\/\/shop.kustom.ch\/en\/wp-json\/wp\/v2\/product_cat?post=736139"},{"taxonomy":"product_tag","embeddable":true,"href":"https:\/\/shop.kustom.ch\/en\/wp-json\/wp\/v2\/product_tag?post=736139"}],"curies":[{"name":"wp","href":"https:\/\/api.w.org\/{rel}","templated":true}]}}