{"id":735996,"date":"2026-04-16T08:31:33","date_gmt":"2026-04-16T07:31:33","guid":{"rendered":"https:\/\/shop.kustom.ch\/?post_type=product&#038;p=735996"},"modified":"2026-04-16T08:32:30","modified_gmt":"2026-04-16T07:32:30","slug":"explore-power-fleece-headband","status":"publish","type":"product","link":"https:\/\/shop.kustom.ch\/en\/product\/explore-power-fleece-headband\/","title":{"rendered":"Explore Power Fleece Headband"},"content":{"rendered":"<p>Das Explore Power Fleece Neck Headband ist ein besonders weiches und stark isolierendes Kleidungsst\u00fcck, das die Garderobe eines jeden Outdoor-Enthusiasten vielseitig erg\u00e4nzt und f\u00fcr W\u00e4rme und Komfort bei rauen Winterbedingungen sorgt.<\/p>\n<p>Dieses funktionelle Stirnband besteht aus einem dehnbaren Fleecestoff mit aussergew\u00f6hnlichen W\u00e4rmespeicherungs- und Atmungsaktivit\u00e4tseigenschaften. Das weiche Fleecematerial speichert die W\u00e4rme nahe am K\u00f6rper und l\u00e4sst gleichzeitig Feuchtigkeit und Schweiss entweichen. So bleiben Kopf und Ohren bei Outdoor-Aktivit\u00e4ten bei kaltem Wetter warm und trocken. <\/p>\n<p>\u2022 Weiches und dehnbares Powerfleece aus recyceltem Polyester und Elasthan (245 g\/m\u00b2)<br \/>\n\u2022 Geb\u00fcrstete R\u00fcckseite f\u00fcr verbesserten Komfort und isolierende Eigenschaften<br \/>\n\u2022 Gesticktes Logo vorne in der Mitte<br \/>\n- Tight fit<\/p>\n<p>Material: 94% Recycelter Polyester, 6% Elastan<\/p>","protected":false},"excerpt":{"rendered":"<p>Das Explore Power Fleece Neck Headband ist ein besonders weiches und stark isolierendes Kleidungsst\u00fcck, das die Garderobe eines jeden Outdoor-Enthusiasten vielseitig erg\u00e4nzt und f\u00fcr W\u00e4rme und Komfort bei rauen Winterbedingungen sorgt. Dieses funktionelle Stirnband besteht aus einem dehnbaren Fleecestoff mit aussergew\u00f6hnlichen W\u00e4rmespeicherungs- und Atmungsaktivit\u00e4tseigenschaften. Das weiche Fleecematerial speichert die W\u00e4rme nahe am K\u00f6rper und l\u00e4sst [&hellip;]<\/p>\n","protected":false},"featured_media":736042,"template":"","meta":[],"product_brand":[],"product_cat":[4177],"product_tag":[],"class_list":{"0":"post-735996","1":"product","2":"type-product","3":"status-publish","4":"has-post-thumbnail","6":"product_cat-caps-muetzen","7":"pa_brand-craft","8":"pa_brand-type-sportswear","9":"pa_filter-color-schwarz","11":"first","12":"instock","13":"sale","14":"taxable","15":"shipping-taxable","16":"purchasable","17":"product-type-variable","18":"add-to-wishlist-before_image"},"exclude_global_add_ons":[],"addons":[],"acf":[],"_links":{"self":[{"href":"https:\/\/shop.kustom.ch\/en\/wp-json\/wp\/v2\/product\/735996"}],"collection":[{"href":"https:\/\/shop.kustom.ch\/en\/wp-json\/wp\/v2\/product"}],"about":[{"href":"https:\/\/shop.kustom.ch\/en\/wp-json\/wp\/v2\/types\/product"}],"wp:featuredmedia":[{"embeddable":true,"href":"https:\/\/shop.kustom.ch\/en\/wp-json\/wp\/v2\/media\/736042"}],"wp:attachment":[{"href":"https:\/\/shop.kustom.ch\/en\/wp-json\/wp\/v2\/media?parent=735996"}],"wp:term":[{"taxonomy":"product_brand","embeddable":true,"href":"https:\/\/shop.kustom.ch\/en\/wp-json\/wp\/v2\/product_brand?post=735996"},{"taxonomy":"product_cat","embeddable":true,"href":"https:\/\/shop.kustom.ch\/en\/wp-json\/wp\/v2\/product_cat?post=735996"},{"taxonomy":"product_tag","embeddable":true,"href":"https:\/\/shop.kustom.ch\/en\/wp-json\/wp\/v2\/product_tag?post=735996"}],"curies":[{"name":"wp","href":"https:\/\/api.w.org\/{rel}","templated":true}]}}